{"id":962,"date":"2022-08-16T10:34:05","date_gmt":"2022-08-16T08:34:05","guid":{"rendered":"https:\/\/www.aryabikini.com\/?post_type=product&#038;p=962"},"modified":"2024-08-26T20:50:46","modified_gmt":"2024-08-26T18:50:46","slug":"competition-jewerly-twiggs-earrings","status":"publish","type":"product","link":"https:\/\/www.aryabikini.com\/sk\/produkt\/sutaz-jewerly-twiggs-earrings\/","title":{"rendered":"S\u00fa\u0165a\u017en\u00fd \u0161perk - n\u00e1u\u0161nice Twiggs"},"content":{"rendered":"<p>Pevne ver\u00edme, \u017ee s t\u00fdmito \u010di in\u00fdmi n\u00e1u\u0161nicami z na\u0161ej <a href=\"https:\/\/www.aryabikini.com\/sk\/product-category\/arya-accessories\/competition-jewerly\/\">Kolekcie \u0161perkov Arya<\/a> za\u017eiarite. Ak sa V\u00e1m na\u0161e n\u00e1u\u0161nice p\u00e1\u010dia, nezabudnite si pozrie\u0165 aj na\u0161e Arya boxy. N\u00e1jdete v nich to najd\u00f4le\u017eitej\u0161ie pre Va\u0161e bud\u00face s\u00fa\u0165a\u017ee v bikiny fitness, za t\u00fa najv\u00fdhodnej\u0161iu cenu.<\/p>\n<p>Vezmite si so sebou na s\u00fa\u0165a\u017e tieto mimoriadne p\u00f4vabn\u00e9 n\u00e1u\u0161nice a vyhrajte. S na\u0161imi n\u00e1u\u0161nicami v\u00fdborne lad\u00ed na\u0161a kolekcia fitness s\u00fa\u0165a\u017en\u00fdch podp\u00e4tkov \u010di na\u0161e s\u00fa\u0165a\u017en\u00e9 bikiny.<\/p>\n<p>S\u00fa\u0165a\u017en\u00e9 \u0161perky s\u00fa tak d\u00f4le\u017eit\u00fdm doplnkom, \u017ee by ste nikdy nemali podce\u0148ova\u0165 ich silu. Mali by ste na s\u00fa\u0165a\u017e nazera\u0165 ako na celok, budete toti\u017e prezentova\u0165 cel\u00e9 svoje ja, vr\u00e1tane svojej osobnosti, nielen svoje telo. \u010castokr\u00e1t s\u00fa to pr\u00e1ve detaily, na ktor\u00fdch pritom najviac z\u00e1le\u017e\u00ed. Sme presved\u010den\u00ed, \u017ee na\u0161e s\u00fa\u0165a\u017en\u00e9 n\u00e1u\u0161nice prines\u00fa ka\u017edej z V\u00e1s ten najdokonalej\u0161\u00ed z\u00e1vere\u010dn\u00fd vzh\u013ead na javisku.<\/p>\n<p>&nbsp;<\/p>","protected":false},"excerpt":{"rendered":"<p>\u0160perky s\u00fa \u010fal\u0161\u00edm d\u00f4le\u017eit\u00fdm prvkom, ktor\u00fd dotv\u00e1ra V\u00e1\u0161 kone\u010dn\u00fd vzh\u013ead na p\u00f3diu. Vyberajte ich m\u00fadro, preto\u017ee spr\u00e1vne vybran\u00fd \u0161perk V\u00e1\u0161 vzh\u013ead vylep\u0161\u00ed, no nespr\u00e1vny \u0161perk ho m\u00f4\u017ee pokazi\u0165. Pon\u00fakame strieborn\u00e9 aj zlat\u00e9 \u0161perky pre ka\u017ed\u00fd odtie\u0148 pleti. S t\u00fdmto druhom s\u00fa\u0165a\u017en\u00fdch \u0161perkov nem\u00f4\u017eete urobi\u0165 chybu. Je to evergreen a \u010doskoro pochop\u00edte pre\u010do. Dali sme si z\u00e1le\u017ea\u0165 na tom, aby v\u0161etky na\u0161e \u0161perky boli elegantn\u00e9, luxusn\u00e9 a z\u00e1rove\u0148 cenovo dostupn\u00e9.\n\nNa\u0161e s\u00fa\u0165a\u017en\u00e9 \u0161perky prirodzene odr\u00e1\u017eaj\u00fa svetlo, v\u010faka \u010domu budete na p\u00f3diu \u017eiari\u0165. S\u00fa ide\u00e1lnym doplnkom na ak\u00e9ko\u013evek p\u00f3diov\u00e9 vyst\u00fapenie.<\/p>\n<p>&nbsp;<\/p>","protected":false},"featured_media":955,"comment_status":"open","ping_status":"closed","template":"","meta":{"_acf_changed":false},"product_brand":[],"product_cat":[40,32],"product_tag":[],"class_list":{"0":"post-962","1":"product","2":"type-product","3":"status-publish","4":"has-post-thumbnail","6":"product_cat-competition-jewerly","7":"product_cat-arya-accessories","8":"tm-no-options","10":"first","11":"instock","12":"shipping-taxable","13":"purchasable","14":"product-type-simple"},"acf":[],"jetpack_sharing_enabled":true,"_links":{"self":[{"href":"https:\/\/www.aryabikini.com\/sk\/wp-json\/wp\/v2\/product\/962","targetHints":{"allow":["GET"]}}],"collection":[{"href":"https:\/\/www.aryabikini.com\/sk\/wp-json\/wp\/v2\/product"}],"about":[{"href":"https:\/\/www.aryabikini.com\/sk\/wp-json\/wp\/v2\/types\/product"}],"replies":[{"embeddable":true,"href":"https:\/\/www.aryabikini.com\/sk\/wp-json\/wp\/v2\/comments?post=962"}],"wp:featuredmedia":[{"embeddable":true,"href":"https:\/\/www.aryabikini.com\/sk\/wp-json\/wp\/v2\/media\/955"}],"wp:attachment":[{"href":"https:\/\/www.aryabikini.com\/sk\/wp-json\/wp\/v2\/media?parent=962"}],"wp:term":[{"taxonomy":"product_brand","embeddable":true,"href":"https:\/\/www.aryabikini.com\/sk\/wp-json\/wp\/v2\/product_brand?post=962"},{"taxonomy":"product_cat","embeddable":true,"href":"https:\/\/www.aryabikini.com\/sk\/wp-json\/wp\/v2\/product_cat?post=962"},{"taxonomy":"product_tag","embeddable":true,"href":"https:\/\/www.aryabikini.com\/sk\/wp-json\/wp\/v2\/product_tag?post=962"}],"curies":[{"name":"wp","href":"https:\/\/api.w.org\/{rel}","templated":true}]}}