{"id":947,"date":"2022-08-15T15:42:25","date_gmt":"2022-08-15T13:42:25","guid":{"rendered":"https:\/\/www.aryabikini.com\/?post_type=product&#038;p=947"},"modified":"2024-08-26T20:51:11","modified_gmt":"2024-08-26T18:51:11","slug":"detangler-brush-navy-goldstone","status":"publish","type":"product","link":"https:\/\/www.aryabikini.com\/sk\/produkt\/detangler-brush-navy-goldstone\/","title":{"rendered":"Kefa na roz\u010des\u00e1vanie - Navy goldstone"},"content":{"rendered":"<p>Kefa na roz\u010des\u00e1vanie vlasov od spolo\u010dnosti Arya vyu\u017e\u00edva jednu z najlep\u0161\u00edch technol\u00f3gi\u00ed roz\u010des\u00e1vania vlasov v kombin\u00e1ci\u00ed s inovat\u00edvnym dizajnom. V\u010faka takmer 300 flexibiln\u00fdm \u0161tetin\u00e1m bude t\u00e1to kefa po Va\u0161ich vlasoch k\u013aza\u0165 bez ak\u00e9hoko\u013evek nepohodlia.<\/p>\n<p>Je to ide\u00e1lna vec na cesty, ktor\u00fa m\u00f4\u017eete nosi\u0165 so sebou kdeko\u013evek, v\u010faka jej \u00fa\u017easn\u00e9mu rozmeru a skladnosti. Zmest\u00ed sa doslova do ka\u017edej ta\u0161ky. \nV\u0161etky kefy Arya sa zhoduj\u00fa s na\u0161ou celou fitness kolekciou, \u010do znamen\u00e1, \u017ee s\u00fa rovnako n\u00e1dherne trblietav\u00e9 ako na\u0161e p\u00f3zovacie podp\u00e4tky, \u010di s\u00fa\u0165a\u017en\u00e9 bikiny.<\/p>\n<p class=\"translation-block\">M\u00f4\u017eete si vybra\u0165 z troch r\u00f4znych <a href=\"https:\/\/www.aryabikini.com\/sk\/product-category\/arya-accessories\/detangler-brush\/\" target=\"_self\">farebn\u00fdch variantov<\/a>. A nakoniec, v\u0161etky \u0161tetce Arya zodpovedaj\u00fa na\u0161ej celkovej kolekcii, a to znamen\u00e1, \u017ee trblietky s\u00fa v\u0161ade.<\/p>\n<p>&nbsp;<\/p>\n<p>&nbsp;<\/p>","protected":false},"excerpt":{"rendered":"<p>Kefa na vlasy je s\u00fa\u010das\u0165ou na\u0161ej kolekcie, preto\u017ee je to ka\u017edodenn\u00e1 nevyhnutnos\u0165. Nemohli sme odola\u0165 a do na\u0161ej ponuky v\u00fdrobkov Arya sme pridali t\u00fato trblietav\u00fa trblietav\u00fa kefu na vlasy, preto\u017ee teraz m\u00f4\u017eete svoje fitness bikiny, f\u013ea\u0161u a v\u0161etko ostatn\u00e9 zladi\u0165 s t\u00fdmito roztomil\u00fdmi kefami.<\/p>","protected":false},"featured_media":948,"comment_status":"open","ping_status":"closed","template":"","meta":{"_acf_changed":false},"product_brand":[],"product_cat":[46,32],"product_tag":[],"class_list":{"0":"post-947","1":"product","2":"type-product","3":"status-publish","4":"has-post-thumbnail","6":"product_cat-detangler-brush","7":"product_cat-arya-accessories","8":"tm-no-options","10":"first","11":"instock","12":"shipping-taxable","13":"purchasable","14":"product-type-simple"},"acf":[],"jetpack_sharing_enabled":true,"_links":{"self":[{"href":"https:\/\/www.aryabikini.com\/sk\/wp-json\/wp\/v2\/product\/947","targetHints":{"allow":["GET"]}}],"collection":[{"href":"https:\/\/www.aryabikini.com\/sk\/wp-json\/wp\/v2\/product"}],"about":[{"href":"https:\/\/www.aryabikini.com\/sk\/wp-json\/wp\/v2\/types\/product"}],"replies":[{"embeddable":true,"href":"https:\/\/www.aryabikini.com\/sk\/wp-json\/wp\/v2\/comments?post=947"}],"wp:featuredmedia":[{"embeddable":true,"href":"https:\/\/www.aryabikini.com\/sk\/wp-json\/wp\/v2\/media\/948"}],"wp:attachment":[{"href":"https:\/\/www.aryabikini.com\/sk\/wp-json\/wp\/v2\/media?parent=947"}],"wp:term":[{"taxonomy":"product_brand","embeddable":true,"href":"https:\/\/www.aryabikini.com\/sk\/wp-json\/wp\/v2\/product_brand?post=947"},{"taxonomy":"product_cat","embeddable":true,"href":"https:\/\/www.aryabikini.com\/sk\/wp-json\/wp\/v2\/product_cat?post=947"},{"taxonomy":"product_tag","embeddable":true,"href":"https:\/\/www.aryabikini.com\/sk\/wp-json\/wp\/v2\/product_tag?post=947"}],"curies":[{"name":"wp","href":"https:\/\/api.w.org\/{rel}","templated":true}]}}