{"id":891,"date":"2022-08-15T15:16:16","date_gmt":"2022-08-15T13:16:16","guid":{"rendered":"https:\/\/www.aryabikini.com\/?post_type=product&#038;p=891"},"modified":"2024-08-29T18:02:58","modified_gmt":"2024-08-29T16:02:58","slug":"competition-bikini-shadow-fuchsia-bikini-welness-fitness","status":"publish","type":"product","link":"https:\/\/www.aryabikini.com\/sk\/produkt\/sutaz-bikiny-tien-fuchsiova-bikiny-welness-fitness\/","title":{"rendered":"S\u00fa\u0165a\u017en\u00e9 bikiny - Shadow Fuchsia - Bikiny\/Welness fitness"},"content":{"rendered":"<p>Na\u0161e s\u00fa\u0165a\u017en\u00e9 bikiny sa m\u00f4\u017eu pochv\u00e1li\u0165 na dotyk m\u00e4kkou \u00fapravou, \u010do vytv\u00e1ra pr\u00edjemn\u00fd pocit pri nosen\u00ed, to v\u0161etko v\u010faka \u0161peci\u00e1lnym kr\u00e1tkym vl\u00e1knam. S\u00fa\u0165a\u017en\u00e9 bikiny Arya s\u00fa z\u00e1rove\u0148 kr\u00e1sne \u017eiariv\u00e9 v\u010faka kry\u0161t\u00e1likom, ktor\u00e9 perfektne odr\u00e1\u017eaj\u00fa svetlo.  Pracujeme najm\u00e4 so zamatom najvy\u0161\u0161ej kvality, aby sme vytvorili ten najluxusnej\u0161\u00ed vzh\u013ead bik\u00edn. Dokonal\u00e9 pr\u00e9miov\u00e9 s\u00fa\u0165a\u017en\u00e9 bikiny n\u00e1jdete pr\u00e1ve tu. U\u017e nemus\u00edte \u010falej h\u013eada\u0165. S\u00fa\u0165a\u017en\u00e9 bikiny vytv\u00e1rame takmer pre ka\u017ed\u00fa kateg\u00f3riu IFBB. Kvalita je spolu s Va\u0161ou spokojnos\u0165ou na\u0161ou najvy\u0161\u0161ou prioritou.<\/p>\n<p class=\"translation-block\">Ka\u017ed\u00fd kri\u0161t\u00e1\u013e a kame\u0148 pred pripevnen\u00edm na bikiny starostlivo spracujeme. Ka\u017ed\u00fd kry\u0161t\u00e1l je ru\u010dne pripevnen\u00fd na va\u0161e jedine\u010dn\u00e9 bikiny. Pracujeme s kry\u0161t\u00e1lmi v\u0161etk\u00fdch farieb. Na\u0161e kamienky maj\u00fa okr\u00fahly tvar, preto\u017ee pod\u013ea na\u0161ich osobn\u00fdch sk\u00fasenost\u00ed je tento tvar najlep\u0161ou vo\u013ebou pre ak\u00e9ko\u013evek s\u00fa\u0165a\u017en\u00e9 bikiny. Rob\u00edme v\u0161etko pre to, aby sme v\u0161etk\u00fdm na\u0161im z\u00e1kazn\u00edkom poskytli dokonal\u00e9 p\u00f3zovacie bikiny. <span class=\"Apple-converted-space\">Ak si chcete pozrie\u0165 cel\u00fa na\u0161u \u00fa\u017easn\u00fa kolekciu, sta\u010d\u00ed klikn\u00fa\u0165 na <a href=\"https:\/\/www.aryabikini.com\/sk\/product-category\/competition-bikini\/\" target=\"_self\">tuto<\/a>.<\/span> Na\u0161a kolekcia nielen dobre vyzer\u00e1, ale je tie\u017e vyroben\u00e1 tak, aby vytvorila dokonal\u00fd tvar pre va\u0161e telo.<\/p>\n<p>Rob\u00edme v\u0161etko pre to, aby sme v\u0161etk\u00fdm na\u0161im z\u00e1kazn\u00edkom poskytli dokonal\u00e9 s\u00fa\u0165a\u017en\u00e9 bikiny. Ak si chcete objedna\u0165 na\u0161e bikiny Arya, po\u0161lite n\u00e1m svoje osobn\u00e9 miery. Potvrd\u00edme V\u00e1m, \u010di ste si vybrali spr\u00e1vnu ve\u013ekos\u0165 pod\u013ea Va\u0161ich mier. Vypl\u0148te pros\u00edm pole \"Va\u0161e miery\".<\/p>","protected":false},"excerpt":{"rendered":"<p>This soft-to-touch finish creates a product comfortable for wearing, very snugly and shiny thanks to its short fibre piles. We especially work with the highest quality velvet to create the most luxurious look. This is the perfect premium competition bikini that you have been looking for. Do not forget we create competition bikinis for almost [&hellip;]<\/p>\n","protected":false},"featured_media":436,"comment_status":"open","ping_status":"closed","template":"","meta":{"_acf_changed":false},"product_brand":[],"product_cat":[26,25],"product_tag":[],"class_list":{"0":"post-891","1":"product","2":"type-product","3":"status-publish","4":"has-post-thumbnail","6":"product_cat-bikini-fitness","7":"product_cat-competition-bikini","8":"tm-has-options","10":"first","11":"instock","12":"shipping-taxable","13":"purchasable","14":"product-type-simple"},"acf":[],"jetpack_sharing_enabled":true,"_links":{"self":[{"href":"https:\/\/www.aryabikini.com\/sk\/wp-json\/wp\/v2\/product\/891","targetHints":{"allow":["GET"]}}],"collection":[{"href":"https:\/\/www.aryabikini.com\/sk\/wp-json\/wp\/v2\/product"}],"about":[{"href":"https:\/\/www.aryabikini.com\/sk\/wp-json\/wp\/v2\/types\/product"}],"replies":[{"embeddable":true,"href":"https:\/\/www.aryabikini.com\/sk\/wp-json\/wp\/v2\/comments?post=891"}],"wp:featuredmedia":[{"embeddable":true,"href":"https:\/\/www.aryabikini.com\/sk\/wp-json\/wp\/v2\/media\/436"}],"wp:attachment":[{"href":"https:\/\/www.aryabikini.com\/sk\/wp-json\/wp\/v2\/media?parent=891"}],"wp:term":[{"taxonomy":"product_brand","embeddable":true,"href":"https:\/\/www.aryabikini.com\/sk\/wp-json\/wp\/v2\/product_brand?post=891"},{"taxonomy":"product_cat","embeddable":true,"href":"https:\/\/www.aryabikini.com\/sk\/wp-json\/wp\/v2\/product_cat?post=891"},{"taxonomy":"product_tag","embeddable":true,"href":"https:\/\/www.aryabikini.com\/sk\/wp-json\/wp\/v2\/product_tag?post=891"}],"curies":[{"name":"wp","href":"https:\/\/api.w.org\/{rel}","templated":true}]}}