{"id":2754,"date":"2024-03-16T20:39:03","date_gmt":"2024-03-16T19:39:03","guid":{"rendered":"https:\/\/www.aryabikini.com\/?post_type=product&#038;p=2754"},"modified":"2026-02-13T17:02:15","modified_gmt":"2026-02-13T16:02:15","slug":"custom-competition-earrings","status":"publish","type":"product","link":"https:\/\/www.aryabikini.com\/sk\/produkt\/vlastne-sutazne-nausnice\/","title":{"rendered":"S\u00fa\u0165a\u017en\u00e9 n\u00e1u\u0161nice na mieru"},"content":{"rendered":"<p>Pevne ver\u00edme, \u017ee s t\u00fdmito \u010di in\u00fdmi n\u00e1u\u0161nicami z na\u0161ej\u00a0<a href=\"https:\/\/www.aryabikini.com\/sk\/product-category\/arya-accessories\/competition-jewerly\/\">Kolekcie \u0161perkov Arya<\/a>\u00a0za\u017eiarite. Ak sa V\u00e1m na\u0161e n\u00e1u\u0161nice p\u00e1\u010dia, nezabudnite si pozrie\u0165 aj na\u0161e Arya boxy. N\u00e1jdete v nich to najd\u00f4le\u017eitej\u0161ie pre Va\u0161e bud\u00face s\u00fa\u0165a\u017ee v bikiny fitness, za t\u00fa najv\u00fdhodnej\u0161iu cenu.<\/p>\n<p>Vezmite si so sebou na s\u00fa\u0165a\u017e tieto mimoriadne p\u00f4vabn\u00e9 n\u00e1u\u0161nice a vyhrajte. S na\u0161imi n\u00e1u\u0161nicami v\u00fdborne lad\u00ed na\u0161a kolekcia fitness s\u00fa\u0165a\u017en\u00fdch podp\u00e4tkov \u010di na\u0161e s\u00fa\u0165a\u017en\u00e9 bikiny.<\/p>\n<p>S\u00fa\u0165a\u017en\u00e9 \u0161perky s\u00fa tak d\u00f4le\u017eit\u00fdm doplnkom, \u017ee by ste nikdy nemali podce\u0148ova\u0165 ich silu. Mali by ste na s\u00fa\u0165a\u017e nazera\u0165 ako na celok, budete toti\u017e prezentova\u0165 cel\u00e9 svoje ja, vr\u00e1tane svojej osobnosti, nielen svoje telo. \u010castokr\u00e1t s\u00fa to pr\u00e1ve detaily, na ktor\u00fdch pritom najviac z\u00e1le\u017e\u00ed. Sme presved\u010den\u00ed, \u017ee na\u0161e s\u00fa\u0165a\u017en\u00e9 n\u00e1u\u0161nice prines\u00fa ka\u017edej z V\u00e1s ten najdokonalej\u0161\u00ed z\u00e1vere\u010dn\u00fd vzh\u013ead na javisku.<\/p>","protected":false},"excerpt":{"rendered":"<div id=\"-product-excerpt-15-79\" class=\"oxy-product-excerpt oxy-woo-element\">\n<div class=\"woocommerce-product-details__short-description\">\n<p>Vytvorte si najlep\u0161ie personalizovan\u00e9 n\u00e1u\u0161nice na mieru. Ni\u017e\u0161ie op\u00ed\u0161te svoju predstavu a v pr\u00edpade potreby nahrajte fotografiu.<\/p>\n<\/div>\n<\/div>","protected":false},"featured_media":2757,"comment_status":"open","ping_status":"closed","template":"","meta":{"_acf_changed":false},"product_brand":[],"product_cat":[40,32],"product_tag":[],"class_list":{"0":"post-2754","1":"product","2":"type-product","3":"status-publish","4":"has-post-thumbnail","6":"product_cat-competition-jewerly","7":"product_cat-arya-accessories","8":"tm-has-options","10":"first","11":"instock","12":"shipping-taxable","13":"purchasable","14":"product-type-simple"},"acf":[],"jetpack_sharing_enabled":true,"_links":{"self":[{"href":"https:\/\/www.aryabikini.com\/sk\/wp-json\/wp\/v2\/product\/2754","targetHints":{"allow":["GET"]}}],"collection":[{"href":"https:\/\/www.aryabikini.com\/sk\/wp-json\/wp\/v2\/product"}],"about":[{"href":"https:\/\/www.aryabikini.com\/sk\/wp-json\/wp\/v2\/types\/product"}],"replies":[{"embeddable":true,"href":"https:\/\/www.aryabikini.com\/sk\/wp-json\/wp\/v2\/comments?post=2754"}],"wp:featuredmedia":[{"embeddable":true,"href":"https:\/\/www.aryabikini.com\/sk\/wp-json\/wp\/v2\/media\/2757"}],"wp:attachment":[{"href":"https:\/\/www.aryabikini.com\/sk\/wp-json\/wp\/v2\/media?parent=2754"}],"wp:term":[{"taxonomy":"product_brand","embeddable":true,"href":"https:\/\/www.aryabikini.com\/sk\/wp-json\/wp\/v2\/product_brand?post=2754"},{"taxonomy":"product_cat","embeddable":true,"href":"https:\/\/www.aryabikini.com\/sk\/wp-json\/wp\/v2\/product_cat?post=2754"},{"taxonomy":"product_tag","embeddable":true,"href":"https:\/\/www.aryabikini.com\/sk\/wp-json\/wp\/v2\/product_tag?post=2754"}],"curies":[{"name":"wp","href":"https:\/\/api.w.org\/{rel}","templated":true}]}}