{"id":257,"date":"2022-08-08T17:32:32","date_gmt":"2022-08-08T15:32:32","guid":{"rendered":"https:\/\/www.aryabikini.com\/?post_type=product&#038;p=257"},"modified":"2024-08-26T20:22:15","modified_gmt":"2024-08-26T18:22:15","slug":"false-lashes","status":"publish","type":"product","link":"https:\/\/www.aryabikini.com\/sk\/produkt\/umele-riasy\/","title":{"rendered":"Umel\u00e9 mihalnice"},"content":{"rendered":"<p>Umel\u00e9 mihalnice dod\u00e1vaj\u00fa Va\u0161ej tv\u00e1ri a make upu \u00faplne in\u00fd look. V de\u0148 D, ke\u010f ste na p\u00f3diu a sna\u017e\u00edte sa vyda\u0165 zo seba to najlep\u0161ie, s\u00fa umel\u00e9 mihalnice obrovsk\u00fdm upgradom V\u00e1\u0161ho celkov\u00e9ho vzh\u013eadu.<\/p>\n<p>Vrav\u00ed sa, \u017ee kr\u00e1su \u017eeny vidie\u0165 v jej o\u010diach, preto\u017ee s\u00fa oknom do jej du\u0161e, dajte si preto z\u00e1le\u017ea\u0165 na tom, aby Va\u0161e o\u010di a poh\u013ead boli nezabudnute\u013en\u00e9.<\/p>\n<p>Vybrali sme pre v\u00e1s \u0161peci\u00e1lne tieto umel\u00e9 mihalnice, preto\u017ee ver\u00edme, \u017ee V\u00e1m v dosiahnut\u00ed dokonal\u00e9ho poh\u013eadu pom\u00f4\u017eu. Na\u0161e umel\u00e9 mihalnice sa ve\u013emi \u013eahko aplikuj\u00fa, s\u00fa mimoriadne \u013eahk\u00e9 a pohodln\u00e9.\nM\u00f4\u017eete ich nosi\u0165 cel\u00fd de\u0148 za ak\u00fdchko\u013evek podmienok.<\/p>\n<p class=\"translation-block\">Bu\u010fte pripraven\u00ed na sc\u00e9nu a pozrite si na\u0161u \u0161peci\u00e1lnu ponuku <a href=\"https:\/\/www.aryabikini.com\/sk\/product-category\/arya-box\/\" target=\"_self\">Arya boxov. <\/a>Tade n\u00e1jdete v\u0161etko, \u010do potrebujete, aby ste boli pripraven\u00ed na javisko, ale za v\u00fdhodnej\u0161iu cenu. V t\u00fdchto boxoch n\u00e1jdete aj na\u0161e umel\u00e9 riasy.<\/p>\n<p>Vieme, \u010do V\u00e1\u0161 vzh\u013ead v sekunde premen\u00ed z dobre vyzeraj\u00faceho na \u00faplne dokonal\u00fd - na\u0161e umel\u00e9 mihalnice. Doda\u0165 V\u00e1\u0161mu poh\u013eadu dramatickos\u0165 a objem je ot\u00e1zkou nieko\u013ek\u00fdch sek\u00fand. S na\u0161imi mihalnicami budete v\u017edy vyzera\u0165 svie\u017eo, mladistvo a to bez v\u00fdrazn\u00e9ho sna\u017eenia.\nBu\u010fte pripraven\u00ed na fotenie, vezmite si so sebou umel\u00e9 mihalnice Arya - s\u013eubujeme, \u017ee budete v\u010faka nim vyzera\u0165 jednoducho \u00fa\u017easne na ka\u017edej fotografii z ka\u017ed\u00e9ho uhla poh\u013eadu.<\/p>","protected":false},"excerpt":{"rendered":"<p>Umel\u00e9 mihalnice Arya s\u00fa vhodn\u00fdm s\u00fa\u0165a\u017en\u00fdm doplnkom pre vytvorenie zvodn\u00e9ho poh\u013eadu. V porovnan\u00ed s be\u017en\u00fdmi umel\u00fdmi mihalnicami s\u00fa v\u00fdraznej\u0161ie, dlh\u0161ie a kr\u00e1sne nato\u010den\u00e9. Zaru\u010dia V\u00e1m zmyseln\u00fd poh\u013ead. Predstavuj\u00fa \u010dere\u0161ni\u010dku na Va\u0161om fin\u00e1lnom make-upe.<\/p>","protected":false},"featured_media":951,"comment_status":"open","ping_status":"closed","template":"","meta":{"_acf_changed":false},"product_brand":[],"product_cat":[47,101,24],"product_tag":[],"class_list":{"0":"post-257","1":"product","2":"type-product","3":"status-publish","4":"has-post-thumbnail","6":"product_cat-fake-lashes","7":"product_cat-bestsellers","8":"product_cat-recommended-products","9":"tm-no-options","11":"first","12":"instock","13":"sale","14":"shipping-taxable","15":"purchasable","16":"product-type-simple"},"acf":[],"jetpack_sharing_enabled":true,"_links":{"self":[{"href":"https:\/\/www.aryabikini.com\/sk\/wp-json\/wp\/v2\/product\/257","targetHints":{"allow":["GET"]}}],"collection":[{"href":"https:\/\/www.aryabikini.com\/sk\/wp-json\/wp\/v2\/product"}],"about":[{"href":"https:\/\/www.aryabikini.com\/sk\/wp-json\/wp\/v2\/types\/product"}],"replies":[{"embeddable":true,"href":"https:\/\/www.aryabikini.com\/sk\/wp-json\/wp\/v2\/comments?post=257"}],"wp:featuredmedia":[{"embeddable":true,"href":"https:\/\/www.aryabikini.com\/sk\/wp-json\/wp\/v2\/media\/951"}],"wp:attachment":[{"href":"https:\/\/www.aryabikini.com\/sk\/wp-json\/wp\/v2\/media?parent=257"}],"wp:term":[{"taxonomy":"product_brand","embeddable":true,"href":"https:\/\/www.aryabikini.com\/sk\/wp-json\/wp\/v2\/product_brand?post=257"},{"taxonomy":"product_cat","embeddable":true,"href":"https:\/\/www.aryabikini.com\/sk\/wp-json\/wp\/v2\/product_cat?post=257"},{"taxonomy":"product_tag","embeddable":true,"href":"https:\/\/www.aryabikini.com\/sk\/wp-json\/wp\/v2\/product_tag?post=257"}],"curies":[{"name":"wp","href":"https:\/\/api.w.org\/{rel}","templated":true}]}}