{"id":245,"date":"2022-08-08T14:24:02","date_gmt":"2022-08-08T12:24:02","guid":{"rendered":"https:\/\/www.aryabikini.com\/?post_type=product&#038;p=245"},"modified":"2024-08-26T20:55:54","modified_gmt":"2024-08-26T18:55:54","slug":"waist-trimmer","status":"publish","type":"product","link":"https:\/\/www.aryabikini.com\/sk\/produkt\/fitness-opasok\/","title":{"rendered":"Fitness opasok - Arya"},"content":{"rendered":"<p>Fitness opasok je jedn\u00fdm z na\u0161ich najob\u013e\u00fabenej\u0161\u00edch \u0161portov\u00fdch doplnkov. Je cenovo dostupn\u00fd a z\u00e1rove\u0148 V\u00e1m pom\u00e1ha prin\u00e1\u0161a\u0165 tie najlep\u0161ie v\u00fdsledky.<\/p>\n<p>Tento revolu\u010dn\u00fd fitness opasok je pohodln\u00fd pri nosen\u00ed, tvaruje telo a poskytuje oporu V\u00e1\u0161mu chrbtu. M\u00e1 multifunk\u010dn\u00e9 vyu\u017eitie a tis\u00edce v\u00fdhod. Bedrov\u00fd p\u00e1s predstavuje vhodn\u00fa pom\u00f4cku aj ke\u010f ste zatia\u013e fitness za\u010diato\u010dn\u00edkom.<\/p>\n<p>Bu\u010fte hrav\u00ed a pou\u017e\u00edvajte tento bedrov\u00fd p\u00e1s kreat\u00edvnymi, zdravie podporuj\u00facimi sp\u00f4sobmi. Pom\u00f4\u017ee v\u00e1m zefekt\u00edvni\u0165 ka\u017ed\u00e9 cvi\u010denie. Vysk\u00fa\u0161ajte r\u00f4zne typy cvi\u010den\u00ed a dajte n\u00e1m vedie\u0165, ktor\u00e9 z nich sa V\u00e1m p\u00e1\u010dia najviac.<\/p>\n<p class=\"translation-block\">Ak sa v\u00e1m tento produkt p\u00e1\u010di, nezabudnite si pozrie\u0165 aj fitness kolekciu Arya. Odpor\u00fa\u010dame v\u00e1m najm\u00e4 t\u00fato <a href=\"https:\/\/www.aryabikini.com\/sk\/product\/diamond-bottle\/\" target=\"_self\">pr\u00e9miov\u00fa kri\u0161t\u00e1\u013eov\u00fa f\u013ea\u0161u na vodu<\/a>.<\/p>","protected":false},"excerpt":{"rendered":"<p>Na zv\u00fdraznenie kr\u00e1snej \u0161t\u00edhlej l\u00ednie V\u00e1\u0161ho p\u00e1su V\u00e1m skvele posl\u00fa\u017ei n\u00e1\u0161 fitness opasok Arya. Vyu\u017eijete ho pri r\u00f4znych cvi\u010deniach a tr\u00e9ningoch. N\u00e1\u0161 fitness opasok je vyroben\u00fd z vysoko kvalitn\u00e9ho a odoln\u00e9ho materi\u00e1lu.<\/p>","protected":false},"featured_media":1576,"comment_status":"open","ping_status":"closed","template":"","meta":{"_acf_changed":false},"product_brand":[],"product_cat":[32,101,24,38],"product_tag":[],"class_list":{"0":"post-245","1":"product","2":"type-product","3":"status-publish","4":"has-post-thumbnail","6":"product_cat-arya-accessories","7":"product_cat-bestsellers","8":"product_cat-recommended-products","9":"product_cat-gym-belt","10":"tm-no-options","12":"first","13":"instock","14":"sale","15":"shipping-taxable","16":"purchasable","17":"product-type-variable","18":"has-default-attributes"},"acf":[],"jetpack_sharing_enabled":true,"_links":{"self":[{"href":"https:\/\/www.aryabikini.com\/sk\/wp-json\/wp\/v2\/product\/245","targetHints":{"allow":["GET"]}}],"collection":[{"href":"https:\/\/www.aryabikini.com\/sk\/wp-json\/wp\/v2\/product"}],"about":[{"href":"https:\/\/www.aryabikini.com\/sk\/wp-json\/wp\/v2\/types\/product"}],"replies":[{"embeddable":true,"href":"https:\/\/www.aryabikini.com\/sk\/wp-json\/wp\/v2\/comments?post=245"}],"wp:featuredmedia":[{"embeddable":true,"href":"https:\/\/www.aryabikini.com\/sk\/wp-json\/wp\/v2\/media\/1576"}],"wp:attachment":[{"href":"https:\/\/www.aryabikini.com\/sk\/wp-json\/wp\/v2\/media?parent=245"}],"wp:term":[{"taxonomy":"product_brand","embeddable":true,"href":"https:\/\/www.aryabikini.com\/sk\/wp-json\/wp\/v2\/product_brand?post=245"},{"taxonomy":"product_cat","embeddable":true,"href":"https:\/\/www.aryabikini.com\/sk\/wp-json\/wp\/v2\/product_cat?post=245"},{"taxonomy":"product_tag","embeddable":true,"href":"https:\/\/www.aryabikini.com\/sk\/wp-json\/wp\/v2\/product_tag?post=245"}],"curies":[{"name":"wp","href":"https:\/\/api.w.org\/{rel}","templated":true}]}}