{"id":221,"date":"2022-08-05T09:29:16","date_gmt":"2022-08-05T07:29:16","guid":{"rendered":"https:\/\/www.aryabikini.com\/?post_type=product&#038;p=221"},"modified":"2024-08-29T18:06:32","modified_gmt":"2024-08-29T16:06:32","slug":"posing-heels-belle-type-1","status":"publish","type":"product","link":"https:\/\/www.aryabikini.com\/sk\/produkt\/pozing-heels-belle-type-1\/","title":{"rendered":"S\u00fa\u0165a\u017en\u00e9 podp\u00e4tky - Belle"},"content":{"rendered":"<p>S\u00fa\u0165a\u017en\u00e9 podp\u00e4tky vhodn\u00e9 na bikiny fitness s\u00fa\u0165a\u017ee boli vytvoren\u00e9 s cie\u013eom prinies\u0165 V\u00e1m rados\u0165 z Va\u0161ej prezent\u00e1cie na javisku.<\/p>\n<p class=\"translation-block\">Vyberte si z <a href=\"https:\/\/www.aryabikini.com\/sk\/product-category\/arya-accessories\/posing-heels\/\" target=\"_self\">\u0161irokej ponuky javiskov\u00fdch podp\u00e4tkov<\/a>, ktor\u00e9 doplnia v\u00e1\u0161 estetick\u00fd vzh\u013ead a p\u00f3zovanie. Tieto s\u00fa\u0165a\u017en\u00e9 podp\u00e4tky s\u00fa jedn\u00fdm z na\u0161ich najob\u013e\u00fabenej\u0161\u00edch k\u00faskov z celej kolekcie Arya Bikini Fitness. Po prv\u00e9, vyzeraj\u00fa jednoducho skvostne a s\u00fa zdoben\u00e9 kry\u0161t\u00e1lmi, \u010do mus\u00ed by\u0165 v\u00e1\u0161 \u0161t\u00fdl. Po druh\u00e9, s\u00fa pr\u00edjemn\u00e9 na nosenie v\u010faka mal\u00e9mu zamatov\u00e9mu povrchu stielky. Napokon s\u00fa elegantn\u00e9 a luxusn\u00e9, a \u010do viac, m\u00f4\u017eete ich \u013eahko zladi\u0165 s ak\u00fdmko\u013evek doplnkom zna\u010dky Arya.<\/p>\n<p>Kr\u00e1\u010dajte na p\u00f3dium s gr\u00e1ciou! Na\u0161e s\u00fa\u0165a\u017en\u00e9 podp\u00e4tky vyzeraj\u00fa viac ne\u017e dokonale pri ch\u00f4dzi, p\u00f3zovan\u00ed, st\u00e1t\u00ed, jednoducho pri v\u0161etkom, \u010do sa od V\u00e1s bude na s\u00fa\u0165a\u017ei vy\u017eadova\u0165. Prieh\u013eadn\u00e9 vinylov\u00e9 podp\u00e4tky s\u00fa povinnou v\u00fdbavou na v\u0161etky Va\u0161e s\u00fa\u0165a\u017en\u00e9 sez\u00f3ny. S\u00fa\u0165a\u017en\u00e9 podp\u00e4tky s\u00fa dokonal\u00e9 aj v kombin\u00e1cii s na\u0161imi fitness bikinami. \nS nimi budete p\u00fata\u0165 pozornos\u0165 v\u0161ade, kam sa vyberiete - ako samotn\u00e1 Popolu\u0161ka.<\/p>\n<p>D\u00f4le\u017eit\u00e9 upozornenie: Pros\u00edme V\u00e1s, aby ste si pred objednan\u00edm ktor\u00fdchko\u013evek s\u00fa\u0165a\u017en\u00fdch podp\u00e4tkov pozorne pre\u0161tudovali pravidl\u00e1 s\u00fa\u0165a\u017ee t\u00fdkaj\u00face sa kateg\u00f3rie, v ktorej chcete s\u00fa\u0165a\u017ei\u0165 a to konkr\u00e9tne krit\u00e9ri\u00e1 vzh\u013eadu s\u00fa\u0165a\u017en\u00fdch podp\u00e4tkov. Majte pros\u00edm na pam\u00e4ti, \u017ee pravidl\u00e1 sa v r\u00f4znych feder\u00e1ci\u00e1ch a mo\u017eno aj kateg\u00f3ri\u00e1ch l\u00ed\u0161ia. Je d\u00f4le\u017eit\u00e9, aby ste si to pred objednan\u00edm overili. Pred dokon\u010den\u00edm celej objedn\u00e1vky sa uistite, \u017ee m\u00e1te spr\u00e1vnu ve\u013ekos\u0165, \u0161t\u00fdl a hlavne v\u00fd\u0161ku podp\u00e4tku. Ve\u013ekos\u0165 si m\u00f4\u017eete skontrolova\u0165 v na\u0161om \"Sprievodcovi ve\u013ekos\u0165ami.\"<\/p>","protected":false},"excerpt":{"rendered":"<p>Na\u0161e \u00fa\u017easn\u00e9 podp\u00e4tky Arya odpor\u00fa\u010dame na v\u0161etky fitness alebo bikiny fitness s\u00fa\u0165a\u017ee. S\u00fa navrhnut\u00e9 s oh\u013eadom na pravidl\u00e1 fitness s\u00fa\u0165a\u017e\u00ed, pri\u010dom sp\u013a\u0148aj\u00fa v\u0161etky ich krit\u00e9ri\u00e1.<\/p>","protected":false},"featured_media":1826,"comment_status":"open","ping_status":"closed","template":"","meta":{"_acf_changed":false},"product_brand":[],"product_cat":[39],"product_tag":[],"class_list":{"0":"post-221","1":"product","2":"type-product","3":"status-publish","4":"has-post-thumbnail","6":"product_cat-posing-heels","7":"tm-no-options","9":"first","10":"instock","11":"shipping-taxable","12":"purchasable","13":"product-type-variable"},"acf":[],"jetpack_sharing_enabled":true,"_links":{"self":[{"href":"https:\/\/www.aryabikini.com\/sk\/wp-json\/wp\/v2\/product\/221","targetHints":{"allow":["GET"]}}],"collection":[{"href":"https:\/\/www.aryabikini.com\/sk\/wp-json\/wp\/v2\/product"}],"about":[{"href":"https:\/\/www.aryabikini.com\/sk\/wp-json\/wp\/v2\/types\/product"}],"replies":[{"embeddable":true,"href":"https:\/\/www.aryabikini.com\/sk\/wp-json\/wp\/v2\/comments?post=221"}],"wp:featuredmedia":[{"embeddable":true,"href":"https:\/\/www.aryabikini.com\/sk\/wp-json\/wp\/v2\/media\/1826"}],"wp:attachment":[{"href":"https:\/\/www.aryabikini.com\/sk\/wp-json\/wp\/v2\/media?parent=221"}],"wp:term":[{"taxonomy":"product_brand","embeddable":true,"href":"https:\/\/www.aryabikini.com\/sk\/wp-json\/wp\/v2\/product_brand?post=221"},{"taxonomy":"product_cat","embeddable":true,"href":"https:\/\/www.aryabikini.com\/sk\/wp-json\/wp\/v2\/product_cat?post=221"},{"taxonomy":"product_tag","embeddable":true,"href":"https:\/\/www.aryabikini.com\/sk\/wp-json\/wp\/v2\/product_tag?post=221"}],"curies":[{"name":"wp","href":"https:\/\/api.w.org\/{rel}","templated":true}]}}