{"id":1696,"date":"2022-09-12T14:03:33","date_gmt":"2022-09-12T12:03:33","guid":{"rendered":"https:\/\/www.aryabikini.com\/?post_type=product&#038;p=1696"},"modified":"2024-08-29T17:59:31","modified_gmt":"2024-08-29T15:59:31","slug":"competition-bikini-raspberry-lemonade-fitmodel","status":"publish","type":"product","link":"https:\/\/www.aryabikini.com\/sk\/produkt\/sutazne-bikiny-malinova-lemonada-fitmodel\/","title":{"rendered":"S\u00fa\u0165a\u017en\u00e9 bikiny - Raspberry Lemonade - FitModel"},"content":{"rendered":"<p class=\"translation-block\">Bikiny FitModel s\u00fa jedny z na\u0161ich kr\u00e1snych jednodielnych bik\u00edn, ktor\u00e9 vyr\u00e1bame pre s\u00fa\u0165a\u017ee IFBB v kateg\u00f3rii Fit-Model. S\u00fa ru\u010dne vyroben\u00e9 z najkvalitnej\u0161ieho elastick\u00e9ho zamatu s ply\u0161ov\u00fdm povrchom. T\u00e1to na dotyk jemn\u00e1 \u00faprava vytv\u00e1ra v\u00fdrobok, ktor\u00fd je pohodln\u00fd na nosenie, ve\u013emi priliehav\u00fd a v\u010faka kr\u00e1tkym vlasom vl\u00e1kien st\u00e1le leskl\u00fd. Pracujeme najm\u00e4 so zamatom najvy\u0161\u0161ej kvality, ktor\u00fd vytv\u00e1ra luxusn\u00fd vzh\u013ead. Toto s\u00fa dokonal\u00e9 bikiny FitModel, ktor\u00e9 ste h\u013eadali. Nezabudnite, \u017ee vytv\u00e1rame s\u00fa\u0165a\u017en\u00e9 p\u00f3zovacie bikiny pre takmer ka\u017ed\u00fa <a href=\"https:\/\/ifbb.com\/\" target=\"_self\">kateg\u00f3riu IFBB<\/a>. Na z\u00e1ver by sme chceli zd\u00f4razni\u0165, \u017ee kvalita je na\u0161ou prioritou.<\/p>\n<p class=\"p1\">Materi\u00e1l bik\u00edn: 95% polyester, 5% elastan<\/p>\n<p class=\"p1\">Kry\u0161t\u00e1lov\u00fd materi\u00e1l: kry\u0161t\u00e1l, vo\u013en\u00e9 kamienky, tvar: okr\u00fahly, technika: Hot-fix.<\/p>\n<p class=\"p1\">V\u0161etky kry\u0161t\u00e1ly a kamienky pripev\u0148ujeme na bikiny profesion\u00e1lnym lepidlom na textil.<\/p>\n<p class=\"p1 translation-block\">Ka\u017ed\u00fd kry\u0161t\u00e1l a kame\u0148 pred pripevnen\u00edm na bikiny starostlivo kontrolujeme. S\u00fa\u0165a\u017en\u00e9 bikiny s\u00fa tie\u017e prec\u00edzne ru\u010dne vyroben\u00e9 v srdci Eur\u00f3py. Ka\u017ed\u00fd jeden kry\u0161t\u00e1l ru\u010dne pripev\u0148ujeme na va\u0161e jedine\u010dn\u00e9 bikiny. Pracujeme s kry\u0161t\u00e1lmi v\u0161etk\u00fdch farieb. Na\u0161e kamienky s\u00fa v okr\u00fahlom tvare, preto\u017ee pod\u013ea na\u0161ich osobn\u00fdch sk\u00fasenost\u00ed je tento tvar najlep\u0161ou vo\u013ebou pre ak\u00e9ko\u013evek s\u00fa\u0165a\u017en\u00e9 bikiny.<span class=\"Apple-converted-space\"> Rob\u00edme v\u0161etko pre to, aby sme v\u0161etk\u00fdm na\u0161im kostym\u00e9rkam poskytli dokonal\u00e9 p\u00f3zovacie bikiny. S\u00fa\u0165a\u017en\u00e9 bikiny Arya FitModel s\u00fa jedny z mili\u00f3na. Ak si chcete pozrie\u0165 cel\u00fa na\u0161u \u00fa\u017easn\u00fa kolekciu, sta\u010d\u00ed klikn\u00fa\u0165 na <a href=\"https:\/\/www.aryabikini.com\/sk\/product-category\/competition-bikini\/\" target=\"_self\">tu<\/a>. Na\u0161a kolekcia je nielen dobre vyzeraj\u00faca, ale aj dokonale prisp\u00f4soben\u00e1 v\u00e1\u0161mu telu.<\/span><\/p>\n<p class=\"p1\"><span class=\"Apple-converted-space\">Ak si chcete objedna\u0165 na\u0161e bikiny Arya, po\u0161lite n\u00e1m svoje osobn\u00e9 miery. Potvrd\u00edme V\u00e1m, \u010di ste si vybrali spr\u00e1vnu ve\u013ekos\u0165 pod\u013ea Va\u0161ich mier. Vypl\u0148te pros\u00edm pole \"Va\u0161e miery\".<\/span><\/p>","protected":false},"excerpt":{"rendered":"<p>FitModel bikini is one of our beautiful one-piece bikinis which we make for IFBB competitions in the Fit-Model category. It is hand made from highest quality stretchy velvet with plush like final touch. This soft-to-touch finish create product that is comfortable for wearing, very snugly and still shiny thanks to its short fibre piles. We [&hellip;]<\/p>\n","protected":false},"featured_media":1745,"comment_status":"open","ping_status":"closed","template":"","meta":{"_acf_changed":false},"product_brand":[],"product_cat":[25,28],"product_tag":[],"class_list":{"0":"post-1696","1":"product","2":"type-product","3":"status-publish","4":"has-post-thumbnail","6":"product_cat-competition-bikini","7":"product_cat-fitmodel","8":"tm-has-options","10":"first","11":"instock","12":"shipping-taxable","13":"purchasable","14":"product-type-simple"},"acf":[],"jetpack_sharing_enabled":true,"_links":{"self":[{"href":"https:\/\/www.aryabikini.com\/sk\/wp-json\/wp\/v2\/product\/1696","targetHints":{"allow":["GET"]}}],"collection":[{"href":"https:\/\/www.aryabikini.com\/sk\/wp-json\/wp\/v2\/product"}],"about":[{"href":"https:\/\/www.aryabikini.com\/sk\/wp-json\/wp\/v2\/types\/product"}],"replies":[{"embeddable":true,"href":"https:\/\/www.aryabikini.com\/sk\/wp-json\/wp\/v2\/comments?post=1696"}],"wp:featuredmedia":[{"embeddable":true,"href":"https:\/\/www.aryabikini.com\/sk\/wp-json\/wp\/v2\/media\/1745"}],"wp:attachment":[{"href":"https:\/\/www.aryabikini.com\/sk\/wp-json\/wp\/v2\/media?parent=1696"}],"wp:term":[{"taxonomy":"product_brand","embeddable":true,"href":"https:\/\/www.aryabikini.com\/sk\/wp-json\/wp\/v2\/product_brand?post=1696"},{"taxonomy":"product_cat","embeddable":true,"href":"https:\/\/www.aryabikini.com\/sk\/wp-json\/wp\/v2\/product_cat?post=1696"},{"taxonomy":"product_tag","embeddable":true,"href":"https:\/\/www.aryabikini.com\/sk\/wp-json\/wp\/v2\/product_tag?post=1696"}],"curies":[{"name":"wp","href":"https:\/\/api.w.org\/{rel}","templated":true}]}}