{"id":1692,"date":"2022-09-12T11:46:17","date_gmt":"2022-09-12T09:46:17","guid":{"rendered":"https:\/\/www.aryabikini.com\/?post_type=product&#038;p=1692"},"modified":"2024-08-29T17:59:47","modified_gmt":"2024-08-29T15:59:47","slug":"classic-box","status":"publish","type":"product","link":"https:\/\/www.aryabikini.com\/sk\/produkt\/zakladny-fitness-box\/","title":{"rendered":"Klasick\u00fd box"},"content":{"rendered":"<p>Klasick\u00fd Arya box je n\u00e1\u0161 pr\u00e9miov\u00fd produkt, ktor\u00fd obsahuje takmer v\u0161etko, \u010do budete potrebova\u0165 na s\u00fa\u0165a\u017eenie vo fitness bikin\u00e1ch. <span class=\"jsx-3852835299 diff-chunk diff-chunk-inserted diff-chunk-modified active\">Jednou z<\/span> v\u00fdhod luxusn\u00fdch fitness boxov Arya je sloboda v\u00fdberu. M\u00f4\u017eete kombinova\u0165 a vytvori\u0165 si tak box na mieru, plne prisp\u00f4soben\u00fd Va\u0161im potreb\u00e1m.<\/p>\n<p>Spojili sme v\u0161etky produkty pr\u00e9miovej kvality, ktor\u00e9 je nevyhnutn\u00e9 ma\u0165, ak sa chcete z\u00fa\u010dastni\u0165 fitness s\u00fa\u0165a\u017ee, a to v\u0161etko s v\u00fdnimo\u010dnou z\u013eavou.<\/p>\n<p class=\"translation-block\">Ak si chcete pozrie\u0165 \u010fal\u0161ie inform\u00e1cie o fitness bikin\u00e1ch, sta\u010d\u00ed klikn\u00fa\u0165 na <a href=\"https:\/\/www.aryabikini.com\/sk\/product-category\/competition-bikini\/\" target=\"_self\">tade<\/a> a dozviete sa viac. Klasick\u00fd fitness box je cenovo najv\u00fdhodnej\u0161\u00ed produkt.<\/p>","protected":false},"excerpt":{"rendered":"<p>Vytvorte si V\u00e1\u0161 vlastn\u00fd fitness box na mieru. Vyberte si zo \u0161irokej \u0161k\u00e1ly mo\u017enost\u00ed ni\u017e\u0161ie a z\u00edskajte na\u0161e pr\u00e9miov\u00e9 produkty za zv\u00fdhodnen\u00fa cenu.<\/p>","protected":false},"featured_media":1838,"comment_status":"open","ping_status":"closed","template":"","meta":{"_acf_changed":false},"product_brand":[],"product_cat":[31,43],"product_tag":[],"class_list":{"0":"post-1692","1":"product","2":"type-product","3":"status-publish","4":"has-post-thumbnail","6":"product_cat-arya-box","7":"product_cat-classic-box","8":"tm-has-options","10":"first","11":"instock","12":"shipping-taxable","13":"purchasable","14":"product-type-simple"},"acf":[],"jetpack_sharing_enabled":true,"_links":{"self":[{"href":"https:\/\/www.aryabikini.com\/sk\/wp-json\/wp\/v2\/product\/1692","targetHints":{"allow":["GET"]}}],"collection":[{"href":"https:\/\/www.aryabikini.com\/sk\/wp-json\/wp\/v2\/product"}],"about":[{"href":"https:\/\/www.aryabikini.com\/sk\/wp-json\/wp\/v2\/types\/product"}],"replies":[{"embeddable":true,"href":"https:\/\/www.aryabikini.com\/sk\/wp-json\/wp\/v2\/comments?post=1692"}],"wp:featuredmedia":[{"embeddable":true,"href":"https:\/\/www.aryabikini.com\/sk\/wp-json\/wp\/v2\/media\/1838"}],"wp:attachment":[{"href":"https:\/\/www.aryabikini.com\/sk\/wp-json\/wp\/v2\/media?parent=1692"}],"wp:term":[{"taxonomy":"product_brand","embeddable":true,"href":"https:\/\/www.aryabikini.com\/sk\/wp-json\/wp\/v2\/product_brand?post=1692"},{"taxonomy":"product_cat","embeddable":true,"href":"https:\/\/www.aryabikini.com\/sk\/wp-json\/wp\/v2\/product_cat?post=1692"},{"taxonomy":"product_tag","embeddable":true,"href":"https:\/\/www.aryabikini.com\/sk\/wp-json\/wp\/v2\/product_tag?post=1692"}],"curies":[{"name":"wp","href":"https:\/\/api.w.org\/{rel}","templated":true}]}}