{"id":1605,"date":"2022-09-05T11:57:50","date_gmt":"2022-09-05T09:57:50","guid":{"rendered":"https:\/\/www.aryabikini.com\/?post_type=product&#038;p=1605"},"modified":"2024-08-26T20:41:46","modified_gmt":"2024-08-26T18:41:46","slug":"competition-jewerly-golden-set","status":"publish","type":"product","link":"https:\/\/www.aryabikini.com\/sk\/produkt\/sutazne-sperky-zlaty-set\/","title":{"rendered":"S\u00fa\u0165a\u017en\u00e9 \u0161perky - Zlat\u00fd set"},"content":{"rendered":"<p class=\"translation-block\">Pevne ver\u00edme, \u017ee tento \u017eiariv\u00fd n\u00e1ramok a jedny z t\u00fdchto diamantov\u00fdch n\u00e1u\u0161n\u00edc z na\u0161ej <a href=\"https:\/\/www.aryabikini.com\/sk\/product-category\/arya-accessories\/competition-jewerly\/\" target=\"_self\">Kolekcie \u0161perkov Arya<\/a> s\u00fa tie prav\u00e9. Ak sa v\u00e1m na\u0161e \u0161perky p\u00e1\u010dia, nezabudnite si pozrie\u0165 na\u0161e krabi\u010dky Arya. N\u00e1jdete v nich v\u0161etko d\u00f4le\u017eit\u00e9 pre va\u0161u bud\u00facu s\u00fa\u0165a\u017e v bikini fitness, ale za t\u00fa najlep\u0161iu cenu.<\/p>\n<p>Vezmite si so sebou na s\u00fa\u0165a\u017e tieto mimoriadne p\u00f4vabn\u00e9 \u0161perky a vyhrajte. S t\u00fdmto zlat\u00fdm setom \u0161perkov v\u00fdborne lad\u00ed na\u0161a kolekcia fitness s\u00fa\u0165a\u017en\u00fdch podp\u00e4tkov.<\/p>\n<p>Vezmite si so sebou na s\u00fa\u0165a\u017e tieto mimoriadne p\u00f4vabn\u00e9 \u0161perky a vyhrajte. S t\u00fdmto strieborn\u00fdm setom \u0161perkov v\u00fdborne lad\u00ed na\u0161a kolekcia fitness s\u00fa\u0165a\u017en\u00fdch podp\u00e4tkov.\n\nS\u00fa\u0165a\u017en\u00e9 \u0161perky s\u00fa tak d\u00f4le\u017eit\u00fdm doplnkom, \u017ee by ste nikdy nemali podce\u0148ova\u0165 ich silu. Mali by ste na s\u00fa\u0165a\u017e nazera\u0165 ako na celok, budete toti\u017e prezentova\u0165 cel\u00e9 svoje ja, vr\u00e1tane svojej osobnosti, nielen svoje telo. \u010castokr\u00e1t s\u00fa to pr\u00e1ve detaily, na ktor\u00fdch pritom najviac z\u00e1le\u017e\u00ed. Sme presved\u010den\u00ed, \u017ee na\u0161e s\u00fa\u0165a\u017en\u00e9 \u0161perky prines\u00fa ka\u017edej z V\u00e1s ten najdokonalej\u0161\u00ed z\u00e1vere\u010dn\u00fd vzh\u013ead na javisku<\/p>\n<p>&nbsp;<\/p>","protected":false},"excerpt":{"rendered":"<p>\u0160perky s\u00fa \u010fal\u0161\u00edm d\u00f4le\u017eit\u00fdm prvkom, ktor\u00fd dotv\u00e1ra V\u00e1\u0161 kone\u010dn\u00fd vzh\u013ead na p\u00f3diu. Vyberajte ich m\u00fadro, preto\u017ee spr\u00e1vne vybran\u00fd \u0161perk V\u00e1\u0161 vzh\u013ead vylep\u0161\u00ed, no nespr\u00e1vny \u0161perk ho m\u00f4\u017ee pokazi\u0165. Pon\u00fakame strieborn\u00e9 aj zlat\u00e9 \u0161perky pre ka\u017ed\u00fd odtie\u0148 pleti. S t\u00fdmto druhom s\u00fa\u0165a\u017en\u00fdch \u0161perkov nem\u00f4\u017eete urobi\u0165 chybu. Je to evergreen a \u010doskoro pochop\u00edte pre\u010do. Dali sme si z\u00e1le\u017ea\u0165 na tom, aby v\u0161etky na\u0161e \u0161perky boli elegantn\u00e9, luxusn\u00e9 a z\u00e1rove\u0148 cenovo dostupn\u00e9.<\/p>\n<p>Na\u0161e s\u00fa\u0165a\u017en\u00e9 \u0161perky prirodzene odr\u00e1\u017eaj\u00fa svetlo v\u010faka \u010domu budete na p\u00f3diu \u017eiari\u0165. S\u00fa ide\u00e1lnym doplnkom na ak\u00e9ko\u013evek p\u00f3diov\u00e9 vyst\u00fapenie.<\/p>","protected":false},"featured_media":1660,"comment_status":"open","ping_status":"closed","template":"","meta":{"_acf_changed":false},"product_brand":[],"product_cat":[40,32,115,24],"product_tag":[],"class_list":{"0":"post-1605","1":"product","2":"type-product","3":"status-publish","4":"has-post-thumbnail","6":"product_cat-competition-jewerly","7":"product_cat-arya-accessories","8":"product_cat-jewerly-set","9":"product_cat-recommended-products","10":"tm-no-options","12":"first","13":"instock","14":"shipping-taxable","15":"purchasable","16":"product-type-variable"},"acf":[],"jetpack_sharing_enabled":true,"_links":{"self":[{"href":"https:\/\/www.aryabikini.com\/sk\/wp-json\/wp\/v2\/product\/1605","targetHints":{"allow":["GET"]}}],"collection":[{"href":"https:\/\/www.aryabikini.com\/sk\/wp-json\/wp\/v2\/product"}],"about":[{"href":"https:\/\/www.aryabikini.com\/sk\/wp-json\/wp\/v2\/types\/product"}],"replies":[{"embeddable":true,"href":"https:\/\/www.aryabikini.com\/sk\/wp-json\/wp\/v2\/comments?post=1605"}],"wp:featuredmedia":[{"embeddable":true,"href":"https:\/\/www.aryabikini.com\/sk\/wp-json\/wp\/v2\/media\/1660"}],"wp:attachment":[{"href":"https:\/\/www.aryabikini.com\/sk\/wp-json\/wp\/v2\/media?parent=1605"}],"wp:term":[{"taxonomy":"product_brand","embeddable":true,"href":"https:\/\/www.aryabikini.com\/sk\/wp-json\/wp\/v2\/product_brand?post=1605"},{"taxonomy":"product_cat","embeddable":true,"href":"https:\/\/www.aryabikini.com\/sk\/wp-json\/wp\/v2\/product_cat?post=1605"},{"taxonomy":"product_tag","embeddable":true,"href":"https:\/\/www.aryabikini.com\/sk\/wp-json\/wp\/v2\/product_tag?post=1605"}],"curies":[{"name":"wp","href":"https:\/\/api.w.org\/{rel}","templated":true}]}}