{"id":1434,"date":"2022-08-17T09:01:11","date_gmt":"2022-08-17T07:01:11","guid":{"rendered":"https:\/\/www.aryabikini.com\/?post_type=product&#038;p=1434"},"modified":"2024-08-26T20:40:49","modified_gmt":"2024-08-26T18:40:49","slug":"competition-luxury-robe-hot-flamingo","status":"publish","type":"product","link":"https:\/\/www.aryabikini.com\/sk\/produkt\/sutaz-luxusny-satnik-hot-flamingo\/","title":{"rendered":"Luxusn\u00fd s\u00fa\u0165a\u017en\u00fd \u017eupan - Hot Flamingo"},"content":{"rendered":"<p class=\"translation-block\">Pon\u00fakame \u0161irok\u00fa \u0161k\u00e1lu <a href=\"https:\/\/www.aryabikini.com\/sk\/product-category\/arya-accessories\/competition-robe\/\" target=\"_self\">s\u00fa\u0165a\u017en\u00fdch bikini \u017eupanov<\/a>, preto\u017ee by sme sa radi uistili, \u017ee si v Arya n\u00e1jdete svoj ob\u013e\u00faben\u00fd \u0161t\u00fdl a farbu. Tento s\u00fa\u0165a\u017en\u00fd \u017eupan do bik\u00edn je ur\u010dite nie\u010do, \u010do budete potrebova\u0165 na ceste za \u00faspechom.<\/p>\n<p>Pr\u00edjemn\u00fd a pohodln\u00fd\nmateri\u00e1l \u0161etrn\u00fd k Va\u0161ej poko\u017eke? Ur\u010dite! Na\u0161e luxusn\u00e9 s\u00fa\u0165a\u017en\u00e9 \u017eupany ho v sebe ukr\u00fdvaj\u00fa. S\u00fa mimoriadne praktick\u00e9 a u\u017eito\u010dn\u00e9 \u2013 odpor\u00fa\u010dame si ich vzia\u0165 napr\u00edklad pred a po aplik\u00e1ci\u00ed falo\u0161n\u00e9ho op\u00e1lenia. Je u\u017eito\u010dn\u00e9 ma\u0165 na sebe nie\u010do pr\u00edjemn\u00e9 a \u013eahk\u00e9, k\u00fdm op\u00e1lenie nevyschne. Je to multifunk\u010dn\u00fd pomocn\u00edk, vyu\u017eijete ho naozaj kdeko\u013evek chcete.\nS kamienkovou kri\u0161t\u00e1\u013eovou v\u00fd\u0161ivkou s\u00fa na\u0161e luxusn\u00e9 \u017eupany e\u0161te p\u00fatavej\u0161ie a dokonalej\u0161ie ako kedyko\u013evek predt\u00fdm.<\/p>\n<p>V Aryi si m\u00f4\u017eete skombinova\u0165 a zladi\u0165 V\u00e1\u0161 luxusn\u00fd \u017eupan napr\u00edklad aj s na\u0161imi letn\u00fdmi bikinami. Luxusn\u00fd s\u00fa\u0165a\u017en\u00fd \u017eupan je Va\u0161\u00edm \u010fal\u0161\u00edm must have tejto sez\u00f3ny! Nepreme\u0161kajte preto jeho k\u00fapu.<\/p>","protected":false},"excerpt":{"rendered":"<p>Luxusn\u00fd sat\u00e9nov\u00fd \u017eupan Arya je pr\u00edjemn\u00fdm doplnkom cel\u00e9ho V\u00e1\u0161ho bikiny fitness outfitu. Zla\u010fte si ho s Va\u0161imi s\u00fa\u0165a\u017en\u00fdmi fitness bikinami alebo si vytvorte in\u00e9 neoby\u010dajn\u00e9 kombin\u00e1cie. K\u00fapu tejto r\u00f3by neo\u013eutujete, m\u00e1 toti\u017e univerz\u00e1lne vyu\u017eitie. M\u00f4\u017eete si ju obliec\u0165 nielen na s\u00fa\u0165a\u017e, ale aj kdeko\u013evek inde. Ur\u010dite ocen\u00edte aj mo\u017enos\u0165 ma\u0165 na \u017eupane vy\u0161it\u00e9 Va\u0161e meno, \u010do V\u00e1m d\u00e1va mo\u017enos\u0165 by\u0165 pre ostatn\u00fdch nezabudnute\u013en\u00e1.<\/p>","protected":false},"featured_media":1427,"comment_status":"open","ping_status":"closed","template":"","meta":{"_acf_changed":false},"product_brand":[],"product_cat":[41,32],"product_tag":[],"class_list":{"0":"post-1434","1":"product","2":"type-product","3":"status-publish","4":"has-post-thumbnail","6":"product_cat-competition-robe","7":"product_cat-arya-accessories","8":"tm-has-options","10":"first","11":"instock","12":"shipping-taxable","13":"purchasable","14":"product-type-variable","15":"has-default-attributes"},"acf":[],"jetpack_sharing_enabled":true,"_links":{"self":[{"href":"https:\/\/www.aryabikini.com\/sk\/wp-json\/wp\/v2\/product\/1434","targetHints":{"allow":["GET"]}}],"collection":[{"href":"https:\/\/www.aryabikini.com\/sk\/wp-json\/wp\/v2\/product"}],"about":[{"href":"https:\/\/www.aryabikini.com\/sk\/wp-json\/wp\/v2\/types\/product"}],"replies":[{"embeddable":true,"href":"https:\/\/www.aryabikini.com\/sk\/wp-json\/wp\/v2\/comments?post=1434"}],"wp:featuredmedia":[{"embeddable":true,"href":"https:\/\/www.aryabikini.com\/sk\/wp-json\/wp\/v2\/media\/1427"}],"wp:attachment":[{"href":"https:\/\/www.aryabikini.com\/sk\/wp-json\/wp\/v2\/media?parent=1434"}],"wp:term":[{"taxonomy":"product_brand","embeddable":true,"href":"https:\/\/www.aryabikini.com\/sk\/wp-json\/wp\/v2\/product_brand?post=1434"},{"taxonomy":"product_cat","embeddable":true,"href":"https:\/\/www.aryabikini.com\/sk\/wp-json\/wp\/v2\/product_cat?post=1434"},{"taxonomy":"product_tag","embeddable":true,"href":"https:\/\/www.aryabikini.com\/sk\/wp-json\/wp\/v2\/product_tag?post=1434"}],"curies":[{"name":"wp","href":"https:\/\/api.w.org\/{rel}","templated":true}]}}