{"id":548,"date":"2022-08-15T14:36:15","date_gmt":"2022-08-15T12:36:15","guid":{"rendered":"https:\/\/www.aryabikini.com\/?post_type=product&#038;p=548"},"modified":"2024-08-29T18:03:44","modified_gmt":"2024-08-29T16:03:44","slug":"competition-bikini-unicorn-rainbow-bikini-welness-fitness","status":"publish","type":"product","link":"https:\/\/www.aryabikini.com\/pl\/produkt\/zawody-bikinii-unicorn-rainbow-bikini-welness-fitness\/","title":{"rendered":"Competition Bikini - Unicorn Rainbow - Bikini\/Wellness Fitness"},"content":{"rendered":"<p>Nasze bikini maj\u0105 mi\u0119kkie w dotyku wyko\u0144czenie, kt\u00f3re zapewnia wygod\u0119 podczas noszenia, a to wszystko dzi\u0119ki kr\u00f3tkim w\u0142\u00f3knom. Pracujemy g\u0142\u00f3wnie z najwy\u017cszej jako\u015bci aksamitem, aby stworzy\u0107 najbardziej luksusowy wygl\u0105d. Produkty Arya to gwarancja nawy\u017cszej jako\u015bci.<\/p>\n<p>Starannie obrabiamy ka\u017cdy kryszta\u0142 i kamie\u0144 przed przymocowaniem go do bikini. Ka\u017cdy kryszta\u0142 jest r\u0119cznie mocowany do Twojego niepowtarzalnego bikini. Pracujemy z kryszta\u0142ami we wszystkich kolorach. Nasze kamienie maj\u0105 okr\u0105g\u0142y kszta\u0142t, poniewa\u017c wed\u0142ug naszego osobistego do\u015bwiadczenia, ten kszta\u0142t jest najlepszym wyborem dla ka\u017cdego pozuj\u0105cego t\u0119czowego bikini. Dok\u0142adamy wszelkich stara\u0144, aby zapewni\u0107 wszystkim naszym klientom t\u0119czowe bikini. <span class=\"Apple-converted-space\">Je\u015bli chcesz zobaczy\u0107 ca\u0142\u0105 nasz\u0105 niesamowit\u0105 kolekcj\u0119 po prostu kliknij <a href=\"https:\/\/www.aryabikini.com\/pl\/product-category\/competition-bikini\/\">tutaj<\/a>.<\/span> Nasza kolekcja jest nie tylko dobrze wygl\u0105daj\u0105ca, ale r\u00f3wnie\u017c wykonana tak, aby stworzy\u0107 idealne dopasowanie do Twojego cia\u0142a.<\/p>\n<p>Jako\u015b\u0107 wraz z satysfakcj\u0105 klienta jest dla nas priorytetem. Dok\u0142adamy wszelkich stara\u0144, aby zapewni\u0107 Ci idealne bikini na zawody .Aby zam\u00f3wi\u0107 bikini Arya, prze\u015blij nam swoje wymiary. Potwierdzimy, czy wybra\u0142e\u015b odpowiedni rozmiar zgodnie z Twoimi pomiarami. Prosimy o wype\u0142nienie pola \"Twoje wymiary\".<\/p>","protected":false},"excerpt":{"rendered":"<p>This soft-to-touch finish creates a product comfortable for wearing, very snugly and shiny thanks to its short fibre piles. We especially work with the highest quality velvet to create the most luxurious look. This is the perfect premium competition bikini that you have been looking for. Do not forget we create competition bikinis for almost [&hellip;]<\/p>\n","protected":false},"featured_media":449,"comment_status":"open","ping_status":"closed","template":"","meta":{"_acf_changed":false},"product_brand":[],"product_cat":[26,25],"product_tag":[],"class_list":{"0":"post-548","1":"product","2":"type-product","3":"status-publish","4":"has-post-thumbnail","6":"product_cat-bikini-fitness","7":"product_cat-competition-bikini","8":"tm-has-options","10":"first","11":"instock","12":"shipping-taxable","13":"purchasable","14":"product-type-simple"},"acf":[],"jetpack_sharing_enabled":true,"_links":{"self":[{"href":"https:\/\/www.aryabikini.com\/pl\/wp-json\/wp\/v2\/product\/548","targetHints":{"allow":["GET"]}}],"collection":[{"href":"https:\/\/www.aryabikini.com\/pl\/wp-json\/wp\/v2\/product"}],"about":[{"href":"https:\/\/www.aryabikini.com\/pl\/wp-json\/wp\/v2\/types\/product"}],"replies":[{"embeddable":true,"href":"https:\/\/www.aryabikini.com\/pl\/wp-json\/wp\/v2\/comments?post=548"}],"wp:featuredmedia":[{"embeddable":true,"href":"https:\/\/www.aryabikini.com\/pl\/wp-json\/wp\/v2\/media\/449"}],"wp:attachment":[{"href":"https:\/\/www.aryabikini.com\/pl\/wp-json\/wp\/v2\/media?parent=548"}],"wp:term":[{"taxonomy":"product_brand","embeddable":true,"href":"https:\/\/www.aryabikini.com\/pl\/wp-json\/wp\/v2\/product_brand?post=548"},{"taxonomy":"product_cat","embeddable":true,"href":"https:\/\/www.aryabikini.com\/pl\/wp-json\/wp\/v2\/product_cat?post=548"},{"taxonomy":"product_tag","embeddable":true,"href":"https:\/\/www.aryabikini.com\/pl\/wp-json\/wp\/v2\/product_tag?post=548"}],"curies":[{"name":"wp","href":"https:\/\/api.w.org\/{rel}","templated":true}]}}