{"id":257,"date":"2022-08-08T17:32:32","date_gmt":"2022-08-08T15:32:32","guid":{"rendered":"https:\/\/www.aryabikini.com\/?post_type=product&#038;p=257"},"modified":"2024-08-26T20:22:15","modified_gmt":"2024-08-26T18:22:15","slug":"false-lashes","status":"publish","type":"product","link":"https:\/\/www.aryabikini.com\/pl\/produkt\/sztuczne-rzesy\/","title":{"rendered":"Sztuczne rz\u0119sy"},"content":{"rendered":"<p>Sztuczne rz\u0119sy nadaj\u0105 twarzy i makija\u017cowi zupe\u0142nie inny wygl\u0105d. W tym wielkim dniu, kiedy jeste\u015b na scenie i starasz si\u0119 wygl\u0105da\u0107 jak najlepiej, sztuczne rz\u0119sy s\u0105 ogromnym ulepszeniem og\u00f3lnego wygl\u0105du.<\/p>\n<p>M\u00f3wi si\u0119, \u017ce pi\u0119kno kobiety wida\u0107 w jej oczach, poniewa\u017c s\u0105 one zwierciad\u0142em jej duszy, dlatego zadbaj o to, aby Twoje oczy i spojrzenie by\u0142y niezapomniane.<\/p>\n<p>Specjalnie dla Ciebie wybrali\u015bmy te sztuczne rz\u0119sy, poniewa\u017c wierzymy, \u017ce pomog\u0105 Ci osi\u0105gn\u0105\u0107 idealny wygl\u0105d. Nasze sztuczne rz\u0119sy s\u0105 bardzo \u0142atwe w aplikacji, niezwykle lekkie i wygodne. Mo\u017cesz je nosi\u0107 przez ca\u0142y dzie\u0144 w ka\u017cdych warunkach.<\/p>\n<p class=\"translation-block\">B\u0105d\u017a przygotowany, sprawd\u017a nasz\u0105 specjaln\u0105 ofert\u0119 pude\u0142ek Arya. Znajdziesz u nas wszystko, czego potrzebujesz do zawod\u00f3w bikini fitness w obni\u017conej cenie. W tych pude\u0142kach znajdziesz r\u00f3wnie\u017c nasze sztuczne rz\u0119sy.<\/p>\n<p>Wiemy, co w ci\u0105gu sekundy odmieni Tw\u00f3j wygl\u0105d z \u0142adnego w ca\u0142kowicie doskona\u0142y - nasze sztuczne rz\u0119sy. Dodanie dramaturgii i obj\u0119to\u015bci do twojego wygl\u0105du to kwestia sekund. Dzi\u0119ki naszym rz\u0119som bez wi\u0119kszego wysi\u0142ku zawsze b\u0119dziesz wygl\u0105da\u0107 \u015bwie\u017co i m\u0142odo. Przygotuj si\u0119 na zdj\u0119cia, zabierz ze sob\u0105 sztuczne rz\u0119sy Arya \u2014 obiecujemy, \u017ce sprawi\u0105, \u017ce b\u0119dziesz wygl\u0105da\u0107 po prostu ol\u015bniewaj\u0105co na ka\u017cdym zdj\u0119ciu pod ka\u017cdym k\u0105tem.<\/p>","protected":false},"excerpt":{"rendered":"<p>Sztuczne rz\u0119sy Arya s\u0105 odpowiednim dodatkiem na zawody, aby stworzy\u0107 uwodzicielski wygl\u0105d. W por\u00f3wnaniu ze zwyk\u0142ymi sztucznymi rz\u0119sami s\u0105 bardziej wyraziste, d\u0142u\u017csze i pi\u0119knie podkr\u0119cone. Zapewni\u0105 Ci zmys\u0142owy wygl\u0105d. Reprezentuj\u0105 wisienk\u0119 na szczycie twojego ko\u0144cowego makija\u017cu.<\/p>","protected":false},"featured_media":951,"comment_status":"open","ping_status":"closed","template":"","meta":{"_acf_changed":false},"product_brand":[],"product_cat":[47,101,24],"product_tag":[],"class_list":{"0":"post-257","1":"product","2":"type-product","3":"status-publish","4":"has-post-thumbnail","6":"product_cat-fake-lashes","7":"product_cat-bestsellers","8":"product_cat-recommended-products","9":"tm-no-options","11":"first","12":"instock","13":"sale","14":"shipping-taxable","15":"purchasable","16":"product-type-simple"},"acf":[],"jetpack_sharing_enabled":true,"_links":{"self":[{"href":"https:\/\/www.aryabikini.com\/pl\/wp-json\/wp\/v2\/product\/257","targetHints":{"allow":["GET"]}}],"collection":[{"href":"https:\/\/www.aryabikini.com\/pl\/wp-json\/wp\/v2\/product"}],"about":[{"href":"https:\/\/www.aryabikini.com\/pl\/wp-json\/wp\/v2\/types\/product"}],"replies":[{"embeddable":true,"href":"https:\/\/www.aryabikini.com\/pl\/wp-json\/wp\/v2\/comments?post=257"}],"wp:featuredmedia":[{"embeddable":true,"href":"https:\/\/www.aryabikini.com\/pl\/wp-json\/wp\/v2\/media\/951"}],"wp:attachment":[{"href":"https:\/\/www.aryabikini.com\/pl\/wp-json\/wp\/v2\/media?parent=257"}],"wp:term":[{"taxonomy":"product_brand","embeddable":true,"href":"https:\/\/www.aryabikini.com\/pl\/wp-json\/wp\/v2\/product_brand?post=257"},{"taxonomy":"product_cat","embeddable":true,"href":"https:\/\/www.aryabikini.com\/pl\/wp-json\/wp\/v2\/product_cat?post=257"},{"taxonomy":"product_tag","embeddable":true,"href":"https:\/\/www.aryabikini.com\/pl\/wp-json\/wp\/v2\/product_tag?post=257"}],"curies":[{"name":"wp","href":"https:\/\/api.w.org\/{rel}","templated":true}]}}