{"id":240,"date":"2022-08-08T12:21:27","date_gmt":"2022-08-08T10:21:27","guid":{"rendered":"https:\/\/www.aryabikini.com\/?post_type=product&#038;p=240"},"modified":"2024-08-26T20:55:42","modified_gmt":"2024-08-26T18:55:42","slug":"detangler-brush-gray-goldstone","status":"publish","type":"product","link":"https:\/\/www.aryabikini.com\/pl\/produkt\/detangler-brush-gray-goldstone\/","title":{"rendered":"Szczotka do rozczesywania - Szary kamie\u0144 z\u0142oty"},"content":{"rendered":"<p>Hair detangler marki Arya \u0142\u0105czy w sobie jedn\u0105 z najlepszych technologii rozpl\u0105tywania w\u0142os\u00f3w z innowacyjnym designem. Po pierwsze, dzi\u0119ki 300 elastycznym w\u0142osom, ten detangler do w\u0142os\u00f3w prze\u015blizgnie si\u0119 przez Twoje w\u0142osy bez \u017cadnego dyskomfortu. Jest to idealna rzecz w podr\u00f3\u017cy, kt\u00f3r\u0105 mo\u017cesz mie\u0107 przy sobie. Jest raczej ma\u0142y, wi\u0119c pasuje dos\u0142ownie do ka\u017cdej torby. To jest tw\u00f3j ma\u0142y przyjaciel, kt\u00f3ry jest ma\u0142y, ale pot\u0119\u017cny.<\/p>\n<p>Jest to idealny przedmiot podr\u00f3\u017cny, kt\u00f3ry mo\u017cesz zabra\u0107 ze sob\u0105 wsz\u0119dzie dzi\u0119ki niesamowitemu rozmiarowi i dopasowaniu. Zmie\u015bci si\u0119 dos\u0142ownie do ka\u017cdej torebki. Wszystkie szczotki Arya pasuj\u0105 do ca\u0142ej naszej kolekcji fitness, co oznacza, \u017ce s\u0105 tak samo wspaniale b\u0142yszcz\u0105ce jak nasze szpilki do pozowania lub bikini na zawody.<\/p>\n<p class=\"translation-block\">Mo\u017cesz wybiera\u0107 spo\u015br\u00f3d trzech r\u00f3\u017cnych wariant\u00f3w kolorystycznych.Nie zapomnij spakowa\u0107 tej szczotki do w\u0142os\u00f3w podczas podr\u00f3\u017cy, a zdziwisz si\u0119, jak bardzo ci pomo\u017ce.<\/p>\n<p>G\u0142\u00f3wny materia\u0142: plastik<\/p>\n<p>&nbsp;<\/p>","protected":false},"excerpt":{"rendered":"<p>Szczotka do w\u0142os\u00f3w jest cz\u0119\u015bci\u0105 naszej kolekcji, poniewa\u017c jest to codzienny must have. Nie mogli\u015bmy si\u0119 oprze\u0107, ale dodali\u015bmy t\u0119 b\u0142yszcz\u0105c\u0105 szczotk\u0119 do w\u0142os\u00f3w do naszej kolekcji produkt\u00f3w Arya, poniewa\u017c teraz mo\u017cesz dopasowa\u0107 swoje bikini fitness, butelk\u0119 i wszystko inne do tych uroczych szczotek.<\/p>","protected":false},"featured_media":945,"comment_status":"open","ping_status":"closed","template":"","meta":{"_acf_changed":false},"product_brand":[],"product_cat":[46,32],"product_tag":[],"class_list":{"0":"post-240","1":"product","2":"type-product","3":"status-publish","4":"has-post-thumbnail","6":"product_cat-detangler-brush","7":"product_cat-arya-accessories","8":"tm-no-options","10":"first","11":"instock","12":"shipping-taxable","13":"purchasable","14":"product-type-simple"},"acf":[],"jetpack_sharing_enabled":true,"_links":{"self":[{"href":"https:\/\/www.aryabikini.com\/pl\/wp-json\/wp\/v2\/product\/240","targetHints":{"allow":["GET"]}}],"collection":[{"href":"https:\/\/www.aryabikini.com\/pl\/wp-json\/wp\/v2\/product"}],"about":[{"href":"https:\/\/www.aryabikini.com\/pl\/wp-json\/wp\/v2\/types\/product"}],"replies":[{"embeddable":true,"href":"https:\/\/www.aryabikini.com\/pl\/wp-json\/wp\/v2\/comments?post=240"}],"wp:featuredmedia":[{"embeddable":true,"href":"https:\/\/www.aryabikini.com\/pl\/wp-json\/wp\/v2\/media\/945"}],"wp:attachment":[{"href":"https:\/\/www.aryabikini.com\/pl\/wp-json\/wp\/v2\/media?parent=240"}],"wp:term":[{"taxonomy":"product_brand","embeddable":true,"href":"https:\/\/www.aryabikini.com\/pl\/wp-json\/wp\/v2\/product_brand?post=240"},{"taxonomy":"product_cat","embeddable":true,"href":"https:\/\/www.aryabikini.com\/pl\/wp-json\/wp\/v2\/product_cat?post=240"},{"taxonomy":"product_tag","embeddable":true,"href":"https:\/\/www.aryabikini.com\/pl\/wp-json\/wp\/v2\/product_tag?post=240"}],"curies":[{"name":"wp","href":"https:\/\/api.w.org\/{rel}","templated":true}]}}