{"id":1847,"date":"2022-09-19T18:14:06","date_gmt":"2022-09-19T16:14:06","guid":{"rendered":"https:\/\/www.aryabikini.com\/?post_type=product&#038;p=1847"},"modified":"2024-08-29T17:58:25","modified_gmt":"2024-08-29T15:58:25","slug":"posing-heels-jasmine","status":"publish","type":"product","link":"https:\/\/www.aryabikini.com\/pl\/produkt\/posing-heels-jasmine\/","title":{"rendered":"Obcasy do pozowania - Jasmine"},"content":{"rendered":"<p>Szpilki odpowiednie na zawody bikini fitness zosta\u0142y stworzone z my\u015bl\u0105 o tym, by sprawia\u0107 Ci rado\u015b\u0107 z prezentacji na scenie.<\/p>\n<p class=\"translation-block\">Wybierz z naszej szerokiej gamy niesamowitych szpilek na zawody, kt\u00f3re dodadz\u0105 odpowiedniego stylu Twojemu wygl\u0105dowi. Mo\u017cna je r\u00f3wnie\u017c wykorzysta\u0107 w r\u00f3\u017cnych wyst\u0119pach tanecznych, takich jak pole dance, ale tak\u017ce w kulturystyce.<\/p>\n<p>Chod\u017a po scenie z gracj\u0105! Nasze szpilki wygl\u0105daj\u0105 wi\u0119cej ni\u017c idealnie podczas chodzenia, pozowania, stania, po prostu wszystkiego, czego b\u0119dzie si\u0119 od Ciebie wymaga\u0107 na zawodach. Przezroczyste winylowe obcasy s\u0105 obowi\u0105zkowym wyposa\u017ceniem na wszystkie sezony rywalizacji. Szpliki Chod\u017a po scenie z gracj\u0105! Nasze szpilki wygl\u0105daj\u0105 wi\u0119cej ni\u017c idealnie podczas chodzenia, pozowania, stania, po prostu wszystkiego, czego b\u0119dzie si\u0119 od Ciebie wymaga\u0107 na zawodach. Przezroczyste winylowe szpilki s\u0105 obowi\u0105zkowym wyposa\u017ceniem na wszystkie sezony rywalizacji. Szpliki s\u0105 r\u00f3wnie\u017c idealne w po\u0142\u0105czeniu z naszymi bikini fitness. Z nimi przyci\u0105gniesz uwag\u0119 wsz\u0119dzie, gdzie si\u0119 pojawisz - jak sam Kopciuszek.<\/p>\n<p>Wa\u017cna informacja: Przed zam\u00f3wieniem jakichkolwiek szpilek prosimy o dok\u0142adne zapoznanie si\u0119 z regulaminem zawod\u00f3w pod k\u0105tem kategorii, w kt\u00f3rej chcecie startowa\u0107 oraz szczeg\u00f3\u0142owych kryteri\u00f3w wygl\u0105du obcas\u00f3w. Pami\u0119taj, \u017ce zasady r\u00f3\u017cni\u0105 si\u0119 w zale\u017cno\u015bci od federacji i ewentualnie kategorii. Wa\u017cne jest, aby sprawdzi\u0107 to przed z\u0142o\u017ceniem zam\u00f3wienia. Przed z\u0142o\u017ceniem ca\u0142ego zam\u00f3wienia upewnij si\u0119, \u017ce masz odpowiedni rozmiar, styl i, co najwa\u017cniejsze, wysoko\u015b\u0107 szpilki. Sw\u00f3j rozmiar mo\u017cesz sprawdzi\u0107 w naszym \u201ePrzewodniku po rozmiarach\u201d.<\/p>","protected":false},"excerpt":{"rendered":"<p>Polecamy nasze rewelacyjne szpilki Arya na wszelkie zawody fitness lub bikini fitness. Zaprojektowane zosta\u0142y z my\u015bl\u0105 o zasadach zawod\u00f3w fitness, spe\u0142niaj\u0105c wszystkie ich kryteria.<\/p>","protected":false},"featured_media":1827,"comment_status":"open","ping_status":"closed","template":"","meta":{"_acf_changed":false},"product_brand":[],"product_cat":[39,101],"product_tag":[],"class_list":{"0":"post-1847","1":"product","2":"type-product","3":"status-publish","4":"has-post-thumbnail","6":"product_cat-posing-heels","7":"product_cat-bestsellers","8":"tm-no-options","10":"first","11":"instock","12":"shipping-taxable","13":"purchasable","14":"product-type-variable"},"acf":[],"jetpack_sharing_enabled":true,"_links":{"self":[{"href":"https:\/\/www.aryabikini.com\/pl\/wp-json\/wp\/v2\/product\/1847","targetHints":{"allow":["GET"]}}],"collection":[{"href":"https:\/\/www.aryabikini.com\/pl\/wp-json\/wp\/v2\/product"}],"about":[{"href":"https:\/\/www.aryabikini.com\/pl\/wp-json\/wp\/v2\/types\/product"}],"replies":[{"embeddable":true,"href":"https:\/\/www.aryabikini.com\/pl\/wp-json\/wp\/v2\/comments?post=1847"}],"wp:featuredmedia":[{"embeddable":true,"href":"https:\/\/www.aryabikini.com\/pl\/wp-json\/wp\/v2\/media\/1827"}],"wp:attachment":[{"href":"https:\/\/www.aryabikini.com\/pl\/wp-json\/wp\/v2\/media?parent=1847"}],"wp:term":[{"taxonomy":"product_brand","embeddable":true,"href":"https:\/\/www.aryabikini.com\/pl\/wp-json\/wp\/v2\/product_brand?post=1847"},{"taxonomy":"product_cat","embeddable":true,"href":"https:\/\/www.aryabikini.com\/pl\/wp-json\/wp\/v2\/product_cat?post=1847"},{"taxonomy":"product_tag","embeddable":true,"href":"https:\/\/www.aryabikini.com\/pl\/wp-json\/wp\/v2\/product_tag?post=1847"}],"curies":[{"name":"wp","href":"https:\/\/api.w.org\/{rel}","templated":true}]}}