{"id":1746,"date":"2022-09-12T14:17:19","date_gmt":"2022-09-12T12:17:19","guid":{"rendered":"https:\/\/www.aryabikini.com\/?post_type=product&#038;p=1746"},"modified":"2024-08-29T17:59:15","modified_gmt":"2024-08-29T15:59:15","slug":"competition-bikini-purple-queen-fitmodel-dress","status":"publish","type":"product","link":"https:\/\/www.aryabikini.com\/pl\/produkt\/competition-bikini-purple-queen-fitmodel-dress\/","title":{"rendered":"Bikini konkursowe - Purple Queen - str\u00f3j FitModel"},"content":{"rendered":"<p>Sukienka Fitmodel Purple queen wykonana jest z najwy\u017cszej jako\u015bci aksamitu i satyny, dzi\u0119ki czemu wygl\u0105da naprawd\u0119 luksusowo. Idealn\u0105 sukienk\u0119 premium Fitmodel znajdziesz tutaj. Nie musisz szuka\u0107 dalej. Tworzymy stroje na zawody dla prawie ka\u017cdej kategorii IFBB. Jako\u015b\u0107 wraz z satysfakcj\u0105 klienta jest dla nas najwy\u017cszym priorytetem.<\/p>\n<p>Przed przymocowaniem ka\u017cdego kryszta\u0142u i kamienia do bikini, dok\u0142adnie sprawdzamy i przetwarzamy je w ostateczn\u0105 form\u0119, kt\u00f3r\u0105 zobaczysz na swoim wyj\u0105tkowym bikini. Kryszta\u0142y mocujemy r\u0119cznie, a nie maszynowo, tak aby w rezultacie tworzy\u0142y jak najdoskonalszy efekt kolorystyczny. Pracujemy z kryszta\u0142ami we wszystkich kolorach. Nasze cyrkonie maj\u0105 okr\u0105g\u0142y kszta\u0142t, poniewa\u017c z naszego osobistego do\u015bwiadczenia wynika, \u017ce ten kszta\u0142t jest najlepszym wyborem dla ka\u017cdego bikini na zawody. Nasza kolekcja nie tylko dobrze wygl\u0105da, ale jest r\u00f3wnie\u017c idealnie dopasowana do Twojej sylwetki.<\/p>\n<p>Dok\u0142adamy wszelkich stara\u0144, aby zapewni\u0107 idealne bikini wszystkim naszym klientom. Aby zam\u00f3wi\u0107 nasze bikini Arya, prze\u015blij nam swoje wymiary. Potwierdzimy, czy wybra\u0142e\u015b odpowiedni rozmiar zgodnie z Twoimi wymiarami. Prosimy o wype\u0142nienie pola \"Twoje wymiary\".<\/p>","protected":false},"excerpt":{"rendered":"<p>Overall, we work with the highest quality velvet and satin, which both create luxurious look. This is the perfect FitModel dress that you have been looking for. Do not forget we create competition posing bikinis for almost every IFBB category. Finally, we would like to emphasize that quality is our priority. We carefully manipulate every [&hellip;]<\/p>\n","protected":false},"featured_media":1795,"comment_status":"open","ping_status":"closed","template":"","meta":{"_acf_changed":false},"product_brand":[],"product_cat":[25,28],"product_tag":[],"class_list":{"0":"post-1746","1":"product","2":"type-product","3":"status-publish","4":"has-post-thumbnail","6":"product_cat-competition-bikini","7":"product_cat-fitmodel","8":"tm-has-options","10":"first","11":"instock","12":"shipping-taxable","13":"purchasable","14":"product-type-simple"},"acf":[],"jetpack_sharing_enabled":true,"_links":{"self":[{"href":"https:\/\/www.aryabikini.com\/pl\/wp-json\/wp\/v2\/product\/1746","targetHints":{"allow":["GET"]}}],"collection":[{"href":"https:\/\/www.aryabikini.com\/pl\/wp-json\/wp\/v2\/product"}],"about":[{"href":"https:\/\/www.aryabikini.com\/pl\/wp-json\/wp\/v2\/types\/product"}],"replies":[{"embeddable":true,"href":"https:\/\/www.aryabikini.com\/pl\/wp-json\/wp\/v2\/comments?post=1746"}],"wp:featuredmedia":[{"embeddable":true,"href":"https:\/\/www.aryabikini.com\/pl\/wp-json\/wp\/v2\/media\/1795"}],"wp:attachment":[{"href":"https:\/\/www.aryabikini.com\/pl\/wp-json\/wp\/v2\/media?parent=1746"}],"wp:term":[{"taxonomy":"product_brand","embeddable":true,"href":"https:\/\/www.aryabikini.com\/pl\/wp-json\/wp\/v2\/product_brand?post=1746"},{"taxonomy":"product_cat","embeddable":true,"href":"https:\/\/www.aryabikini.com\/pl\/wp-json\/wp\/v2\/product_cat?post=1746"},{"taxonomy":"product_tag","embeddable":true,"href":"https:\/\/www.aryabikini.com\/pl\/wp-json\/wp\/v2\/product_tag?post=1746"}],"curies":[{"name":"wp","href":"https:\/\/api.w.org\/{rel}","templated":true}]}}