{"id":1696,"date":"2022-09-12T14:03:33","date_gmt":"2022-09-12T12:03:33","guid":{"rendered":"https:\/\/www.aryabikini.com\/?post_type=product&#038;p=1696"},"modified":"2024-08-29T17:59:31","modified_gmt":"2024-08-29T15:59:31","slug":"competition-bikini-raspberry-lemonade-fitmodel","status":"publish","type":"product","link":"https:\/\/www.aryabikini.com\/pl\/produkt\/konkurs-bikini-malina-lemonada-fitmodel\/","title":{"rendered":"Bikini konkursowe - malinowa lemoniada - FitModel"},"content":{"rendered":"<p class=\"translation-block\">Bikini FitModel jest jednym z naszych pi\u0119knych, jednocz\u0119\u015bciowych bikini, kt\u00f3re produkujemy na zawody IFBB w kategorii Fit-Model. Bikini jest wykonane r\u0119cznie z najwy\u017cszej jako\u015bci elastycznego aksamitu, kt\u00f3ry w dotyku przypomina plusz. To mi\u0119kkie w dotyku wyko\u0144czenie sprawia, \u017ce produkt jest wygodny do noszenia, bardzo przytulny i wci\u0105\u017c b\u0142yszcz\u0105cy dzi\u0119ki kr\u00f3tkim w\u0142\u00f3knom. U\u017cywamy najwy\u017cszej jako\u015bci aksamitu, kt\u00f3ry nadaje produktowi luksusowy wygl\u0105d. Jest to idealne bikini FitModel, kt\u00f3rego szuka\u0142a\u015b. Nie zapominaj, \u017ce tworzymy bikini konkursowe dla prawie ka\u017cdej kategorii <a href=\"https:\/\/ifbb.com\/\" target=\"_self\">IFBB<\/a>. Na koniec chcieliby\u015bmy podkre\u015bli\u0107, \u017ce jako\u015b\u0107 jest naszym priorytetem.<\/p>\n<p class=\"p1\">Materia\u0142 bikini: Materia\u0142: 95% poliester, 5% elastan<\/p>\n<p class=\"p1\">Kryszta\u0142owy materia\u0142: kryszta\u0142, lu\u017ane kamienie, kszta\u0142t: okr\u0105g\u0142y, technika: Hot-fix.<\/p>\n<p class=\"p1\">Do mocowania kryszta\u0142k\u00f3w i kamieni do bikini u\u017cywamy profesjonalnego kleju do tkanin.<\/p>\n<p class=\"p1 translation-block\">Przed przymocowaniem ka\u017cdego kryszta\u0142u i kamienia do bikini, dok\u0142adnie sprawdzamy i przetwarzamy je w ostateczn\u0105 form\u0119, kt\u00f3r\u0105 zobaczysz na swoim wyj\u0105tkowym bikini. Kryszta\u0142y mocujemy r\u0119cznie, a nie maszynowo, tak aby w rezultacie tworzy\u0142y jak najdoskonalszy efekt kolorystyczny. Pracujemy z kryszta\u0142ami we wszystkich kolorach. Nasze cyrkonie maj\u0105 okr\u0105g\u0142y kszta\u0142t, poniewa\u017c z naszego osobistego do\u015bwiadczenia wynika, \u017ce ten kszta\u0142t jest najlepszym wyborem dla ka\u017cdego bikini na zawody. Robimy wszystko, co w naszej mocy, aby zapewni\u0107 wszystkim naszym klientom idealn\u0105 poz\u0119 bikini. Je\u015bli chcesz zobaczy\u0107 ca\u0142\u0105 nasz\u0105 niesamowit\u0105 kolekcj\u0119, wystarczy klikn\u0105\u0107 tutaj. Nasza kolekcja nie tylko dobrze wygl\u0105da, ale jest r\u00f3wnie\u017c idealnie dopasowana do Twojej sylwetki.<\/p>\n<p class=\"p1\"><span class=\"Apple-converted-space\">Aby zam\u00f3wi\u0107 nasze bikini Arya, prze\u015blij nam swoje wymiary. Potwierdzimy, czy wybra\u0142e\u015b odpowiedni rozmiar zgodnie z Twoimi pomiarami. Prosimy o wype\u0142nienie pola \"Twoje wymiary\".<\/span><\/p>","protected":false},"excerpt":{"rendered":"<p>FitModel bikini is one of our beautiful one-piece bikinis which we make for IFBB competitions in the Fit-Model category. It is hand made from highest quality stretchy velvet with plush like final touch. This soft-to-touch finish create product that is comfortable for wearing, very snugly and still shiny thanks to its short fibre piles. We [&hellip;]<\/p>\n","protected":false},"featured_media":1745,"comment_status":"open","ping_status":"closed","template":"","meta":{"_acf_changed":false},"product_brand":[],"product_cat":[25,28],"product_tag":[],"class_list":{"0":"post-1696","1":"product","2":"type-product","3":"status-publish","4":"has-post-thumbnail","6":"product_cat-competition-bikini","7":"product_cat-fitmodel","8":"tm-has-options","10":"first","11":"instock","12":"shipping-taxable","13":"purchasable","14":"product-type-simple"},"acf":[],"jetpack_sharing_enabled":true,"_links":{"self":[{"href":"https:\/\/www.aryabikini.com\/pl\/wp-json\/wp\/v2\/product\/1696","targetHints":{"allow":["GET"]}}],"collection":[{"href":"https:\/\/www.aryabikini.com\/pl\/wp-json\/wp\/v2\/product"}],"about":[{"href":"https:\/\/www.aryabikini.com\/pl\/wp-json\/wp\/v2\/types\/product"}],"replies":[{"embeddable":true,"href":"https:\/\/www.aryabikini.com\/pl\/wp-json\/wp\/v2\/comments?post=1696"}],"wp:featuredmedia":[{"embeddable":true,"href":"https:\/\/www.aryabikini.com\/pl\/wp-json\/wp\/v2\/media\/1745"}],"wp:attachment":[{"href":"https:\/\/www.aryabikini.com\/pl\/wp-json\/wp\/v2\/media?parent=1696"}],"wp:term":[{"taxonomy":"product_brand","embeddable":true,"href":"https:\/\/www.aryabikini.com\/pl\/wp-json\/wp\/v2\/product_brand?post=1696"},{"taxonomy":"product_cat","embeddable":true,"href":"https:\/\/www.aryabikini.com\/pl\/wp-json\/wp\/v2\/product_cat?post=1696"},{"taxonomy":"product_tag","embeddable":true,"href":"https:\/\/www.aryabikini.com\/pl\/wp-json\/wp\/v2\/product_tag?post=1696"}],"curies":[{"name":"wp","href":"https:\/\/api.w.org\/{rel}","templated":true}]}}