{"id":1692,"date":"2022-09-12T11:46:17","date_gmt":"2022-09-12T09:46:17","guid":{"rendered":"https:\/\/www.aryabikini.com\/?post_type=product&#038;p=1692"},"modified":"2024-08-29T17:59:47","modified_gmt":"2024-08-29T15:59:47","slug":"classic-box","status":"publish","type":"product","link":"https:\/\/www.aryabikini.com\/pl\/produkt\/classic-box-2\/","title":{"rendered":"Classic Box"},"content":{"rendered":"<p>Przygotowuj\u0105c si\u0119 do pokazu bikini fitness, potrzebujesz kilku konkretnych <span class=\"jsx-3852835299 diff-chunk diff-chunk-inserted diff-chunk-modified active\">akcesoria<\/span> aby odnie\u015b\u0107 sukces. W tym pude\u0142ku mo\u017cesz znale\u017a\u0107 prawie wszystko. Od podstawowych niezb\u0119dnik\u00f3w, bez kt\u00f3rych nie mo\u017cesz uczestniczy\u0107 w programie, po najmniejsze szczeg\u00f3\u0142y, takie jak nasze majestatyczne akcesoria i rz\u0119sy.<\/p>\n<p>Zebrali\u015bmy wszystkie niezb\u0119dniki najwy\u017cszej jako\u015bci na zawody fitness, a wszystko to z wyj\u0105tkow\u0105 zni\u017ck\u0105.<\/p>\n<p class=\"translation-block\">Je\u015bli chcesz zobaczy\u0107 wi\u0119cej informacji na temat bikini fitness, po prostu kliknij tutaj, aby dowiedzie\u0107 si\u0119 wi\u0119cej. Je\u015bli chcesz skompletowa\u0107 ca\u0142y zestaw startowy, nasz klasyczny fitness box jest dla Ciebie najbardziej op\u0142acaln\u0105 opcj\u0105.<\/p>","protected":false},"excerpt":{"rendered":"<p>Stw\u00f3rz w\u0142asne, spersonalizowane pude\u0142ko fitness. Wybierz z szerokiej gamy opcji poni\u017cej i kup nasze produkty premium po obni\u017conej cenie.<\/p>","protected":false},"featured_media":1838,"comment_status":"open","ping_status":"closed","template":"","meta":{"_acf_changed":false},"product_brand":[],"product_cat":[31,43],"product_tag":[],"class_list":{"0":"post-1692","1":"product","2":"type-product","3":"status-publish","4":"has-post-thumbnail","6":"product_cat-arya-box","7":"product_cat-classic-box","8":"tm-has-options","10":"first","11":"instock","12":"shipping-taxable","13":"purchasable","14":"product-type-simple"},"acf":[],"jetpack_sharing_enabled":true,"_links":{"self":[{"href":"https:\/\/www.aryabikini.com\/pl\/wp-json\/wp\/v2\/product\/1692","targetHints":{"allow":["GET"]}}],"collection":[{"href":"https:\/\/www.aryabikini.com\/pl\/wp-json\/wp\/v2\/product"}],"about":[{"href":"https:\/\/www.aryabikini.com\/pl\/wp-json\/wp\/v2\/types\/product"}],"replies":[{"embeddable":true,"href":"https:\/\/www.aryabikini.com\/pl\/wp-json\/wp\/v2\/comments?post=1692"}],"wp:featuredmedia":[{"embeddable":true,"href":"https:\/\/www.aryabikini.com\/pl\/wp-json\/wp\/v2\/media\/1838"}],"wp:attachment":[{"href":"https:\/\/www.aryabikini.com\/pl\/wp-json\/wp\/v2\/media?parent=1692"}],"wp:term":[{"taxonomy":"product_brand","embeddable":true,"href":"https:\/\/www.aryabikini.com\/pl\/wp-json\/wp\/v2\/product_brand?post=1692"},{"taxonomy":"product_cat","embeddable":true,"href":"https:\/\/www.aryabikini.com\/pl\/wp-json\/wp\/v2\/product_cat?post=1692"},{"taxonomy":"product_tag","embeddable":true,"href":"https:\/\/www.aryabikini.com\/pl\/wp-json\/wp\/v2\/product_tag?post=1692"}],"curies":[{"name":"wp","href":"https:\/\/api.w.org\/{rel}","templated":true}]}}