{"id":1625,"date":"2022-09-05T15:29:48","date_gmt":"2022-09-05T13:29:48","guid":{"rendered":"https:\/\/www.aryabikini.com\/?post_type=product&#038;p=1625"},"modified":"2024-08-26T20:42:00","modified_gmt":"2024-08-26T18:42:00","slug":"competition-jewelry-silver-set","status":"publish","type":"product","link":"https:\/\/www.aryabikini.com\/pl\/produkt\/konkurs-bizuterii-srebrnych-set\/","title":{"rendered":"Bi\u017cuteria konkursowa - Zestaw srebrny"},"content":{"rendered":"<p class=\"translation-block\">Mocno wierzymy, \u017ce zab\u0142y\u015bniesz dzi\u0119ki tej b\u0142yszcz\u0105cej bransoletce i jednemu z tych diamentowych kolczyk\u00f3w z naszej kolekcji bi\u017cuterii Arya. Je\u015bli podoba Ci si\u0119 nasza bi\u017cuteria, nie zapomnij zajrze\u0107 do pude\u0142ek Arya. Znajdziesz w nich najpotrzebniejsze rzeczy na Twoje przysz\u0142e zawody w bikini fitness w najlepszej cenie.<\/p>\n<p>Zabierz t\u0119 niezwykle urocz\u0105 bi\u017cuteri\u0119 na zawody i wygraj. Nasza kolekcja but\u00f3w fitness doskonale komponuje si\u0119 z tym srebrnym zestawem bi\u017cuterii.<\/p>\n<p>Bi\u017cuteria jest tak wa\u017cnym dodatkiem, \u017ce nigdy nie nale\u017cy lekcewa\u017cy\u0107 jej mocy. Na zawody nale\u017cy patrze\u0107 ca\u0142o\u015bciowo, poniewa\u017c zaprezentujecie si\u0119 ca\u0142\u0105 sob\u0105, w\u0142\u0105czaj\u0105c w to swoj\u0105 osobowo\u015b\u0107, a nie tylko cia\u0142o. Cz\u0119sto to szczeg\u00f3\u0142y s\u0105 najwa\u017cniejsze. Jeste\u015bmy przekonani, \u017ce nasza bi\u017cuteria zapewni ka\u017cdej z Was najdoskonalszy fina\u0142 na scenie.<\/p>\n<p>&nbsp;<\/p>","protected":false},"excerpt":{"rendered":"<p>Bi\u017cuteria to kolejny wa\u017cny element dope\u0142niaj\u0105cy Tw\u00f3j ostateczny wygl\u0105d na scenie. Wybieraj je m\u0105drze, poniewa\u017c odpowiednia bi\u017cuteria poprawi Tw\u00f3j wygl\u0105d, ale z\u0142a bi\u017cuteria mo\u017ce go zepsu\u0107. Oferujemy bi\u017cuteri\u0119 srebrn\u0105 i z\u0142ot\u0105 dla ka\u017cdego odcienia sk\u00f3ry. Nie mo\u017cesz si\u0119 pomyli\u0107 z tak\u0105 bi\u017cuteri\u0105. To jest evergreen i wkr\u00f3tce zrozumiesz, dlaczego. Zadbali\u015bmy o to, aby ca\u0142a nasza bi\u017cuteria by\u0142a jednocze\u015bnie elegancka, luksusowa i niedroga.<\/p>\n<p>Nasza bi\u017cuteria w naturalny spos\u00f3b odbija \u015bwiat\u0142o, dzi\u0119ki czemu zab\u0142y\u015bniesz na scenie. S\u0105 idealnym dodatkiem do ka\u017cdego wyst\u0119pu scenicznego.<\/p>","protected":false},"featured_media":1661,"comment_status":"open","ping_status":"closed","template":"","meta":{"_acf_changed":false},"product_brand":[],"product_cat":[40,32,101,115,24],"product_tag":[],"class_list":{"0":"post-1625","1":"product","2":"type-product","3":"status-publish","4":"has-post-thumbnail","6":"product_cat-competition-jewerly","7":"product_cat-arya-accessories","8":"product_cat-bestsellers","9":"product_cat-jewerly-set","10":"product_cat-recommended-products","11":"tm-no-options","13":"first","14":"instock","15":"shipping-taxable","16":"purchasable","17":"product-type-variable"},"acf":[],"jetpack_sharing_enabled":true,"_links":{"self":[{"href":"https:\/\/www.aryabikini.com\/pl\/wp-json\/wp\/v2\/product\/1625","targetHints":{"allow":["GET"]}}],"collection":[{"href":"https:\/\/www.aryabikini.com\/pl\/wp-json\/wp\/v2\/product"}],"about":[{"href":"https:\/\/www.aryabikini.com\/pl\/wp-json\/wp\/v2\/types\/product"}],"replies":[{"embeddable":true,"href":"https:\/\/www.aryabikini.com\/pl\/wp-json\/wp\/v2\/comments?post=1625"}],"wp:featuredmedia":[{"embeddable":true,"href":"https:\/\/www.aryabikini.com\/pl\/wp-json\/wp\/v2\/media\/1661"}],"wp:attachment":[{"href":"https:\/\/www.aryabikini.com\/pl\/wp-json\/wp\/v2\/media?parent=1625"}],"wp:term":[{"taxonomy":"product_brand","embeddable":true,"href":"https:\/\/www.aryabikini.com\/pl\/wp-json\/wp\/v2\/product_brand?post=1625"},{"taxonomy":"product_cat","embeddable":true,"href":"https:\/\/www.aryabikini.com\/pl\/wp-json\/wp\/v2\/product_cat?post=1625"},{"taxonomy":"product_tag","embeddable":true,"href":"https:\/\/www.aryabikini.com\/pl\/wp-json\/wp\/v2\/product_tag?post=1625"}],"curies":[{"name":"wp","href":"https:\/\/api.w.org\/{rel}","templated":true}]}}