{"id":1496,"date":"2022-08-19T21:11:46","date_gmt":"2022-08-19T19:11:46","guid":{"rendered":"https:\/\/www.aryabikini.com\/?post_type=product&#038;p=1496"},"modified":"2024-08-29T18:00:20","modified_gmt":"2024-08-29T16:00:20","slug":"see-me-in-bikini","status":"publish","type":"product","link":"https:\/\/www.aryabikini.com\/pl\/produkt\/see-me-in-bikini\/","title":{"rendered":"Wypr\u00f3buj swoje bikini"},"content":{"rendered":"<p>Zar\u00f3wno cena us\u0142ugi, jak i kaucja musz\u0105 by\u0107 op\u0142acone z g\u00f3ry. Po otrzymaniu kwoty wysy\u0142amy bikini.<\/p>\n<p>Na przymierzenie naszego bikini masz 5 dni roboczych. Za ka\u017cdy dodatkowy dzie\u0144 naliczana jest op\u0142ata w wysoko\u015bci 5 \u20ac. W tym przypadku pieni\u0105dze zostan\u0105 pobrane z depozytu.<\/p>\n<p>Arya oferuje darmow\u0105 przesy\u0142k\u0119 zwrotn\u0105.<\/p>\n<p>Prosimy o przymiark\u0119 bikini w bieli\u017anie. Produkty Arya s\u0105 wykonane z tkanin delikatnych, podlegaj\u0105cym przepisom higienicznym, dlatego prosimy o wyrozumia\u0142o\u015b\u0107 w stosunku do nas i innych klient\u00f3w.<\/p>\n<p>Wysy\u0142amy produkty wysokiej jako\u015bci, w 100% czyste, dlatego oczekujemy, \u017ce wr\u00f3c\u0105 w nienaruszonym stanie. Je\u015bli zwr\u00f3cisz bikini z uszkodzeniami lub zabrudzeniami, b\u0119dziemy musieli obci\u0105\u017cy\u0107 Ci\u0119 dodatkow\u0105 op\u0142at\u0105 w wysoko\u015bci 50 \u20ac.<\/p>\n<p>Kaucja zostanie zwr\u00f3cona po otrzymaniu wypo\u017cyczonego stroju bikini.<\/p>\n<p>Nie ma lepszego sposobu na wybranie idealnego stroju, ni\u017c przymiarka. Dlatego gor\u0105co polecamy t\u0119 us\u0142ug\u0119!<\/p>\n<p class=\"translation-block\">Nie zapomnij zapozna\u0107 si\u0119 z ca\u0142\u0105 nasz\u0105 kolekcj\u0105 bikini fitness na zawody Arya.<\/p>\n<p>Aby zam\u00f3wi\u0107 bikini Arya, prze\u015blij nam swoje wymiary. Potwierdzimy, czy wybra\u0142e\u015b odpowiedni rozmiar zgodnie z Twoimi wymiarami. Prosimy o wype\u0142nienie pola \"Twoje wymiary\".<\/p>","protected":false},"excerpt":{"rendered":"<p class=\"translation-block\"><strong>Wyj\u0105tkowa us\u0142uga od Arya:<\/strong>  Oferujemy mo\u017cliwo\u015b\u0107 przymierzenia r\u00f3\u017cnych typ\u00f3w bikini w domu i znalezienia najbardziej odpowiedniego dla siebie.<\/p>\n<p class=\"translation-block\"><strong>Jak to dzia\u0142a:  <\/strong>Przed zam\u00f3wieniem bikini szytego na miar\u0119 mo\u017cesz przymierzy\u0107 kilka rodzaj\u00f3w stroi bez \u017cadnych ozd\u00f3b i wybra\u0107 te, kt\u00f3re najbardziej Ci odpowiadaj\u0105. Po przes\u0142aniu Twoich wymiar\u00f3w i osobistych wymaga\u0144, wybierzemy 2 r\u00f3\u017cne komplety bikini, kt\u00f3re mo\u017cesz wypr\u00f3bowa\u0107 w domu. Jest to \u015bwietna opcja, aby upewni\u0107 si\u0119, \u017ce kolor stroju pasuje do Twojej karnacji oraz dopasowa\u0107 odcie\u0144 kamieni, wed\u0142ug Twoich preferencji.<\/p>\n<p class=\"translation-block\"><strong>Cena: \u00a0\u00a0<\/strong>Cena tej us\u0142ugi wynosi 15 \u20ac + przesy\u0142ka. Kwota ta jest bezzwrotna. Koszty wysy\u0142ki s\u0105 obliczane na podstawie Twojej lokalizacji\/kraju.<\/p>\n<p class=\"translation-block\"><strong>Kaucja: \u00a0\u00a0<\/strong>Kaucja wynosi 169 \u20ac i jest zwrotna. Kaucj\u0119 zwr\u00f3cimy po otrzymaniu bikini. W cenie otrzymujesz 2 podstawowe bikini, kt\u00f3re mo\u017cesz wypr\u00f3bowa\u0107 w domu.<\/p>\n<p>Wi\u0119cej informacji mo\u017cna znale\u017a\u0107 w sekcji opisu poni\u017cej.<\/p>\n<p>&nbsp;<\/p>","protected":false},"featured_media":1659,"comment_status":"open","ping_status":"closed","template":"","meta":{"_acf_changed":false},"product_brand":[],"product_cat":[25,26,27,28,29],"product_tag":[],"class_list":{"0":"post-1496","1":"product","2":"type-product","3":"status-publish","4":"has-post-thumbnail","6":"product_cat-competition-bikini","7":"product_cat-bikini-fitness","8":"product_cat-bodyfitness","9":"product_cat-fitmodel","10":"product_cat-npc-bikini","11":"tm-has-options","13":"first","14":"instock","15":"shipping-taxable","16":"purchasable","17":"product-type-simple"},"acf":[],"jetpack_sharing_enabled":true,"_links":{"self":[{"href":"https:\/\/www.aryabikini.com\/pl\/wp-json\/wp\/v2\/product\/1496","targetHints":{"allow":["GET"]}}],"collection":[{"href":"https:\/\/www.aryabikini.com\/pl\/wp-json\/wp\/v2\/product"}],"about":[{"href":"https:\/\/www.aryabikini.com\/pl\/wp-json\/wp\/v2\/types\/product"}],"replies":[{"embeddable":true,"href":"https:\/\/www.aryabikini.com\/pl\/wp-json\/wp\/v2\/comments?post=1496"}],"wp:featuredmedia":[{"embeddable":true,"href":"https:\/\/www.aryabikini.com\/pl\/wp-json\/wp\/v2\/media\/1659"}],"wp:attachment":[{"href":"https:\/\/www.aryabikini.com\/pl\/wp-json\/wp\/v2\/media?parent=1496"}],"wp:term":[{"taxonomy":"product_brand","embeddable":true,"href":"https:\/\/www.aryabikini.com\/pl\/wp-json\/wp\/v2\/product_brand?post=1496"},{"taxonomy":"product_cat","embeddable":true,"href":"https:\/\/www.aryabikini.com\/pl\/wp-json\/wp\/v2\/product_cat?post=1496"},{"taxonomy":"product_tag","embeddable":true,"href":"https:\/\/www.aryabikini.com\/pl\/wp-json\/wp\/v2\/product_tag?post=1496"}],"curies":[{"name":"wp","href":"https:\/\/api.w.org\/{rel}","templated":true}]}}