{"id":1432,"date":"2022-08-17T09:01:08","date_gmt":"2022-08-17T07:01:08","guid":{"rendered":"https:\/\/www.aryabikini.com\/?post_type=product&#038;p=1432"},"modified":"2024-08-26T20:40:24","modified_gmt":"2024-08-26T18:40:24","slug":"competition-luxury-robe-purple-sunset","status":"publish","type":"product","link":"https:\/\/www.aryabikini.com\/pl\/produkt\/konkurs-luksusowy-szlafrok-purpurowy-zachod-slonca\/","title":{"rendered":"Konkurs Luksusowy szlafrok - Fioletowy zach\u00f3d s\u0142o\u0144ca"},"content":{"rendered":"<p>Zapewniamy szerok\u0105 gam\u0119 <a href=\"https:\/\/www.aryabikini.com\/pl\/product-category\/arya-accessories\/competition-robe\/\">stroje do bikini<\/a> poniewa\u017c chcieliby\u015bmy mie\u0107 pewno\u015b\u0107, \u017ce znajdziesz sw\u00f3j preferowany styl i kolor w Aryi. Ten szlafrok na zawody fitness to zdecydowanie co\u015b, co b\u0119dzie Ci potrzebne w drodze do sukcesu.<\/p>\n<p>Przyjazny dla sk\u00f3ry materia\u0142, kt\u00f3ry jest wygodny podczas noszenia ? Takie w\u0142a\u015bnie s\u0105 nasze szlafroki na zawody bikini. Niezwykle praktyczne i u\u017cyteczne - szlafroki zosta\u0142y stworzone, aby pom\u00f3c Ci gdziekolwiek si\u0119 wybierasz. Zalecamy zabranie ze sob\u0105 szlafroka Arya przed i po na\u0142o\u017ceniu sztucznej opalenizny. Dobrze jest mie\u0107 na sobie co\u015b lekkiego, dop\u00f3ki opalenizna nie wyschnie. Mo\u017cesz go nosi\u0107 nawet podczas wykonywania makija\u017cu ko\u0144cowego lub w\u0142os\u00f3w - to wielofunkcyjny pomocnik. W Arya mo\u017cesz stworzy\u0107 zestawy szlafrok\u00f3w i letnich bikini, kt\u00f3re s\u0105 do siebie dopasowane. Szata do zawod\u00f3w fitness to Tw\u00f3j kolejny must have. Szaty s\u0105 niesamowite dzi\u0119ki swojemu blaskowi i iskrom. Fioletowa szata do zawod\u00f3w Sunset b\u0119dzie przyci\u0105ga\u0107 wzrok dzi\u0119ki kamiennemu haftowi.<\/p>\n<p>Co jeszcze mo\u017cna powiedzie\u0107 ? Szaty do zawod\u00f3w Bikini s\u0105 po prostu idealne. A dzi\u0119ki tej us\u0142udze haftowania s\u0105 lepsze ni\u017c kiedykolwiek.<\/p>","protected":false},"excerpt":{"rendered":"<p class=\"p1\">Luksusowy satynowy szlafrok Arya jest przyjemnym dodatkiem do ca\u0142ego stroju bikini fitness. Dopasuj go do swojego konkurencyjnego bikini fitness lub stw\u00f3rz inne niezwyk\u0142e kombinacje. Nie po\u017ca\u0142ujesz zakupu tego szlafroka, poniewa\u017c ma uniwersalne zastosowanie. Mo\u017cesz j\u0105 za\u0142o\u017cy\u0107 nie tylko na zawody, ale tak\u017ce gdziekolwiek indziej. Z pewno\u015bci\u0105 docenisz mo\u017cliwo\u015b\u0107 wyhaftowania swojego imienia na szlafroku, co daje mo\u017cliwo\u015b\u0107 bycia niezapomnianym dla innych.<\/p>","protected":false},"featured_media":1430,"comment_status":"open","ping_status":"closed","template":"","meta":{"_acf_changed":false},"product_brand":[],"product_cat":[41,32],"product_tag":[],"class_list":{"0":"post-1432","1":"product","2":"type-product","3":"status-publish","4":"has-post-thumbnail","6":"product_cat-competition-robe","7":"product_cat-arya-accessories","8":"tm-has-options","10":"first","11":"instock","12":"shipping-taxable","13":"purchasable","14":"product-type-variable","15":"has-default-attributes"},"acf":[],"jetpack_sharing_enabled":true,"_links":{"self":[{"href":"https:\/\/www.aryabikini.com\/pl\/wp-json\/wp\/v2\/product\/1432","targetHints":{"allow":["GET"]}}],"collection":[{"href":"https:\/\/www.aryabikini.com\/pl\/wp-json\/wp\/v2\/product"}],"about":[{"href":"https:\/\/www.aryabikini.com\/pl\/wp-json\/wp\/v2\/types\/product"}],"replies":[{"embeddable":true,"href":"https:\/\/www.aryabikini.com\/pl\/wp-json\/wp\/v2\/comments?post=1432"}],"wp:featuredmedia":[{"embeddable":true,"href":"https:\/\/www.aryabikini.com\/pl\/wp-json\/wp\/v2\/media\/1430"}],"wp:attachment":[{"href":"https:\/\/www.aryabikini.com\/pl\/wp-json\/wp\/v2\/media?parent=1432"}],"wp:term":[{"taxonomy":"product_brand","embeddable":true,"href":"https:\/\/www.aryabikini.com\/pl\/wp-json\/wp\/v2\/product_brand?post=1432"},{"taxonomy":"product_cat","embeddable":true,"href":"https:\/\/www.aryabikini.com\/pl\/wp-json\/wp\/v2\/product_cat?post=1432"},{"taxonomy":"product_tag","embeddable":true,"href":"https:\/\/www.aryabikini.com\/pl\/wp-json\/wp\/v2\/product_tag?post=1432"}],"curies":[{"name":"wp","href":"https:\/\/api.w.org\/{rel}","templated":true}]}}