{"id":1420,"date":"2022-08-17T08:32:33","date_gmt":"2022-08-17T06:32:33","guid":{"rendered":"https:\/\/www.aryabikini.com\/?post_type=product&#038;p=1420"},"modified":"2024-08-26T20:40:15","modified_gmt":"2024-08-26T18:40:15","slug":"competition-jewerly-coco-a-2","status":"publish","type":"product","link":"https:\/\/www.aryabikini.com\/pl\/produkt\/konkurs-jewerly-coco-a-2\/","title":{"rendered":"Bi\u017cuteria konkursowa - Coco-a"},"content":{"rendered":"<p>Mocno wierzymy, \u017ce ten lub inny diamentowy kolczyk z naszego <a href=\"https:\/\/www.aryabikini.com\/pl\/product-category\/arya-accessories\/competition-jewerly\/\">Kolekcja bi\u017cuterii Arya<\/a> to te w\u0142a\u015bciwe. Je\u015bli spodoba\u0142y Ci si\u0119 te kolczyki nie zapomnij sprawdzi\u0107 naszych pude\u0142ek Arya. Znajdziesz tam wszystko, co wa\u017cne dla Twoich przysz\u0142ych zawod\u00f3w bikini fitness, ale w najlepszej cenie.<\/p>\n<p>Kto by nie kocha\u0142 kolczyk\u00f3w do bikini fitness ? Teraz mo\u017cesz mie\u0107 swoje zgodnie z osobistymi preferencjami i stylem. Mamy nadziej\u0119, \u017ce znajdziesz tutaj sw\u00f3j najbardziej ukochany kawa\u0142ek.<\/p>\n<p>Nasza bi\u017cuteria konkursowa, a w szczeg\u00f3lno\u015bci kolczyki do bikini fitness to Tw\u00f3j kolejny wszechobecny ulubiony dodatek. Zabierz ze sob\u0105 ten dodatkowy glam i nie zapomnij o wygranej. Tworz\u0105 one pasuj\u0105c\u0105 par\u0119 z naszymi obcasami do zawod\u00f3w bikini. Wreszcie, nasze kolczyki konkursowe przynios\u0105 najdoskonalszy ko\u0144cowy akcent do Twojego wygl\u0105du na scenie bikini.<\/p>\n<p>&nbsp;<\/p>","protected":false},"excerpt":{"rendered":"<p>Bi\u017cuteria jest kolejnym wa\u017cnym elementem uzupe\u0142niaj\u0105cym Tw\u00f3j ostateczny wygl\u0105d na etapie konkursu. Wybierz m\u0105drze, poniewa\u017c mog\u0105 one albo komplementowa\u0107 ci\u0119, albo nie. Oferujemy zar\u00f3wno srebrn\u0105, jak i z\u0142ot\u0105 bi\u017cuteri\u0119 dla ka\u017cdego odcienia i tonu sk\u00f3ry. Nie mo\u017cesz si\u0119 pomyli\u0107 z tego rodzaju bi\u017cuteri\u0105 konkursow\u0105. Jest to evergreen i wkr\u00f3tce zrozumiesz dlaczego. Upewnili\u015bmy si\u0119, \u017ce wszystkie kawa\u0142ki b\u0119d\u0105 eleganckie, luksusowe, a jednocze\u015bnie ca\u0142kowicie dost\u0119pne.<\/p>","protected":false},"featured_media":1425,"comment_status":"open","ping_status":"closed","template":"","meta":{"_acf_changed":false},"product_brand":[],"product_cat":[40,32],"product_tag":[],"class_list":{"0":"post-1420","1":"product","2":"type-product","3":"status-publish","4":"has-post-thumbnail","6":"product_cat-competition-jewerly","7":"product_cat-arya-accessories","8":"tm-no-options","10":"first","11":"instock","12":"shipping-taxable","13":"purchasable","14":"product-type-simple"},"acf":[],"jetpack_sharing_enabled":true,"_links":{"self":[{"href":"https:\/\/www.aryabikini.com\/pl\/wp-json\/wp\/v2\/product\/1420","targetHints":{"allow":["GET"]}}],"collection":[{"href":"https:\/\/www.aryabikini.com\/pl\/wp-json\/wp\/v2\/product"}],"about":[{"href":"https:\/\/www.aryabikini.com\/pl\/wp-json\/wp\/v2\/types\/product"}],"replies":[{"embeddable":true,"href":"https:\/\/www.aryabikini.com\/pl\/wp-json\/wp\/v2\/comments?post=1420"}],"wp:featuredmedia":[{"embeddable":true,"href":"https:\/\/www.aryabikini.com\/pl\/wp-json\/wp\/v2\/media\/1425"}],"wp:attachment":[{"href":"https:\/\/www.aryabikini.com\/pl\/wp-json\/wp\/v2\/media?parent=1420"}],"wp:term":[{"taxonomy":"product_brand","embeddable":true,"href":"https:\/\/www.aryabikini.com\/pl\/wp-json\/wp\/v2\/product_brand?post=1420"},{"taxonomy":"product_cat","embeddable":true,"href":"https:\/\/www.aryabikini.com\/pl\/wp-json\/wp\/v2\/product_cat?post=1420"},{"taxonomy":"product_tag","embeddable":true,"href":"https:\/\/www.aryabikini.com\/pl\/wp-json\/wp\/v2\/product_tag?post=1420"}],"curies":[{"name":"wp","href":"https:\/\/api.w.org\/{rel}","templated":true}]}}