{"id":1418,"date":"2022-08-17T08:31:11","date_gmt":"2022-08-17T06:31:11","guid":{"rendered":"https:\/\/www.aryabikini.com\/?post_type=product&#038;p=1418"},"modified":"2024-08-26T20:36:19","modified_gmt":"2024-08-26T18:36:19","slug":"competition-jewerly-silver-star-bracelet","status":"publish","type":"product","link":"https:\/\/www.aryabikini.com\/pl\/produkt\/konkurs-jewerly-silver-star-bracelet\/","title":{"rendered":"Bi\u017cuteria konkursowa - bransoletka SiIver Star"},"content":{"rendered":"<p>Jeste\u015bmy g\u0142\u0119boko przekonani, \u017ce ta bransoletka Silver Star lub inna - diamentowa bransoletka z naszego <a href=\"https:\/\/www.aryabikini.com\/pl\/product-category\/arya-accessories\/competition-jewerly\/\">Kolekcja bi\u017cuterii Arya<\/a> jest tym w\u0142a\u015bciwym dla Ciebie. Ponadto chcieliby\u015bmy podkre\u015bli\u0107, \u017ce je\u015bli podoba Ci si\u0119 ta bi\u017cuteria nie zapomnij sprawdzi\u0107 naszych pude\u0142ek Arya. Znajdziesz tam wszystko co wa\u017cne dla Twojego przysz\u0142ego wygl\u0105du na zawody bikini fitness, ale w najlepszej cenie.<\/p>\n<p>Kto by nie kocha\u0142 kryszta\u0142owych bransoletek ? Teraz mo\u017cesz mie\u0107 swoj\u0105 wed\u0142ug osobistych preferencji i stylu. Mamy o wiele wi\u0119cej ni\u017c ta srebrna bi\u017cuteria konkursowa st\u0105d mo\u017cesz wybra\u0107 co tylko wolisz. Mamy nadziej\u0119, \u017ce znajdziesz tutaj sw\u00f3j najbardziej ukochany kawa\u0142ek.<\/p>\n<p>Nasza srebrna bi\u017cuteria konkursowa, a zw\u0142aszcza kryszta\u0142owe kolczyki i bransoletki to Twoje kolejne all time ulubione akcesoria. Zabierz ze sob\u0105 ten dodatkowy glam i nie zapomnij o wygranej. Dzi\u0119ki ich kamieniom i kryszta\u0142om, kt\u00f3re promieniuj\u0105 glam i po\u0142yskiem b\u0119dziesz dopasowana od st\u00f3p do g\u0142\u00f3w.<\/p>\n<p>W ko\u0144cu nie mo\u017cna si\u0119 pomyli\u0107 z produktami Aryi.<\/p>","protected":false},"excerpt":{"rendered":"<p>Bi\u017cuteria jest kolejnym wa\u017cnym elementem uzupe\u0142niaj\u0105cym Tw\u00f3j ostateczny wygl\u0105d na etapie konkursu. Wybierz m\u0105drze, poniewa\u017c mog\u0105 one albo komplementowa\u0107 ci\u0119, albo nie. Oferujemy zar\u00f3wno srebrn\u0105, jak i z\u0142ot\u0105 bi\u017cuteri\u0119 dla ka\u017cdego odcienia i tonu sk\u00f3ry. Nie mo\u017cesz si\u0119 pomyli\u0107 z tego rodzaju bi\u017cuteri\u0105 konkursow\u0105. Jest to evergreen i wkr\u00f3tce zrozumiesz dlaczego. Upewnili\u015bmy si\u0119, \u017ce wszystkie kawa\u0142ki b\u0119d\u0105 eleganckie, luksusowe, a jednocze\u015bnie ca\u0142kowicie dost\u0119pne.<\/p>","protected":false},"featured_media":1599,"comment_status":"open","ping_status":"closed","template":"","meta":{"_acf_changed":false},"product_brand":[],"product_cat":[40,32],"product_tag":[],"class_list":{"0":"post-1418","1":"product","2":"type-product","3":"status-publish","4":"has-post-thumbnail","6":"product_cat-competition-jewerly","7":"product_cat-arya-accessories","8":"tm-no-options","10":"first","11":"instock","12":"shipping-taxable","13":"purchasable","14":"product-type-simple"},"acf":[],"jetpack_sharing_enabled":true,"_links":{"self":[{"href":"https:\/\/www.aryabikini.com\/pl\/wp-json\/wp\/v2\/product\/1418","targetHints":{"allow":["GET"]}}],"collection":[{"href":"https:\/\/www.aryabikini.com\/pl\/wp-json\/wp\/v2\/product"}],"about":[{"href":"https:\/\/www.aryabikini.com\/pl\/wp-json\/wp\/v2\/types\/product"}],"replies":[{"embeddable":true,"href":"https:\/\/www.aryabikini.com\/pl\/wp-json\/wp\/v2\/comments?post=1418"}],"wp:featuredmedia":[{"embeddable":true,"href":"https:\/\/www.aryabikini.com\/pl\/wp-json\/wp\/v2\/media\/1599"}],"wp:attachment":[{"href":"https:\/\/www.aryabikini.com\/pl\/wp-json\/wp\/v2\/media?parent=1418"}],"wp:term":[{"taxonomy":"product_brand","embeddable":true,"href":"https:\/\/www.aryabikini.com\/pl\/wp-json\/wp\/v2\/product_brand?post=1418"},{"taxonomy":"product_cat","embeddable":true,"href":"https:\/\/www.aryabikini.com\/pl\/wp-json\/wp\/v2\/product_cat?post=1418"},{"taxonomy":"product_tag","embeddable":true,"href":"https:\/\/www.aryabikini.com\/pl\/wp-json\/wp\/v2\/product_tag?post=1418"}],"curies":[{"name":"wp","href":"https:\/\/api.w.org\/{rel}","templated":true}]}}