{"id":1207,"date":"2022-08-16T21:09:09","date_gmt":"2022-08-16T19:09:09","guid":{"rendered":"https:\/\/www.aryabikini.com\/?post_type=product&#038;p=1207"},"modified":"2024-08-29T18:02:26","modified_gmt":"2024-08-29T16:02:26","slug":"competition-bikini-cinnamon-orange-stage-bikini-welness-fitness","status":"publish","type":"product","link":"https:\/\/www.aryabikini.com\/pl\/produkt\/konkurs-bikini-cynamon-pomaranczowy-staz-bikini-welness-fitness\/","title":{"rendered":"Competition Bikini - Cinnamon Orange - Bikini\/Welness Fitness"},"content":{"rendered":"<p>To mi\u0119kkie w dotyku wyko\u0144czenie tworzy produkt wygodny do noszenia, bardzo przytulny i b\u0142yszcz\u0105cy dzi\u0119ki kr\u00f3tkim stosom w\u0142\u00f3kien. W szczeg\u00f3lno\u015bci u\u017cywamy najwy\u017cszej jako\u015bci aksamitu, aby stworzy\u0107 najbardziej luksusowy wygl\u0105d. Jest to idealne bikini sceniczne, kt\u00f3rego szuka\u0142a\u015b. Nie zapominaj, \u017ce tworzymy bikini dla prawie wszystkich kategorii IFBB. Na koniec chcieliby\u015bmy podkre\u015bli\u0107, \u017ce jako\u015b\u0107 jest naszym priorytetem, podobnie jak Twoja satysfakcja.<\/p>\n<p class=\"translation-block\">Kryszta\u0142y kt\u00f3rych u\u017cywamy, s\u0105 starannie wybierane i mocowane r\u0119cznie, aby tworzy\u0142y doskona\u0142y efekt kolorystyczny. Oferujemy szerok\u0105 gam\u0119 kolorystyczn\u0105 cyrkonii. Kszta\u0142t kryszta\u0142\u00f3w r\u00f3wnie\u017c ma znacznie. Naszym zdaniem, okr\u0105g\u0142y kszta\u0142 cyrkonii najlepiej odbija \u015bwiat\u0142o sceniczne, co sprawi, \u017ce Twoje bikini b\u0119dzie l\u015bni\u0107 jak diament! <span class=\"Apple-converted-space\">Szyjemy stroje dla wiekszo\u015bci kategorii IFBB, je\u015bli chcesz zobaczy\u0107 wi\u0119cej produkt\u00f3w z naszje kolekcji kliknij <a href=\"https:\/\/www.aryabikini.com\/pl\/product-category\/competition-bikini\/\" target=\"_self\">tutaj<\/a>.<\/span>.<\/p>\n<p>Jako\u015b\u0107 wraz z satysfakcj\u0105 klienta jest dla nas priorytetem. Dok\u0142adamy wszelkich stara\u0144, aby zapewni\u0107 Ci idealne bikini na zawody .Aby zam\u00f3wi\u0107 bikini Arya, prze\u015blij nam swoje wymiary. Potwierdzimy, czy wybra\u0142e\u015b odpowiedni rozmiar zgodnie z Twoimi pomiarami. Prosimy o wype\u0142nienie pola \"Twoje wymiary\".<\/p>","protected":false},"excerpt":{"rendered":"<p>This soft-to-touch finish creates a product comfortable for wearing, very snugly and shiny thanks to its short fibre piles. We especially work with the highest quality velvet to create the most luxurious look. This is the perfect stage bikini that you have been looking for. Do not forget we create competition stage bikinis for almost [&hellip;]<\/p>\n","protected":false},"featured_media":435,"comment_status":"open","ping_status":"closed","template":"","meta":{"_acf_changed":false},"product_brand":[],"product_cat":[26,25],"product_tag":[],"class_list":{"0":"post-1207","1":"product","2":"type-product","3":"status-publish","4":"has-post-thumbnail","6":"product_cat-bikini-fitness","7":"product_cat-competition-bikini","8":"tm-has-options","10":"first","11":"instock","12":"shipping-taxable","13":"purchasable","14":"product-type-simple"},"acf":[],"jetpack_sharing_enabled":true,"_links":{"self":[{"href":"https:\/\/www.aryabikini.com\/pl\/wp-json\/wp\/v2\/product\/1207","targetHints":{"allow":["GET"]}}],"collection":[{"href":"https:\/\/www.aryabikini.com\/pl\/wp-json\/wp\/v2\/product"}],"about":[{"href":"https:\/\/www.aryabikini.com\/pl\/wp-json\/wp\/v2\/types\/product"}],"replies":[{"embeddable":true,"href":"https:\/\/www.aryabikini.com\/pl\/wp-json\/wp\/v2\/comments?post=1207"}],"wp:featuredmedia":[{"embeddable":true,"href":"https:\/\/www.aryabikini.com\/pl\/wp-json\/wp\/v2\/media\/435"}],"wp:attachment":[{"href":"https:\/\/www.aryabikini.com\/pl\/wp-json\/wp\/v2\/media?parent=1207"}],"wp:term":[{"taxonomy":"product_brand","embeddable":true,"href":"https:\/\/www.aryabikini.com\/pl\/wp-json\/wp\/v2\/product_brand?post=1207"},{"taxonomy":"product_cat","embeddable":true,"href":"https:\/\/www.aryabikini.com\/pl\/wp-json\/wp\/v2\/product_cat?post=1207"},{"taxonomy":"product_tag","embeddable":true,"href":"https:\/\/www.aryabikini.com\/pl\/wp-json\/wp\/v2\/product_tag?post=1207"}],"curies":[{"name":"wp","href":"https:\/\/api.w.org\/{rel}","templated":true}]}}