{"id":962,"date":"2022-08-16T10:34:05","date_gmt":"2022-08-16T08:34:05","guid":{"rendered":"https:\/\/www.aryabikini.com\/?post_type=product&#038;p=962"},"modified":"2024-08-26T20:50:46","modified_gmt":"2024-08-26T18:50:46","slug":"competition-jewerly-twiggs-earrings","status":"publish","type":"product","link":"https:\/\/www.aryabikini.com\/es\/producto\/concurso-jewerly-twiggs-earrings\/","title":{"rendered":"Joyer\u00eda de competici\u00f3n - Pendientes Twiggs"},"content":{"rendered":"<p>Creemos firmemente que \u00e9ste u otros pendientes de diamantes de nuestra <a href=\"https:\/\/www.aryabikini.com\/es\/product-category\/arya-accessories\/competition-jewerly\/\">Colecci\u00f3n de joyas Arya<\/a> son los adecuados. Si te gustan estos pendientes no te olvides de consultar nuestras cajas Arya. All\u00ed encontrar\u00e1s todo lo importante para tu futura competici\u00f3n de bikini fitness, pero al mejor precio.<\/p>\n<p>\u00bfA qui\u00e9n no le gustan los pendientes de cristal? Ahora puedes tener los tuyos seg\u00fan tu preferencia personal y estilo. Esperamos que encuentre su pieza m\u00e1s querida aqu\u00ed.<\/p>\n<p>Nuestras joyas de competici\u00f3n, y especialmente los pendientes de cristal, son su pr\u00f3ximo accesorio favorito. Lleva este glamour extra contigo y no te olvides de ganar. Crean pareja a juego con nuestros tacones de competici\u00f3n para bikini. Por \u00faltimo, nuestros pendientes de competici\u00f3n aportan el toque final m\u00e1s perfecto a tu look de competici\u00f3n en bikini.<\/p>\n<p>&nbsp;<\/p>","protected":false},"excerpt":{"rendered":"<p>Las joyas son otra pieza importante para completar tu look final en la competici\u00f3n. Escoge bien porque pueden complementarte o no. Ofrecemos joyas tanto de plata como de oro para cada tono de piel y subtono. No puedes equivocarte con este tipo de joyas de competici\u00f3n. Es imperecedera y pronto entender\u00e1 por qu\u00e9. Nos aseguramos de que todas las piezas sean elegantes, lujosas y a la vez totalmente disponibles.<\/p>\n<p>&nbsp;<\/p>","protected":false},"featured_media":955,"comment_status":"open","ping_status":"closed","template":"","meta":{"_acf_changed":false},"product_brand":[],"product_cat":[40,32],"product_tag":[],"class_list":{"0":"post-962","1":"product","2":"type-product","3":"status-publish","4":"has-post-thumbnail","6":"product_cat-competition-jewerly","7":"product_cat-arya-accessories","8":"tm-no-options","10":"first","11":"instock","12":"shipping-taxable","13":"purchasable","14":"product-type-simple"},"acf":[],"jetpack_sharing_enabled":true,"_links":{"self":[{"href":"https:\/\/www.aryabikini.com\/es\/wp-json\/wp\/v2\/product\/962","targetHints":{"allow":["GET"]}}],"collection":[{"href":"https:\/\/www.aryabikini.com\/es\/wp-json\/wp\/v2\/product"}],"about":[{"href":"https:\/\/www.aryabikini.com\/es\/wp-json\/wp\/v2\/types\/product"}],"replies":[{"embeddable":true,"href":"https:\/\/www.aryabikini.com\/es\/wp-json\/wp\/v2\/comments?post=962"}],"wp:featuredmedia":[{"embeddable":true,"href":"https:\/\/www.aryabikini.com\/es\/wp-json\/wp\/v2\/media\/955"}],"wp:attachment":[{"href":"https:\/\/www.aryabikini.com\/es\/wp-json\/wp\/v2\/media?parent=962"}],"wp:term":[{"taxonomy":"product_brand","embeddable":true,"href":"https:\/\/www.aryabikini.com\/es\/wp-json\/wp\/v2\/product_brand?post=962"},{"taxonomy":"product_cat","embeddable":true,"href":"https:\/\/www.aryabikini.com\/es\/wp-json\/wp\/v2\/product_cat?post=962"},{"taxonomy":"product_tag","embeddable":true,"href":"https:\/\/www.aryabikini.com\/es\/wp-json\/wp\/v2\/product_tag?post=962"}],"curies":[{"name":"wp","href":"https:\/\/api.w.org\/{rel}","templated":true}]}}