{"id":947,"date":"2022-08-15T15:42:25","date_gmt":"2022-08-15T13:42:25","guid":{"rendered":"https:\/\/www.aryabikini.com\/?post_type=product&#038;p=947"},"modified":"2024-08-26T20:51:11","modified_gmt":"2024-08-26T18:51:11","slug":"detangler-brush-navy-goldstone","status":"publish","type":"product","link":"https:\/\/www.aryabikini.com\/es\/producto\/desenredante-cepillo-marina-piedra-dorada\/","title":{"rendered":"Cepillo desenredante - Piedra de oro azul marino"},"content":{"rendered":"<p>Nuestro cepillo desenredante combina la mejor tecnolog\u00eda desenredante con un dise\u00f1o innovador. Casi 300 cerdas flexibles se deslizan sobre el cabello sin molestias. Fue creado para prevenir la rotura y ca\u00edda del cabello.<\/p>\n<p>Es el art\u00edculo de viaje perfecto que puedes llevar contigo a cualquier lugar, gracias a su incre\u00edble tama\u00f1o y ajuste. Literalmente cabe en cualquier bolso. Todos los cepillos Arya combinan con toda nuestra colecci\u00f3n de fitness, lo que significa que son tan espl\u00e9ndidamente brillantes como nuestros tacones de pose o nuestros bikinis de competici\u00f3n.<\/p>\n<p class=\"translation-block\">Puede elegir entre tres variaciones de color diferentes. No olvides llevar este cepillo contigo en tus viajes y te sorprender\u00e1 lo mucho que te ayudar\u00e1.<\/p>\n<p>&nbsp;<\/p>\n<p>&nbsp;<\/p>","protected":false},"excerpt":{"rendered":"<p>El cepillo para el pelo forma parte de nuestra colecci\u00f3n porque es un art\u00edculo imprescindible para el d\u00eda a d\u00eda. No hemos podido resistirnos a a\u00f1adir este brillante cepillo para el pelo a nuestra selecci\u00f3n de productos Arya porque ahora puedes combinar tus bikinis de fitness, tu botella y todo lo dem\u00e1s con estos bonitos cepillos.<\/p>","protected":false},"featured_media":948,"comment_status":"open","ping_status":"closed","template":"","meta":{"_acf_changed":false},"product_brand":[],"product_cat":[46,32],"product_tag":[],"class_list":{"0":"post-947","1":"product","2":"type-product","3":"status-publish","4":"has-post-thumbnail","6":"product_cat-detangler-brush","7":"product_cat-arya-accessories","8":"tm-no-options","10":"first","11":"instock","12":"shipping-taxable","13":"purchasable","14":"product-type-simple"},"acf":[],"jetpack_sharing_enabled":true,"_links":{"self":[{"href":"https:\/\/www.aryabikini.com\/es\/wp-json\/wp\/v2\/product\/947","targetHints":{"allow":["GET"]}}],"collection":[{"href":"https:\/\/www.aryabikini.com\/es\/wp-json\/wp\/v2\/product"}],"about":[{"href":"https:\/\/www.aryabikini.com\/es\/wp-json\/wp\/v2\/types\/product"}],"replies":[{"embeddable":true,"href":"https:\/\/www.aryabikini.com\/es\/wp-json\/wp\/v2\/comments?post=947"}],"wp:featuredmedia":[{"embeddable":true,"href":"https:\/\/www.aryabikini.com\/es\/wp-json\/wp\/v2\/media\/948"}],"wp:attachment":[{"href":"https:\/\/www.aryabikini.com\/es\/wp-json\/wp\/v2\/media?parent=947"}],"wp:term":[{"taxonomy":"product_brand","embeddable":true,"href":"https:\/\/www.aryabikini.com\/es\/wp-json\/wp\/v2\/product_brand?post=947"},{"taxonomy":"product_cat","embeddable":true,"href":"https:\/\/www.aryabikini.com\/es\/wp-json\/wp\/v2\/product_cat?post=947"},{"taxonomy":"product_tag","embeddable":true,"href":"https:\/\/www.aryabikini.com\/es\/wp-json\/wp\/v2\/product_tag?post=947"}],"curies":[{"name":"wp","href":"https:\/\/api.w.org\/{rel}","templated":true}]}}