{"id":946,"date":"2022-08-15T15:42:24","date_gmt":"2022-08-15T13:42:24","guid":{"rendered":"https:\/\/www.aryabikini.com\/?post_type=product&#038;p=946"},"modified":"2024-08-26T20:52:17","modified_gmt":"2024-08-26T18:52:17","slug":"detangler-brush-red-goldstone","status":"publish","type":"product","link":"https:\/\/www.aryabikini.com\/es\/producto\/desenredante-cepillo-rojo-piedra-dorada\/","title":{"rendered":"Cepillo desenredante - Piedra de oro roja"},"content":{"rendered":"<p>El cepillo desenredante Arya combina una de las mejores tecnolog\u00edas de desenredado con un dise\u00f1o innovador.<\/p>\n<p>En primer lugar, gracias a sus 300 cerdas flexibles, este desenredante se deslizar\u00e1 por tu pelo sin ninguna molestia. Es perfecto para llevar siempre encima. Es bastante peque\u00f1o, por lo que cabe literalmente en cualquier bolso. Este es tu peque\u00f1o amigo, peque\u00f1o pero potente.<\/p>\n<p>Es el art\u00edculo de viaje perfecto que puedes llevar contigo a cualquier lugar, gracias a su incre\u00edble tama\u00f1o y ajuste. Literalmente cabe en cualquier bolso. Todos los cepillos Arya combinan con toda nuestra colecci\u00f3n de fitness, lo que significa que son tan espl\u00e9ndidamente brillantes como nuestros tacones de pose o nuestros bikinis de competici\u00f3n.<\/p>\n<p class=\"translation-block\">Puede elegir entre tres variaciones de color diferentes. No olvides llevar este cepillo contigo en tus viajes y te sorprender\u00e1 lo mucho que te ayudar\u00e1.<\/p>\n<p>&nbsp;<\/p>","protected":false},"excerpt":{"rendered":"<p>El cepillo para el pelo forma parte de nuestra colecci\u00f3n porque es un art\u00edculo imprescindible para el d\u00eda a d\u00eda. No hemos podido resistirnos a a\u00f1adir este brillante cepillo para el pelo a nuestra selecci\u00f3n de productos Arya porque ahora puedes combinar tus bikinis de fitness, tu botella y todo lo dem\u00e1s con estos bonitos cepillos.<\/p>","protected":false},"featured_media":943,"comment_status":"open","ping_status":"closed","template":"","meta":{"_acf_changed":false},"product_brand":[],"product_cat":[46,32],"product_tag":[],"class_list":{"0":"post-946","1":"product","2":"type-product","3":"status-publish","4":"has-post-thumbnail","6":"product_cat-detangler-brush","7":"product_cat-arya-accessories","8":"tm-no-options","10":"first","11":"instock","12":"shipping-taxable","13":"purchasable","14":"product-type-simple"},"acf":[],"jetpack_sharing_enabled":true,"_links":{"self":[{"href":"https:\/\/www.aryabikini.com\/es\/wp-json\/wp\/v2\/product\/946","targetHints":{"allow":["GET"]}}],"collection":[{"href":"https:\/\/www.aryabikini.com\/es\/wp-json\/wp\/v2\/product"}],"about":[{"href":"https:\/\/www.aryabikini.com\/es\/wp-json\/wp\/v2\/types\/product"}],"replies":[{"embeddable":true,"href":"https:\/\/www.aryabikini.com\/es\/wp-json\/wp\/v2\/comments?post=946"}],"wp:featuredmedia":[{"embeddable":true,"href":"https:\/\/www.aryabikini.com\/es\/wp-json\/wp\/v2\/media\/943"}],"wp:attachment":[{"href":"https:\/\/www.aryabikini.com\/es\/wp-json\/wp\/v2\/media?parent=946"}],"wp:term":[{"taxonomy":"product_brand","embeddable":true,"href":"https:\/\/www.aryabikini.com\/es\/wp-json\/wp\/v2\/product_brand?post=946"},{"taxonomy":"product_cat","embeddable":true,"href":"https:\/\/www.aryabikini.com\/es\/wp-json\/wp\/v2\/product_cat?post=946"},{"taxonomy":"product_tag","embeddable":true,"href":"https:\/\/www.aryabikini.com\/es\/wp-json\/wp\/v2\/product_tag?post=946"}],"curies":[{"name":"wp","href":"https:\/\/api.w.org\/{rel}","templated":true}]}}