{"id":793,"date":"2022-08-15T15:10:43","date_gmt":"2022-08-15T13:10:43","guid":{"rendered":"https:\/\/www.aryabikini.com\/?post_type=product&#038;p=793"},"modified":"2024-08-29T18:03:17","modified_gmt":"2024-08-29T16:03:17","slug":"competition-bikini-neon-candy-bikini-welness-fitness","status":"publish","type":"product","link":"https:\/\/www.aryabikini.com\/es\/producto\/competicion-bikini-neon-candy-bikini-welness-fitness\/","title":{"rendered":"Bikini de competici\u00f3n - Neon Candy - Bikini\/Wellness Fitness"},"content":{"rendered":"<p>Este acabado suave al tacto crea un producto c\u00f3modo de llevar, muy ce\u00f1ido y brillante gracias a sus pelotitas de fibra corta. Trabajamos especialmente con terciopelo de la m\u00e1s alta calidad para crear el aspecto m\u00e1s lujoso. Este es el bikini de campeones perfecto que ha estado buscando. No olvide que creamos bikinis de campeones para casi todas las categor\u00edas de la IFBB. Por \u00faltimo, nos gustar\u00eda hacer hincapi\u00e9, la calidad es nuestra m\u00e1xima prioridad junto con su satisfacci\u00f3n.<\/p>\n<p>Manipulamos cuidadosamente cada cristal y piedra antes de fijarlo al bikini. Cada cristal se fija a mano a sus bikinis \u00fanicos. Trabajamos con cristales de todos los colores. Nuestros strass tienen forma redonda porque seg\u00fan nuestra experiencia personal, esta forma es la mejor opci\u00f3n para cualquier bikini de competici\u00f3n. Hacemos todo lo posible para proporcionar a todos nuestros clientes bikinis de campeones perfectos. <span class=\"Apple-converted-space\">Si quieres ver toda nuestra incre\u00edble colecci\u00f3n s\u00f3lo tienes que hacer clic en <a href=\"https:\/\/www.aryabikini.com\/es\/product-category\/competition-bikini\/\">aqu\u00ed<\/a>.<\/span> Nuestra colecci\u00f3n no s\u00f3lo es atractiva, sino que tambi\u00e9n est\u00e1 hecha para crear un ajuste perfecto para su cuerpo.<\/p>\n<p>Hacemos todo lo posible para proporcionar el bikini de competici\u00f3n perfecto a todos nuestros clientes. Para pedir nuestro bikini Arya, env\u00edenos sus medidas personales. Te confirmaremos si has elegido la talla adecuada seg\u00fan tus medidas. Por favor, rellene el campo \"Sus medidas\".<\/p>","protected":false},"excerpt":{"rendered":"<p>This soft-to-touch finish creates a product comfortable for wearing, very snugly and shiny thanks to its short fibre piles. We especially work with the highest quality velvet to create the most luxurious look. This is the perfect champions bikini that you have been looking for. Do not forget we create champion bikinis for almost every [&hellip;]<\/p>\n","protected":false},"featured_media":434,"comment_status":"open","ping_status":"closed","template":"","meta":{"_acf_changed":false},"product_brand":[],"product_cat":[25,26],"product_tag":[],"class_list":{"0":"post-793","1":"product","2":"type-product","3":"status-publish","4":"has-post-thumbnail","6":"product_cat-competition-bikini","7":"product_cat-bikini-fitness","8":"tm-has-options","10":"first","11":"instock","12":"shipping-taxable","13":"purchasable","14":"product-type-simple"},"acf":[],"jetpack_sharing_enabled":true,"_links":{"self":[{"href":"https:\/\/www.aryabikini.com\/es\/wp-json\/wp\/v2\/product\/793","targetHints":{"allow":["GET"]}}],"collection":[{"href":"https:\/\/www.aryabikini.com\/es\/wp-json\/wp\/v2\/product"}],"about":[{"href":"https:\/\/www.aryabikini.com\/es\/wp-json\/wp\/v2\/types\/product"}],"replies":[{"embeddable":true,"href":"https:\/\/www.aryabikini.com\/es\/wp-json\/wp\/v2\/comments?post=793"}],"wp:featuredmedia":[{"embeddable":true,"href":"https:\/\/www.aryabikini.com\/es\/wp-json\/wp\/v2\/media\/434"}],"wp:attachment":[{"href":"https:\/\/www.aryabikini.com\/es\/wp-json\/wp\/v2\/media?parent=793"}],"wp:term":[{"taxonomy":"product_brand","embeddable":true,"href":"https:\/\/www.aryabikini.com\/es\/wp-json\/wp\/v2\/product_brand?post=793"},{"taxonomy":"product_cat","embeddable":true,"href":"https:\/\/www.aryabikini.com\/es\/wp-json\/wp\/v2\/product_cat?post=793"},{"taxonomy":"product_tag","embeddable":true,"href":"https:\/\/www.aryabikini.com\/es\/wp-json\/wp\/v2\/product_tag?post=793"}],"curies":[{"name":"wp","href":"https:\/\/api.w.org\/{rel}","templated":true}]}}