{"id":237,"date":"2022-08-07T21:13:17","date_gmt":"2022-08-07T19:13:17","guid":{"rendered":"https:\/\/www.aryabikini.com\/?post_type=product&#038;p=237"},"modified":"2024-08-26T20:56:04","modified_gmt":"2024-08-26T18:56:04","slug":"competition-robe-merlot-wine-arya","status":"publish","type":"product","link":"https:\/\/www.aryabikini.com\/es\/producto\/concurso-ropa-merlot-vino-arya\/","title":{"rendered":"Albornoz de lujo de competici\u00f3n - Vino Merlot"},"content":{"rendered":"<p>Ofrecemos una gran variedad de <a href=\"https:\/\/www.aryabikini.com\/es\/product-category\/arya-accessories\/competition-robe\/\">batas de bikini de competici\u00f3n<\/a> porque nos gustar\u00eda asegurarnos de que encuentre su estilo y color preferidos en Arya. Esta bata es definitivamente algo que usted necesitar\u00e1 en su camino hacia el \u00e9xito.<\/p>\n<p>Material agradable para la piel y c\u00f3modo de llevar. Esta es nuestra bata de sat\u00e9n para camerinos. Extremadamente pr\u00e1cticas y \u00fatiles - las batas han sido creadas para ayudarte all\u00e1 donde vayas. Recomendamos llevar la bata Arya antes y despu\u00e9s de aplicar el bronceado artificial. Es bueno tener algo ligero encima hasta que se seque el bronceado. Puedes llevarla incluso mientras te maquillas o te peinas, es una ayuda multifuncional. En Arya puedes crear conjuntos de batas y bikinis de verano a juego. La bata de sat\u00e9n para el backstage es tu pr\u00f3ximo imprescindible. Las batas son piezas sorprendentes gracias a su brillo y chispa. La bata de concurso Merlot Wine llamar\u00e1 la atenci\u00f3n con su bordado de piedras.<\/p>\n<p>\u00bfQu\u00e9 m\u00e1s decir? Las batas de competici\u00f3n para bikinis son simplemente perfectas. Y con este servicio de bordado son mejores que nunca.<\/p>","protected":false},"excerpt":{"rendered":"<p class=\"p1\">El lujoso albornoz de raso Arya es un agradable complemento para todo tu conjunto de bikini fitness. Comb\u00ednalo con tu bikini fitness de competici\u00f3n o crea otras combinaciones inusuales. No te arrepentir\u00e1s de haber comprado esta bata, ya que tiene un uso universal. Puedes usarlo no solo para la competencia, sino tambi\u00e9n en cualquier otro lugar. Sin duda apreciar\u00e1 la oportunidad de tener su nombre bordado en la bata de ba\u00f1o, lo que le brinda la oportunidad de ser inolvidable para los dem\u00e1s.<\/p>","protected":false},"featured_media":1428,"comment_status":"open","ping_status":"closed","template":"","meta":{"_acf_changed":false},"product_brand":[],"product_cat":[41,32],"product_tag":[],"class_list":{"0":"post-237","1":"product","2":"type-product","3":"status-publish","4":"has-post-thumbnail","6":"product_cat-competition-robe","7":"product_cat-arya-accessories","8":"tm-has-options","10":"first","11":"instock","12":"shipping-taxable","13":"purchasable","14":"product-type-variable","15":"has-default-attributes"},"acf":[],"jetpack_sharing_enabled":true,"_links":{"self":[{"href":"https:\/\/www.aryabikini.com\/es\/wp-json\/wp\/v2\/product\/237","targetHints":{"allow":["GET"]}}],"collection":[{"href":"https:\/\/www.aryabikini.com\/es\/wp-json\/wp\/v2\/product"}],"about":[{"href":"https:\/\/www.aryabikini.com\/es\/wp-json\/wp\/v2\/types\/product"}],"replies":[{"embeddable":true,"href":"https:\/\/www.aryabikini.com\/es\/wp-json\/wp\/v2\/comments?post=237"}],"wp:featuredmedia":[{"embeddable":true,"href":"https:\/\/www.aryabikini.com\/es\/wp-json\/wp\/v2\/media\/1428"}],"wp:attachment":[{"href":"https:\/\/www.aryabikini.com\/es\/wp-json\/wp\/v2\/media?parent=237"}],"wp:term":[{"taxonomy":"product_brand","embeddable":true,"href":"https:\/\/www.aryabikini.com\/es\/wp-json\/wp\/v2\/product_brand?post=237"},{"taxonomy":"product_cat","embeddable":true,"href":"https:\/\/www.aryabikini.com\/es\/wp-json\/wp\/v2\/product_cat?post=237"},{"taxonomy":"product_tag","embeddable":true,"href":"https:\/\/www.aryabikini.com\/es\/wp-json\/wp\/v2\/product_tag?post=237"}],"curies":[{"name":"wp","href":"https:\/\/api.w.org\/{rel}","templated":true}]}}