{"id":1847,"date":"2022-09-19T18:14:06","date_gmt":"2022-09-19T16:14:06","guid":{"rendered":"https:\/\/www.aryabikini.com\/?post_type=product&#038;p=1847"},"modified":"2024-08-29T17:58:25","modified_gmt":"2024-08-29T15:58:25","slug":"posing-heels-jasmine","status":"publish","type":"product","link":"https:\/\/www.aryabikini.com\/es\/producto\/posing-heels-jasmine\/","title":{"rendered":"Tacones para posar - Jazm\u00edn"},"content":{"rendered":"<p>Los tacones de competencia adecuados para las competencias de fitness en bikini se crearon con el objetivo de brindarle alegr\u00eda de su presentaci\u00f3n en el escenario.<\/p>\n<p class=\"translation-block\">Elige entre nuestra amplia gama de incre\u00edbles tacones de competici\u00f3n que a\u00f1adir\u00e1n el estilo adecuado a tu look. Tambi\u00e9n puede usarlos en varios espect\u00e1culos de danza, como el baile en barra, pero tambi\u00e9n en el culturismo.<\/p>\n<p>\u00a1Camina por el escenario con gracia! Nuestros tacones de competencia lucen m\u00e1s que perfectos al caminar, posar, estar de pie, simplemente todo lo que se requerir\u00e1 de ti en la competencia. Los tacones de vinilo transparente son un equipo obligatorio para todas tus temporadas competitivas. Los tacones de competici\u00f3n tambi\u00e9n son perfectos en combinaci\u00f3n con nuestros bikinis fitness. Con ellos llamar\u00e1s la atenci\u00f3n vayas donde vayas, como la mism\u00edsima Cenicienta.<\/p>\n<p>Aviso importante: antes de pedir tacones de competici\u00f3n, estudie detenidamente las reglas de la competici\u00f3n con respecto a la categor\u00eda en la que desea competir y los criterios espec\u00edficos para la apariencia de los tacones de competici\u00f3n. Tenga en cuenta que las reglas var\u00edan entre las diferentes federaciones y posiblemente las categor\u00edas. Es importante que compruebes esto antes de realizar el pedido. Aseg\u00farese de tener el tama\u00f1o, el estilo y, lo m\u00e1s importante, la altura del tac\u00f3n correctos antes de completar su pedido completo. Puedes consultar tu talla en nuestra \"Gu\u00eda de Tallas\".<\/p>","protected":false},"excerpt":{"rendered":"<p>Recomendamos nuestros incre\u00edbles tacones Arya para todas las competiciones de fitness o bikini fitness. Est\u00e1n dise\u00f1ados teniendo en cuenta las reglas de las competiciones de fitness y cumplen todos los criterios estrictos.<\/p>","protected":false},"featured_media":1827,"comment_status":"open","ping_status":"closed","template":"","meta":{"_acf_changed":false},"product_brand":[],"product_cat":[39,101],"product_tag":[],"class_list":{"0":"post-1847","1":"product","2":"type-product","3":"status-publish","4":"has-post-thumbnail","6":"product_cat-posing-heels","7":"product_cat-bestsellers","8":"tm-no-options","10":"first","11":"instock","12":"shipping-taxable","13":"purchasable","14":"product-type-variable"},"acf":[],"jetpack_sharing_enabled":true,"_links":{"self":[{"href":"https:\/\/www.aryabikini.com\/es\/wp-json\/wp\/v2\/product\/1847","targetHints":{"allow":["GET"]}}],"collection":[{"href":"https:\/\/www.aryabikini.com\/es\/wp-json\/wp\/v2\/product"}],"about":[{"href":"https:\/\/www.aryabikini.com\/es\/wp-json\/wp\/v2\/types\/product"}],"replies":[{"embeddable":true,"href":"https:\/\/www.aryabikini.com\/es\/wp-json\/wp\/v2\/comments?post=1847"}],"wp:featuredmedia":[{"embeddable":true,"href":"https:\/\/www.aryabikini.com\/es\/wp-json\/wp\/v2\/media\/1827"}],"wp:attachment":[{"href":"https:\/\/www.aryabikini.com\/es\/wp-json\/wp\/v2\/media?parent=1847"}],"wp:term":[{"taxonomy":"product_brand","embeddable":true,"href":"https:\/\/www.aryabikini.com\/es\/wp-json\/wp\/v2\/product_brand?post=1847"},{"taxonomy":"product_cat","embeddable":true,"href":"https:\/\/www.aryabikini.com\/es\/wp-json\/wp\/v2\/product_cat?post=1847"},{"taxonomy":"product_tag","embeddable":true,"href":"https:\/\/www.aryabikini.com\/es\/wp-json\/wp\/v2\/product_tag?post=1847"}],"curies":[{"name":"wp","href":"https:\/\/api.w.org\/{rel}","templated":true}]}}