{"id":1746,"date":"2022-09-12T14:17:19","date_gmt":"2022-09-12T12:17:19","guid":{"rendered":"https:\/\/www.aryabikini.com\/?post_type=product&#038;p=1746"},"modified":"2024-08-29T17:59:15","modified_gmt":"2024-08-29T15:59:15","slug":"competition-bikini-purple-queen-fitmodel-dress","status":"publish","type":"product","link":"https:\/\/www.aryabikini.com\/es\/producto\/competicion-bikini-purpura-reina-fitmodel-vestido\/","title":{"rendered":"Bikini de competici\u00f3n - Purple Queen - Vestido FitModel"},"content":{"rendered":"<p>El vestido Fitmodel Purple queen est\u00e1 hecho de terciopelo y sat\u00e9n de la m\u00e1s alta calidad, lo que le proporciona un aspecto realmente lujoso. Puedes encontrar el vestido Fitmodel premium perfecto aqu\u00ed mismo. No tienes que buscar m\u00e1s. Creamos bikinis de competici\u00f3n para casi todas las categor\u00edas de la IFBB. La calidad, junto con su satisfacci\u00f3n, es nuestra m\u00e1xima prioridad.<\/p>\n<p>Antes de colocar cada cristal y piedra en el bikini, lo revisamos cuidadosamente y lo procesamos hasta obtener la forma final que ver\u00e1 en su exclusivo bikini de competencia. Colocamos los cristales a mano, no a m\u00e1quina, para crear el efecto de color m\u00e1s perfecto como resultado. Trabajamos con cristales de todos los colores. Nuestras pedras tienen forma redonda porque, seg\u00fan nuestra experiencia personal, esta forma es la mejor opci\u00f3n para cualquier bikini de competici\u00f3n. Nuestra colecci\u00f3n no solo luce bien, sino que tambi\u00e9n est\u00e1 hecha para adaptarse perfectamente a tu cuerpo.<\/p>\n<p>Hacemos todo lo posible para proporcionar el bikini de competici\u00f3n perfecto a todos nuestros clientes. Para pedir nuestro bikini Arya, env\u00edenos tus medidas personales. Te confirmaremos si has elegido la talla adecuada seg\u00fan tus medidas. Por favor, rellene el campo \"Sus medidas\".<\/p>","protected":false},"excerpt":{"rendered":"<p>Overall, we work with the highest quality velvet and satin, which both create luxurious look. This is the perfect FitModel dress that you have been looking for. Do not forget we create competition posing bikinis for almost every IFBB category. Finally, we would like to emphasize that quality is our priority. We carefully manipulate every [&hellip;]<\/p>\n","protected":false},"featured_media":1795,"comment_status":"open","ping_status":"closed","template":"","meta":{"_acf_changed":false},"product_brand":[],"product_cat":[25,28],"product_tag":[],"class_list":{"0":"post-1746","1":"product","2":"type-product","3":"status-publish","4":"has-post-thumbnail","6":"product_cat-competition-bikini","7":"product_cat-fitmodel","8":"tm-has-options","10":"first","11":"instock","12":"shipping-taxable","13":"purchasable","14":"product-type-simple"},"acf":[],"jetpack_sharing_enabled":true,"_links":{"self":[{"href":"https:\/\/www.aryabikini.com\/es\/wp-json\/wp\/v2\/product\/1746","targetHints":{"allow":["GET"]}}],"collection":[{"href":"https:\/\/www.aryabikini.com\/es\/wp-json\/wp\/v2\/product"}],"about":[{"href":"https:\/\/www.aryabikini.com\/es\/wp-json\/wp\/v2\/types\/product"}],"replies":[{"embeddable":true,"href":"https:\/\/www.aryabikini.com\/es\/wp-json\/wp\/v2\/comments?post=1746"}],"wp:featuredmedia":[{"embeddable":true,"href":"https:\/\/www.aryabikini.com\/es\/wp-json\/wp\/v2\/media\/1795"}],"wp:attachment":[{"href":"https:\/\/www.aryabikini.com\/es\/wp-json\/wp\/v2\/media?parent=1746"}],"wp:term":[{"taxonomy":"product_brand","embeddable":true,"href":"https:\/\/www.aryabikini.com\/es\/wp-json\/wp\/v2\/product_brand?post=1746"},{"taxonomy":"product_cat","embeddable":true,"href":"https:\/\/www.aryabikini.com\/es\/wp-json\/wp\/v2\/product_cat?post=1746"},{"taxonomy":"product_tag","embeddable":true,"href":"https:\/\/www.aryabikini.com\/es\/wp-json\/wp\/v2\/product_tag?post=1746"}],"curies":[{"name":"wp","href":"https:\/\/api.w.org\/{rel}","templated":true}]}}