{"id":1696,"date":"2022-09-12T14:03:33","date_gmt":"2022-09-12T12:03:33","guid":{"rendered":"https:\/\/www.aryabikini.com\/?post_type=product&#038;p=1696"},"modified":"2024-08-29T17:59:31","modified_gmt":"2024-08-29T15:59:31","slug":"competition-bikini-raspberry-lemonade-fitmodel","status":"publish","type":"product","link":"https:\/\/www.aryabikini.com\/es\/producto\/competicion-bikini-raspberry-lemonade-fitmodel\/","title":{"rendered":"Bikini de competici\u00f3n - Limonada de frambuesa - FitModel"},"content":{"rendered":"<p class=\"translation-block\">El bikini FitModel es uno de nuestros preciosos bikinis de una pieza que fabricamos para las competiciones de la IFBB en la categor\u00eda Fit-Model. Est\u00e1 hecho a mano de terciopelo el\u00e1stico de la m\u00e1s alta calidad con felpa como toque final. Este acabado suave al tacto crea un producto c\u00f3modo de llevar, muy ce\u00f1ido y a\u00fan brillante gracias a sus cortos montones de fibra. Trabajamos especialmente con terciopelo de la m\u00e1s alta calidad que crea un aspecto lujoso. Este es el bikini FitModel perfecto que ha estado buscando. No olvides que creamos bikinis de competici\u00f3n para casi todas las categor\u00edas <a href=\"https:\/\/ifbb.com\/\" target=\"_self\">IFBB<\/a>. Por \u00faltimo, nos gustar\u00eda destacar que la calidad es nuestra prioridad.<\/p>\n<p class=\"p1\">Material del biquini: 95 % poli\u00e9ster, 5 % elastano<\/p>\n<p class=\"p1\">Material del cristal: cristal, piedras sueltas, forma: redonda, t\u00e9cnica: Hot-fix.<\/p>\n<p class=\"p1\">Todos los cristales y pedrer\u00eda est\u00e1n unidos a los bikinis con pegamento textil profesional.<\/p>\n<p class=\"p1 translation-block\">Antes de colocar cada cristal y piedra en el bikini, lo revisamos cuidadosamente y lo procesamos hasta obtener la forma final que ver\u00e1 en su exclusivo bikini de competencia. Colocamos los cristales a mano, no a m\u00e1quina, para que creen el efecto de color m\u00e1s perfecto como resultado. Trabajamos con cristales de todos los colores. Nuestras pedrer\u00eda tienen forma redonda porque, seg\u00fan nuestra experiencia personal, esta forma es la mejor opci\u00f3n para cualquier bikini de competici\u00f3n. Hacemos todo lo posible para que todos nuestros clientes pueden hacer la pose de bikini perfecta. Si quieres ver toda nuestra incre\u00edble colecci\u00f3n, simplemente haz clic aqu\u00ed. Nuestra colecci\u00f3n no solo luce bien, sino que tambi\u00e9n est\u00e1 hecha para adaptarse perfectamente a tu cuerpo.<\/p>\n<p class=\"p1\"><span class=\"Apple-converted-space\">Para pedir nuestro bikini Arya, env\u00edenos tus medidas personales. Te confirmaremos si has elegido la talla adecuada seg\u00fan tus medidas. Por favor, rellene el campo \"Sus medidas\".<\/span><\/p>","protected":false},"excerpt":{"rendered":"<p>FitModel bikini is one of our beautiful one-piece bikinis which we make for IFBB competitions in the Fit-Model category. It is hand made from highest quality stretchy velvet with plush like final touch. This soft-to-touch finish create product that is comfortable for wearing, very snugly and still shiny thanks to its short fibre piles. We [&hellip;]<\/p>\n","protected":false},"featured_media":1745,"comment_status":"open","ping_status":"closed","template":"","meta":{"_acf_changed":false},"product_brand":[],"product_cat":[25,28],"product_tag":[],"class_list":{"0":"post-1696","1":"product","2":"type-product","3":"status-publish","4":"has-post-thumbnail","6":"product_cat-competition-bikini","7":"product_cat-fitmodel","8":"tm-has-options","10":"first","11":"instock","12":"shipping-taxable","13":"purchasable","14":"product-type-simple"},"acf":[],"jetpack_sharing_enabled":true,"_links":{"self":[{"href":"https:\/\/www.aryabikini.com\/es\/wp-json\/wp\/v2\/product\/1696","targetHints":{"allow":["GET"]}}],"collection":[{"href":"https:\/\/www.aryabikini.com\/es\/wp-json\/wp\/v2\/product"}],"about":[{"href":"https:\/\/www.aryabikini.com\/es\/wp-json\/wp\/v2\/types\/product"}],"replies":[{"embeddable":true,"href":"https:\/\/www.aryabikini.com\/es\/wp-json\/wp\/v2\/comments?post=1696"}],"wp:featuredmedia":[{"embeddable":true,"href":"https:\/\/www.aryabikini.com\/es\/wp-json\/wp\/v2\/media\/1745"}],"wp:attachment":[{"href":"https:\/\/www.aryabikini.com\/es\/wp-json\/wp\/v2\/media?parent=1696"}],"wp:term":[{"taxonomy":"product_brand","embeddable":true,"href":"https:\/\/www.aryabikini.com\/es\/wp-json\/wp\/v2\/product_brand?post=1696"},{"taxonomy":"product_cat","embeddable":true,"href":"https:\/\/www.aryabikini.com\/es\/wp-json\/wp\/v2\/product_cat?post=1696"},{"taxonomy":"product_tag","embeddable":true,"href":"https:\/\/www.aryabikini.com\/es\/wp-json\/wp\/v2\/product_tag?post=1696"}],"curies":[{"name":"wp","href":"https:\/\/api.w.org\/{rel}","templated":true}]}}