{"id":1692,"date":"2022-09-12T11:46:17","date_gmt":"2022-09-12T09:46:17","guid":{"rendered":"https:\/\/www.aryabikini.com\/?post_type=product&#038;p=1692"},"modified":"2024-08-29T17:59:47","modified_gmt":"2024-08-29T15:59:47","slug":"classic-box","status":"publish","type":"product","link":"https:\/\/www.aryabikini.com\/es\/producto\/classic-box\/","title":{"rendered":"Caja cl\u00e1sica"},"content":{"rendered":"<p>Mientras que usted se est\u00e1 preparando para la demostraci\u00f3n de la aptitud del bikin\u00ed, usted necesita un n\u00famero de espec\u00edfico <span class=\"jsx-3852835299 diff-chunk diff-chunk-inserted diff-chunk-modified active\">accesorios<\/span> para tener \u00e9xito. En esta caja puedes encontrar casi todo eso. Desde productos b\u00e1sicos sin los que no puedes participar hasta los detalles m\u00e1s peque\u00f1os, como nuestros majestuosos accesorios y pesta\u00f1as.<\/p>\n<p>Hemos reunido todos los productos de primera calidad que son esenciales si quieres competir en una competencia de fitness, y todo eso con un descuento excepcional.<\/p>\n<p class=\"translation-block\">Si desea ver m\u00e1s informaci\u00f3n sobre los bikinis de fitness, simplemente haga clic aqu\u00ed para obtener m\u00e1s informaci\u00f3n. Si desea montar un conjunto de competencia completo, nuestra caja de fitness cl\u00e1sica es la opci\u00f3n m\u00e1s favorable para ti.<\/p>","protected":false},"excerpt":{"rendered":"<p>Crea tu propia caja de fitness personalizada. Elija entre una amplia gama de opciones a continuaci\u00f3n y obtenga nuestros productos premium a un precio con descuento.<\/p>","protected":false},"featured_media":1838,"comment_status":"open","ping_status":"closed","template":"","meta":{"_acf_changed":false},"product_brand":[],"product_cat":[31,43],"product_tag":[],"class_list":{"0":"post-1692","1":"product","2":"type-product","3":"status-publish","4":"has-post-thumbnail","6":"product_cat-arya-box","7":"product_cat-classic-box","8":"tm-has-options","10":"first","11":"instock","12":"shipping-taxable","13":"purchasable","14":"product-type-simple"},"acf":[],"jetpack_sharing_enabled":true,"_links":{"self":[{"href":"https:\/\/www.aryabikini.com\/es\/wp-json\/wp\/v2\/product\/1692","targetHints":{"allow":["GET"]}}],"collection":[{"href":"https:\/\/www.aryabikini.com\/es\/wp-json\/wp\/v2\/product"}],"about":[{"href":"https:\/\/www.aryabikini.com\/es\/wp-json\/wp\/v2\/types\/product"}],"replies":[{"embeddable":true,"href":"https:\/\/www.aryabikini.com\/es\/wp-json\/wp\/v2\/comments?post=1692"}],"wp:featuredmedia":[{"embeddable":true,"href":"https:\/\/www.aryabikini.com\/es\/wp-json\/wp\/v2\/media\/1838"}],"wp:attachment":[{"href":"https:\/\/www.aryabikini.com\/es\/wp-json\/wp\/v2\/media?parent=1692"}],"wp:term":[{"taxonomy":"product_brand","embeddable":true,"href":"https:\/\/www.aryabikini.com\/es\/wp-json\/wp\/v2\/product_brand?post=1692"},{"taxonomy":"product_cat","embeddable":true,"href":"https:\/\/www.aryabikini.com\/es\/wp-json\/wp\/v2\/product_cat?post=1692"},{"taxonomy":"product_tag","embeddable":true,"href":"https:\/\/www.aryabikini.com\/es\/wp-json\/wp\/v2\/product_tag?post=1692"}],"curies":[{"name":"wp","href":"https:\/\/api.w.org\/{rel}","templated":true}]}}