{"id":1625,"date":"2022-09-05T15:29:48","date_gmt":"2022-09-05T13:29:48","guid":{"rendered":"https:\/\/www.aryabikini.com\/?post_type=product&#038;p=1625"},"modified":"2024-08-26T20:42:00","modified_gmt":"2024-08-26T18:42:00","slug":"competition-jewelry-silver-set","status":"publish","type":"product","link":"https:\/\/www.aryabikini.com\/es\/producto\/concurso-joya-plata-set\/","title":{"rendered":"Joyas de competici\u00f3n - Juego de plata"},"content":{"rendered":"<p class=\"translation-block\">Creemos firmemente que lucir\u00e1 con este brazalete brillante y uno de estos aretes de diamantes de nuestra colecci\u00f3n de joyer\u00eda Arya. Si te gustan nuestras joyas, no olvides echar un vistazo a nuestras cajas Arya. En ellas encontrar\u00e1s lo m\u00e1s importante para tus futuras competiciones en bikini fitness, al mejor precio.<\/p>\n<p>\u00a1Lleva esta preciosa joya contigo al concurso y gana! Nuestra colecci\u00f3n de tacones de competici\u00f3n fitness combina a la perfecci\u00f3n con este conjunto de joyas plateadas.<\/p>\n<p>La joyer\u00eda de competici\u00f3n es un accesorio tan importante que nunca debes subestimar su poder. Debes ver el campeonato como un todo, porque estar\u00e1s presentando todo tu ser, incluyendo tu personalidad, no solo tu cuerpo. A menudo son los detalles los que m\u00e1s importan. Estamos convencidos de que nuestras joyas de competici\u00f3n les dar\u00e1n a cada una el look final m\u00e1s perfecto en el escenario.<\/p>\n<p>&nbsp;<\/p>","protected":false},"excerpt":{"rendered":"<p>Las joyas es otro elemento importante que completa tu look final en el escenario. El\u00edgelos sabiamente, porque las joyas correctas realzar\u00e1n tu look, pero las incorrectas pueden estropearlo. Ofrecemos joyas de plata y oro para cada tono de piel. No puedes equivocarte con este tipo de joyer\u00eda de competici\u00f3n. Es un evergreen y pronto entender\u00e1s por qu\u00e9. Nos hemos asegurado de que todas nuestras joyas sean elegantes, lujosas y asequibles al mismo tiempo.<\/p>\n<p>Nuestras joyas de competici\u00f3n reflejan la luz de forma natural, haciendo que lucir\u00e1s en el escenario. Son un accesorio ideal para cualquier puesta en escena.<\/p>","protected":false},"featured_media":1661,"comment_status":"open","ping_status":"closed","template":"","meta":{"_acf_changed":false},"product_brand":[],"product_cat":[40,32,101,115,24],"product_tag":[],"class_list":{"0":"post-1625","1":"product","2":"type-product","3":"status-publish","4":"has-post-thumbnail","6":"product_cat-competition-jewerly","7":"product_cat-arya-accessories","8":"product_cat-bestsellers","9":"product_cat-jewerly-set","10":"product_cat-recommended-products","11":"tm-no-options","13":"first","14":"instock","15":"shipping-taxable","16":"purchasable","17":"product-type-variable"},"acf":[],"jetpack_sharing_enabled":true,"_links":{"self":[{"href":"https:\/\/www.aryabikini.com\/es\/wp-json\/wp\/v2\/product\/1625","targetHints":{"allow":["GET"]}}],"collection":[{"href":"https:\/\/www.aryabikini.com\/es\/wp-json\/wp\/v2\/product"}],"about":[{"href":"https:\/\/www.aryabikini.com\/es\/wp-json\/wp\/v2\/types\/product"}],"replies":[{"embeddable":true,"href":"https:\/\/www.aryabikini.com\/es\/wp-json\/wp\/v2\/comments?post=1625"}],"wp:featuredmedia":[{"embeddable":true,"href":"https:\/\/www.aryabikini.com\/es\/wp-json\/wp\/v2\/media\/1661"}],"wp:attachment":[{"href":"https:\/\/www.aryabikini.com\/es\/wp-json\/wp\/v2\/media?parent=1625"}],"wp:term":[{"taxonomy":"product_brand","embeddable":true,"href":"https:\/\/www.aryabikini.com\/es\/wp-json\/wp\/v2\/product_brand?post=1625"},{"taxonomy":"product_cat","embeddable":true,"href":"https:\/\/www.aryabikini.com\/es\/wp-json\/wp\/v2\/product_cat?post=1625"},{"taxonomy":"product_tag","embeddable":true,"href":"https:\/\/www.aryabikini.com\/es\/wp-json\/wp\/v2\/product_tag?post=1625"}],"curies":[{"name":"wp","href":"https:\/\/api.w.org\/{rel}","templated":true}]}}