{"id":1496,"date":"2022-08-19T21:11:46","date_gmt":"2022-08-19T19:11:46","guid":{"rendered":"https:\/\/www.aryabikini.com\/?post_type=product&#038;p=1496"},"modified":"2024-08-29T18:00:20","modified_gmt":"2024-08-29T16:00:20","slug":"see-me-in-bikini","status":"publish","type":"product","link":"https:\/\/www.aryabikini.com\/es\/producto\/verme-en-bikini\/","title":{"rendered":"Verme en Bikini"},"content":{"rendered":"<p>Tanto el precio del servicio como el dep\u00f3sito deben ser pagados por adelantado. Despu\u00e9s de recibir el importe, enviamos el bikini.<\/p>\n<p>Tienes 5 d\u00edas h\u00e1biles para probar nuestro bikini. Se cobra una tasa de 5 \u20ac por cada d\u00eda adicional. En este caso, el dinero ser\u00e1 retirado del dep\u00f3sito.<\/p>\n<p>Simplemente puede enviarnos nuestros bikinis Arya de vuelta y los gastos de env\u00edo cubrimos nosotros - la empresa Arya.<\/p>\n<p>Te pedimos que pruebes bikinis en ropa interior. Se trata de prendas delicadas que est\u00e1n sujetas a normas de higiene, por lo que te pedimos que seais considerados con nosotros y con el resto de clientes.<\/p>\n<p>Enviamos productos 100 % limpios de alta calidad, por lo que esperamos que se devuelvan sin da\u00f1os. Si devuelves el biquini con alg\u00fan desperfecto o suciedad, tendremos que cobrarte un suplemento de 50\u20ac.<\/p>\n<p>El dep\u00f3sito le ser\u00e1 devuelto despu\u00e9s de recibir el traje de ba\u00f1o prestado.<\/p>\n<p>Recomendamos encarecidamente este servicio, ya que no hay mejor manera de averiguar c\u00f3mo le queda mejor la ropa que prob\u00e1rsela.<\/p>\n<p class=\"translation-block\">No te olvides de echar un vistazo a toda nuestra Colecci\u00f3n Arya de bikinis fitness de competici\u00f3n.<\/p>\n<p>Si quieres encargar nuestro bikini Arya, env\u00edanos tus medidas. Te confirmaremos si has elegido la talla adecuada seg\u00fan tus medidas. Por favor, rellene el campo \"Sus medidas\".<\/p>","protected":false},"excerpt":{"rendered":"<p class=\"translation-block\"><strong>El servicio \u00fanico de Arya:<\/strong>  Te ofrecemos la oportunidad de probarte diferentes tipos de bikinis en casa y encontrar el m\u00e1s adecuado para ti.<\/p>\n<p class=\"translation-block\"><strong>C\u00f3mo funciona:  <\/strong>Antes de encargar un bikini fitness personalizado, puedes probarte diferentes tipos de bikinis sin adornos y elegir el que mejor te quede. Despu\u00e9s de enviarnos tus medidas y requisitos personales, seleccionaremos dos variantes diferentes de b\u00e1sicos de bikini que puedes probar en casa. Tiene gran ventaja, porque as\u00ed podemos ajustar el color de las piedras seg\u00fan tus preferencias.<\/p>\n<p class=\"translation-block\"><strong>Precio: \u00a0\u00a0<\/strong>El precio de este servicio es de 15\u20ac + gastos de env\u00edo. Este precio no es reembolsable. El franqueo se calcula seg\u00fan el lugar de entrega (pa\u00eds).<\/p>\n<p class=\"translation-block\"><strong>Fianza: \u00a0\u00a0<\/strong>La fianza es de 169\u20ac y es reembolsable. Lo devolveremos en cuanto recuperemos el bikini. Por este precio te llevas dos b\u00e1sicos de bikini que puedes probar en casa.<\/p>\n<p>Puede encontrar m\u00e1s informaci\u00f3n en la secci\u00f3n de descripci\u00f3n a continuaci\u00f3n.<\/p>\n<p>&nbsp;<\/p>","protected":false},"featured_media":1659,"comment_status":"open","ping_status":"closed","template":"","meta":{"_acf_changed":false},"product_brand":[],"product_cat":[25,26,27,28,29],"product_tag":[],"class_list":{"0":"post-1496","1":"product","2":"type-product","3":"status-publish","4":"has-post-thumbnail","6":"product_cat-competition-bikini","7":"product_cat-bikini-fitness","8":"product_cat-bodyfitness","9":"product_cat-fitmodel","10":"product_cat-npc-bikini","11":"tm-has-options","13":"first","14":"instock","15":"shipping-taxable","16":"purchasable","17":"product-type-simple"},"acf":[],"jetpack_sharing_enabled":true,"_links":{"self":[{"href":"https:\/\/www.aryabikini.com\/es\/wp-json\/wp\/v2\/product\/1496","targetHints":{"allow":["GET"]}}],"collection":[{"href":"https:\/\/www.aryabikini.com\/es\/wp-json\/wp\/v2\/product"}],"about":[{"href":"https:\/\/www.aryabikini.com\/es\/wp-json\/wp\/v2\/types\/product"}],"replies":[{"embeddable":true,"href":"https:\/\/www.aryabikini.com\/es\/wp-json\/wp\/v2\/comments?post=1496"}],"wp:featuredmedia":[{"embeddable":true,"href":"https:\/\/www.aryabikini.com\/es\/wp-json\/wp\/v2\/media\/1659"}],"wp:attachment":[{"href":"https:\/\/www.aryabikini.com\/es\/wp-json\/wp\/v2\/media?parent=1496"}],"wp:term":[{"taxonomy":"product_brand","embeddable":true,"href":"https:\/\/www.aryabikini.com\/es\/wp-json\/wp\/v2\/product_brand?post=1496"},{"taxonomy":"product_cat","embeddable":true,"href":"https:\/\/www.aryabikini.com\/es\/wp-json\/wp\/v2\/product_cat?post=1496"},{"taxonomy":"product_tag","embeddable":true,"href":"https:\/\/www.aryabikini.com\/es\/wp-json\/wp\/v2\/product_tag?post=1496"}],"curies":[{"name":"wp","href":"https:\/\/api.w.org\/{rel}","templated":true}]}}