{"id":1435,"date":"2022-08-17T09:01:12","date_gmt":"2022-08-17T07:01:12","guid":{"rendered":"https:\/\/www.aryabikini.com\/?post_type=product&#038;p=1435"},"modified":"2024-08-26T20:41:06","modified_gmt":"2024-08-26T18:41:06","slug":"competition-luxury-robe-night-panther","status":"publish","type":"product","link":"https:\/\/www.aryabikini.com\/es\/producto\/concurso-lujo-albornoz-noche-pantera\/","title":{"rendered":"Albornoz de lujo de competici\u00f3n - Night Panther"},"content":{"rendered":"<p>Ofrecemos una gran variedad de <a href=\"https:\/\/www.aryabikini.com\/es\/product-category\/arya-accessories\/competition-robe\/\">batas de bikini de competici\u00f3n<\/a> porque nos gustar\u00eda asegurarnos de que encuentre su estilo y color preferidos en Arya. Esta bata es definitivamente algo que usted necesitar\u00e1 en su camino hacia el \u00e9xito.<\/p>\n<p>Material agradable para la piel y c\u00f3modo de llevar. Estas son nuestras batas de competici\u00f3n para bikinis. Extremadamente pr\u00e1cticas y \u00fatiles - las batas fueron creadas para ayudarte donde quiera que vayas. Te recomendamos que lleves tu bata Arya contigo antes y despu\u00e9s de la aplicaci\u00f3n del bronceado falso. Es bueno tener algo ligero encima hasta que se seque el bronceado. Puedes llevarla incluso mientras te maquillas o te peinas, es una ayuda multifuncional. En Arya puedes crear conjuntos de batas y bikinis de verano a juego. La bata negra de competici\u00f3n es tu pr\u00f3ximo imprescindible. Las batas son piezas incre\u00edbles gracias a su brillo y chispa. La bata de competici\u00f3n negra llamar\u00e1 la atenci\u00f3n con sus bordados de piedras.<\/p>\n<p>\u00bfQu\u00e9 m\u00e1s decir? Las batas de competici\u00f3n para bikinis son simplemente perfectas. Y con este servicio de bordado son mejores que nunca.<\/p>","protected":false},"excerpt":{"rendered":"<p>El lujoso albornoz de raso Arya es un agradable complemento para todo tu conjunto de bikini fitness. Comb\u00ednalo con tu bikini fitness de competici\u00f3n o crea otras combinaciones inusuales. No te arrepentir\u00e1s de haber comprado esta bata, ya que tiene un uso universal. Puedes usarlo no solo para la competencia, sino tambi\u00e9n en cualquier otro lugar. Sin duda apreciar\u00e1 la oportunidad de tener su nombre bordado en la bata de ba\u00f1o, lo que le brinda la oportunidad de ser inolvidable para los dem\u00e1s.<\/p>","protected":false},"featured_media":1431,"comment_status":"open","ping_status":"closed","template":"","meta":{"_acf_changed":false},"product_brand":[],"product_cat":[41,32,101,24],"product_tag":[],"class_list":{"0":"post-1435","1":"product","2":"type-product","3":"status-publish","4":"has-post-thumbnail","6":"product_cat-competition-robe","7":"product_cat-arya-accessories","8":"product_cat-bestsellers","9":"product_cat-recommended-products","10":"tm-has-options","12":"first","13":"instock","14":"shipping-taxable","15":"purchasable","16":"product-type-variable","17":"has-default-attributes"},"acf":[],"jetpack_sharing_enabled":true,"_links":{"self":[{"href":"https:\/\/www.aryabikini.com\/es\/wp-json\/wp\/v2\/product\/1435","targetHints":{"allow":["GET"]}}],"collection":[{"href":"https:\/\/www.aryabikini.com\/es\/wp-json\/wp\/v2\/product"}],"about":[{"href":"https:\/\/www.aryabikini.com\/es\/wp-json\/wp\/v2\/types\/product"}],"replies":[{"embeddable":true,"href":"https:\/\/www.aryabikini.com\/es\/wp-json\/wp\/v2\/comments?post=1435"}],"wp:featuredmedia":[{"embeddable":true,"href":"https:\/\/www.aryabikini.com\/es\/wp-json\/wp\/v2\/media\/1431"}],"wp:attachment":[{"href":"https:\/\/www.aryabikini.com\/es\/wp-json\/wp\/v2\/media?parent=1435"}],"wp:term":[{"taxonomy":"product_brand","embeddable":true,"href":"https:\/\/www.aryabikini.com\/es\/wp-json\/wp\/v2\/product_brand?post=1435"},{"taxonomy":"product_cat","embeddable":true,"href":"https:\/\/www.aryabikini.com\/es\/wp-json\/wp\/v2\/product_cat?post=1435"},{"taxonomy":"product_tag","embeddable":true,"href":"https:\/\/www.aryabikini.com\/es\/wp-json\/wp\/v2\/product_tag?post=1435"}],"curies":[{"name":"wp","href":"https:\/\/api.w.org\/{rel}","templated":true}]}}