{"id":1418,"date":"2022-08-17T08:31:11","date_gmt":"2022-08-17T06:31:11","guid":{"rendered":"https:\/\/www.aryabikini.com\/?post_type=product&#038;p=1418"},"modified":"2024-08-26T20:36:19","modified_gmt":"2024-08-26T18:36:19","slug":"competition-jewerly-silver-star-bracelet","status":"publish","type":"product","link":"https:\/\/www.aryabikini.com\/es\/producto\/concurso-joya-brazalete-estrella-de-plata\/","title":{"rendered":"Joyer\u00eda de competici\u00f3n - Pulsera SiIver Star"},"content":{"rendered":"<p>Creemos firmemente que esta pulsera Silver Star o la otra - pulsera de diamantes de nuestra <a href=\"https:\/\/www.aryabikini.com\/es\/product-category\/arya-accessories\/competition-jewerly\/\">Colecci\u00f3n de joyas Arya<\/a> es el adecuado para ti. Adem\u00e1s, nos gustar\u00eda destacar que si te gusta esta joya no te olvides de echar un vistazo a nuestras cajas Arya. All\u00ed encontrar\u00e1s todo lo importante para tu futuro look de competici\u00f3n de bikini, pero al mejor precio.<\/p>\n<p>\u00bfA qui\u00e9n no le gustan las pulseras de cristal? Ahora usted puede tener la suya de acuerdo a su preferencia personal y estilo. Tenemos mucho m\u00e1s que esta joyer\u00eda de plata de la competencia por lo tanto usted puede elegir lo que usted prefiere. Esperamos que encuentre su pieza m\u00e1s querida aqu\u00ed.<\/p>\n<p>Nuestras joyas de plata de competici\u00f3n y, en especial, los pendientes y pulseras de cristal son sus pr\u00f3ximos accesorios favoritos. Ll\u00e9vate este extra de glamour y no te olvides de ganar. Gracias a sus piedras y cristales que irradian glamour y brillo estar\u00e1s a juego de pies a cabeza.<\/p>\n<p>Por \u00faltimo, no puedes equivocarte con los productos de Arya.<\/p>","protected":false},"excerpt":{"rendered":"<p>Las joyas son otra pieza importante para completar tu look final en la competici\u00f3n. Escoge bien porque pueden complementarte o no. Ofrecemos joyas tanto de plata como de oro para cada tono de piel y subtono. No puedes equivocarte con este tipo de joyas de competici\u00f3n. Es imperecedera y pronto entender\u00e1 por qu\u00e9. Nos aseguramos de que todas las piezas sean elegantes, lujosas y a la vez totalmente disponibles.<\/p>","protected":false},"featured_media":1599,"comment_status":"open","ping_status":"closed","template":"","meta":{"_acf_changed":false},"product_brand":[],"product_cat":[40,32],"product_tag":[],"class_list":{"0":"post-1418","1":"product","2":"type-product","3":"status-publish","4":"has-post-thumbnail","6":"product_cat-competition-jewerly","7":"product_cat-arya-accessories","8":"tm-no-options","10":"first","11":"instock","12":"shipping-taxable","13":"purchasable","14":"product-type-simple"},"acf":[],"jetpack_sharing_enabled":true,"_links":{"self":[{"href":"https:\/\/www.aryabikini.com\/es\/wp-json\/wp\/v2\/product\/1418","targetHints":{"allow":["GET"]}}],"collection":[{"href":"https:\/\/www.aryabikini.com\/es\/wp-json\/wp\/v2\/product"}],"about":[{"href":"https:\/\/www.aryabikini.com\/es\/wp-json\/wp\/v2\/types\/product"}],"replies":[{"embeddable":true,"href":"https:\/\/www.aryabikini.com\/es\/wp-json\/wp\/v2\/comments?post=1418"}],"wp:featuredmedia":[{"embeddable":true,"href":"https:\/\/www.aryabikini.com\/es\/wp-json\/wp\/v2\/media\/1599"}],"wp:attachment":[{"href":"https:\/\/www.aryabikini.com\/es\/wp-json\/wp\/v2\/media?parent=1418"}],"wp:term":[{"taxonomy":"product_brand","embeddable":true,"href":"https:\/\/www.aryabikini.com\/es\/wp-json\/wp\/v2\/product_brand?post=1418"},{"taxonomy":"product_cat","embeddable":true,"href":"https:\/\/www.aryabikini.com\/es\/wp-json\/wp\/v2\/product_cat?post=1418"},{"taxonomy":"product_tag","embeddable":true,"href":"https:\/\/www.aryabikini.com\/es\/wp-json\/wp\/v2\/product_tag?post=1418"}],"curies":[{"name":"wp","href":"https:\/\/api.w.org\/{rel}","templated":true}]}}