{"id":1060,"date":"2022-08-16T20:59:21","date_gmt":"2022-08-16T18:59:21","guid":{"rendered":"https:\/\/www.aryabikini.com\/?post_type=product&#038;p=1060"},"modified":"2025-12-19T21:23:54","modified_gmt":"2025-12-19T20:23:54","slug":"competition-bikini-multicolor-fuschia-bikini-welness-fitness","status":"publish","type":"product","link":"https:\/\/www.aryabikini.com\/es\/producto\/competicion-bikini-multicolor-fuschia-bikini-welness-fitness\/","title":{"rendered":"Bikini de competici\u00f3n - Fucsia multicolor - Bikini\/Wellness Fitness"},"content":{"rendered":"<p>Nuestros bikinis de competici\u00f3n cuentan con un acabado suave al tacto que crea una sensaci\u00f3n c\u00f3moda durante uso gracias a las fibras cortas. Al mismo tiempo, el bikini de competici\u00f3n Arya son maravillosamente luminosas gracias a los cristales que reflejan perfectamente la luz. Trabajamos principalmente con terciopelo de la m\u00e1s alta calidad para crear el look de bikini m\u00e1s lujoso. Puedes encontrar el bikini de competici\u00f3n premium perfecto aqu\u00ed mismo. No tienes que buscar m\u00e1s. Creamos bikinis de competici\u00f3n para casi todas las categor\u00edas de la IFBB. La calidad, junto con su satisfacci\u00f3n, es nuestra m\u00e1xima prioridad.<\/p>\n<p>Manipulamos cuidadosamente cada cristal y piedra antes de fijarlos al bikini. Cada cristal se fija a mano a sus bikinis \u00fanicos. Trabajamos con cristales de todos los colores. Nuestros strass tienen forma redonda porque seg\u00fan nuestra experiencia personal, esta forma es la mejor opci\u00f3n para cualquier bikini de cristal. Hacemos todo lo posible para proporcionar a todos nuestros clientes con bikini posando perfecto. <span class=\"Apple-converted-space\">Si quieres ver toda nuestra incre\u00edble colecci\u00f3n s\u00f3lo tienes que hacer clic en <a href=\"https:\/\/www.aryabikini.com\/es\/product-category\/competition-bikini\/\">aqu\u00ed<\/a>.<\/span> Nuestra colecci\u00f3n no s\u00f3lo es atractiva, sino que tambi\u00e9n est\u00e1 hecha para crear un ajuste perfecto para su cuerpo.<\/p>\n<p>Hacemos todo lo posible para proporcionar el bikini de competici\u00f3n perfecto a todos nuestros clientes. Para pedir nuestro bikini Arya, env\u00edenos sus medidas personales. Te confirmaremos si has elegido la talla adecuada seg\u00fan tus medidas. Por favor, rellene el campo \"Sus medidas\".<\/p>","protected":false},"excerpt":{"rendered":"<p>This soft-to-touch finish creates a product comfortable for wearing, very snugly and shiny thanks to its short fibre piles. We especially work with the highest quality velvet to create the most luxurious look. This is the perfect premium competition bikini that you have been looking for. Do not forget we create competition bikinis for almost [&hellip;]<\/p>\n","protected":false},"featured_media":438,"comment_status":"open","ping_status":"closed","template":"","meta":{"_acf_changed":false},"product_brand":[],"product_cat":[26,25],"product_tag":[],"class_list":{"0":"post-1060","1":"product","2":"type-product","3":"status-publish","4":"has-post-thumbnail","6":"product_cat-bikini-fitness","7":"product_cat-competition-bikini","8":"tm-has-options","10":"first","11":"instock","12":"shipping-taxable","13":"purchasable","14":"product-type-simple"},"acf":[],"jetpack_sharing_enabled":true,"_links":{"self":[{"href":"https:\/\/www.aryabikini.com\/es\/wp-json\/wp\/v2\/product\/1060","targetHints":{"allow":["GET"]}}],"collection":[{"href":"https:\/\/www.aryabikini.com\/es\/wp-json\/wp\/v2\/product"}],"about":[{"href":"https:\/\/www.aryabikini.com\/es\/wp-json\/wp\/v2\/types\/product"}],"replies":[{"embeddable":true,"href":"https:\/\/www.aryabikini.com\/es\/wp-json\/wp\/v2\/comments?post=1060"}],"wp:featuredmedia":[{"embeddable":true,"href":"https:\/\/www.aryabikini.com\/es\/wp-json\/wp\/v2\/media\/438"}],"wp:attachment":[{"href":"https:\/\/www.aryabikini.com\/es\/wp-json\/wp\/v2\/media?parent=1060"}],"wp:term":[{"taxonomy":"product_brand","embeddable":true,"href":"https:\/\/www.aryabikini.com\/es\/wp-json\/wp\/v2\/product_brand?post=1060"},{"taxonomy":"product_cat","embeddable":true,"href":"https:\/\/www.aryabikini.com\/es\/wp-json\/wp\/v2\/product_cat?post=1060"},{"taxonomy":"product_tag","embeddable":true,"href":"https:\/\/www.aryabikini.com\/es\/wp-json\/wp\/v2\/product_tag?post=1060"}],"curies":[{"name":"wp","href":"https:\/\/api.w.org\/{rel}","templated":true}]}}