{"id":960,"date":"2022-08-16T10:34:02","date_gmt":"2022-08-16T08:34:02","guid":{"rendered":"https:\/\/www.aryabikini.com\/?post_type=product&#038;p=960"},"modified":"2024-08-26T20:51:00","modified_gmt":"2024-08-26T18:51:00","slug":"competition-jewerly-audrey-earrings","status":"publish","type":"product","link":"https:\/\/www.aryabikini.com\/de\/produkt\/wettbewerb-juwelen-ohrringe\/","title":{"rendered":"Wettbewerb jewerly - Audrey Ohrringe"},"content":{"rendered":"<p>Wir glauben fest daran, dass dieser oder andere Diamantohrringe aus unserem <a href=\"https:\/\/www.aryabikini.com\/de\/product-category\/arya-accessories\/competition-jewerly\/\">Arya-Schmuckkollektion<\/a> sind die richtigen. Wenn Ihnen diese Ohrringe gefallen, vergessen Sie nicht, sich unsere Arya-Boxen anzusehen. Dort findest du alles Wichtige f\u00fcr deinen zuk\u00fcnftigen Bikini-Fitness-Wettbewerb, aber zum besten Preis.<\/p>\n<p>Wer w\u00fcrde nicht gerne B\u00fchnenohrringe tragen? Jetzt k\u00f6nnen Sie Ihre nach Ihren pers\u00f6nlichen Vorlieben und Ihrem Stil haben. Wir hoffen, dass Sie hier Ihr Lieblingsst\u00fcck finden werden.<\/p>\n<p>Unser Wettbewerbsschmuck und insbesondere unsere B\u00fchnenohrringe sind Ihr n\u00e4chstes Lieblingsaccessoire. Nehmen Sie diesen extra Glam mit und vergessen Sie nicht zu gewinnen. Sie bilden ein passendes Paar mit unseren Bikini-Wettkampf-Abs\u00e4tzen. Schlie\u00dflich geben unsere Wettkampf-Ohrringe deinem Bikini-B\u00fchnen-Look den perfekten letzten Schliff.<\/p>\n<p>&nbsp;<\/p>","protected":false},"excerpt":{"rendered":"<p>Schmuck ist ein weiteres wichtiges St\u00fcck, um Ihren endg\u00fcltigen Look f\u00fcr die Wettbewerbsphase zu vervollst\u00e4ndigen. W\u00e4hlen Sie mit Bedacht, da die St\u00fccke Ihren Look erg\u00e4nzen k\u00f6nnen oder auch nicht. Wir bieten sowohl Silber- als auch Goldschmuck f\u00fcr jeden Hautton und Unterton an. Mit dieser Art von Wettkampfschmuck k\u00f6nnen Sie nichts falsch machen. Es ist ein Evergreen und Sie werden bald verstehen, warum. Wir haben darauf geachtet, dass alle St\u00fccke elegant, luxuri\u00f6s und dennoch absolut erschwinglich sind.<\/p>","protected":false},"featured_media":957,"comment_status":"open","ping_status":"closed","template":"","meta":{"_acf_changed":false},"product_brand":[],"product_cat":[40,32],"product_tag":[],"class_list":{"0":"post-960","1":"product","2":"type-product","3":"status-publish","4":"has-post-thumbnail","6":"product_cat-competition-jewerly","7":"product_cat-arya-accessories","8":"tm-no-options","10":"first","11":"instock","12":"shipping-taxable","13":"purchasable","14":"product-type-simple"},"acf":[],"jetpack_sharing_enabled":true,"_links":{"self":[{"href":"https:\/\/www.aryabikini.com\/de\/wp-json\/wp\/v2\/product\/960","targetHints":{"allow":["GET"]}}],"collection":[{"href":"https:\/\/www.aryabikini.com\/de\/wp-json\/wp\/v2\/product"}],"about":[{"href":"https:\/\/www.aryabikini.com\/de\/wp-json\/wp\/v2\/types\/product"}],"replies":[{"embeddable":true,"href":"https:\/\/www.aryabikini.com\/de\/wp-json\/wp\/v2\/comments?post=960"}],"wp:featuredmedia":[{"embeddable":true,"href":"https:\/\/www.aryabikini.com\/de\/wp-json\/wp\/v2\/media\/957"}],"wp:attachment":[{"href":"https:\/\/www.aryabikini.com\/de\/wp-json\/wp\/v2\/media?parent=960"}],"wp:term":[{"taxonomy":"product_brand","embeddable":true,"href":"https:\/\/www.aryabikini.com\/de\/wp-json\/wp\/v2\/product_brand?post=960"},{"taxonomy":"product_cat","embeddable":true,"href":"https:\/\/www.aryabikini.com\/de\/wp-json\/wp\/v2\/product_cat?post=960"},{"taxonomy":"product_tag","embeddable":true,"href":"https:\/\/www.aryabikini.com\/de\/wp-json\/wp\/v2\/product_tag?post=960"}],"curies":[{"name":"wp","href":"https:\/\/api.w.org\/{rel}","templated":true}]}}