{"id":946,"date":"2022-08-15T15:42:24","date_gmt":"2022-08-15T13:42:24","guid":{"rendered":"https:\/\/www.aryabikini.com\/?post_type=product&#038;p=946"},"modified":"2024-08-26T20:52:17","modified_gmt":"2024-08-26T18:52:17","slug":"detangler-brush-red-goldstone","status":"publish","type":"product","link":"https:\/\/www.aryabikini.com\/de\/produkt\/entwirrer-burste-rot-goldstein\/","title":{"rendered":"Entwirrungsb\u00fcrste - Rotgoldstein"},"content":{"rendered":"<p>Die Entwirrungshaarb\u00fcrste von Arya kombiniert eine der besten Entwirrungstechnologien mit innovativem Design.<\/p>\n<p>Erstens gleitet dieser Entwirrer dank seiner 300 flexiblen Borsten ohne Unannehmlichkeiten durch Ihr Haar. Er ist perfekt f\u00fcr unterwegs und Sie k\u00f6nnen ihn mitnehmen. Er ist ziemlich klein, so dass er buchst\u00e4blich in jede Tasche passt. Dies ist Ihr kleiner Freund, der klein, aber stark ist.<\/p>\n<p>Zweitens wurde diese Entwirrungsb\u00fcrste entwickelt, um Haarausfall und -bruch um jeden Preis zu verhindern. Schauen Sie sich die Platzierung aller Borsten an \u2013 diese Anti-Schadens-Strategie verteilt zusammen mit den unterschiedlich hohen Borsten den Druck auf eine Weise, die mehr als genug ist, um verknotetes Haar zu entwirren, ohne das Haar zu besch\u00e4digen. Die Reinigung wird schneller, einfacher und v\u00f6llig schmerzfrei. Vergessen Sie nicht, diese B\u00fcrste mitzunehmen, und Sie werden \u00fcberrascht sein, wie sehr sie Ihnen helfen wird.<\/p>\n<p class=\"translation-block\">Sie k\u00f6nnen aus drei verschiedenen Farbvariationen w\u00e4hlen. Schlie\u00dflich passen alle Arya-Pinsel zu unserer Gesamtkollektion, und das bedeutet, dass Glitzer \u00fcberall ist.<\/p>\n<p>&nbsp;<\/p>","protected":false},"excerpt":{"rendered":"<p>Die Haarb\u00fcrste ist Teil unserer Kollektion, weil sie eine t\u00e4gliche Notwendigkeit ist. Wir konnten nicht widerstehen, diese glitzernde Haarb\u00fcrste zu unserer Arya-Auswahl hinzuzuf\u00fcgen, denn jetzt k\u00f6nnen Sie Ihren Fitness-Bikini, Ihre Flasche und alles andere mit diesen niedlichen Borsten kombinieren.<\/p>","protected":false},"featured_media":943,"comment_status":"open","ping_status":"closed","template":"","meta":{"_acf_changed":false},"product_brand":[],"product_cat":[46,32],"product_tag":[],"class_list":{"0":"post-946","1":"product","2":"type-product","3":"status-publish","4":"has-post-thumbnail","6":"product_cat-detangler-brush","7":"product_cat-arya-accessories","8":"tm-no-options","10":"first","11":"instock","12":"shipping-taxable","13":"purchasable","14":"product-type-simple"},"acf":[],"jetpack_sharing_enabled":true,"_links":{"self":[{"href":"https:\/\/www.aryabikini.com\/de\/wp-json\/wp\/v2\/product\/946","targetHints":{"allow":["GET"]}}],"collection":[{"href":"https:\/\/www.aryabikini.com\/de\/wp-json\/wp\/v2\/product"}],"about":[{"href":"https:\/\/www.aryabikini.com\/de\/wp-json\/wp\/v2\/types\/product"}],"replies":[{"embeddable":true,"href":"https:\/\/www.aryabikini.com\/de\/wp-json\/wp\/v2\/comments?post=946"}],"wp:featuredmedia":[{"embeddable":true,"href":"https:\/\/www.aryabikini.com\/de\/wp-json\/wp\/v2\/media\/943"}],"wp:attachment":[{"href":"https:\/\/www.aryabikini.com\/de\/wp-json\/wp\/v2\/media?parent=946"}],"wp:term":[{"taxonomy":"product_brand","embeddable":true,"href":"https:\/\/www.aryabikini.com\/de\/wp-json\/wp\/v2\/product_brand?post=946"},{"taxonomy":"product_cat","embeddable":true,"href":"https:\/\/www.aryabikini.com\/de\/wp-json\/wp\/v2\/product_cat?post=946"},{"taxonomy":"product_tag","embeddable":true,"href":"https:\/\/www.aryabikini.com\/de\/wp-json\/wp\/v2\/product_tag?post=946"}],"curies":[{"name":"wp","href":"https:\/\/api.w.org\/{rel}","templated":true}]}}