{"id":597,"date":"2022-08-15T14:37:19","date_gmt":"2022-08-15T12:37:19","guid":{"rendered":"https:\/\/www.aryabikini.com\/?post_type=product&#038;p=597"},"modified":"2024-08-29T18:03:38","modified_gmt":"2024-08-29T16:03:38","slug":"competition-bikini-shadow-amethyst-bikini-welness-fitness","status":"publish","type":"product","link":"https:\/\/www.aryabikini.com\/de\/produkt\/wettbewerb-bikini-schatten-amethyst-bikini-wellness-fitness\/","title":{"rendered":"Wettkampf-Bikini - Shadow Amethyst - Bikini\/Wellness Fitness"},"content":{"rendered":"<p>Durch diese Soft-Touch-Ausr\u00fcstung entsteht ein angenehm zu tragendes, durch den kurzen Faserflor sehr anschmiegsames und gl\u00e4nzendes Produkt. Wir arbeiten haupts\u00e4chlich mit Samt h\u00f6chster Qualit\u00e4t, um den luxuri\u00f6sesten Look zu kreieren. Dies ist der perfekte Premium-Wettkampfbikini, nach dem Sie gesucht haben. Vergessen Sie nicht, dass wir Wettkampfbikinis f\u00fcr fast jede IFBB-Kategorie herstellen. Abschlie\u00dfend m\u00f6chten wir betonen, dass neben Ihrer Zufriedenheit auch die Qualit\u00e4t unsere h\u00f6chste Priorit\u00e4t ist.<\/p>\n<p>Wir behandeln jeden Kristall und Stein sorgf\u00e4ltig, bevor wir ihn am Bikini anbringen. Jeder Kristall wird von Hand an Ihrem einzigartigen Bikini befestigt. Wir arbeiten mit Kristallen in allen Farben. Unsere Steine \u200b\u200bhaben eine runde Form, da diese Form unserer pers\u00f6nlichen Erfahrung nach der besten Wahl f\u00fcr jeden Wettkampfbikini ist. Wir bem\u00fchen uns, allen unseren Kunden Bikinis mit perfekter Pose zur Verf\u00fcgung zu stellen. Um unsere gesamte erstaunliche Sammlung zu sehen, klicken Sie hier. Unsere Kollektion sieht nicht nur gut aus, sondern passt sich auch perfekt Ihrem K\u00f6rper an. <span class=\"Apple-converted-space\">Wenn Sie unsere gesamte Kollektion sehen m\u00f6chten, klicken Sie einfach auf <a href=\"https:\/\/www.aryabikini.com\/de\/product-category\/competition-bikini\/\">hier<\/a>.<\/span> Unsere Kollektion sieht nicht nur gut aus, sondern passt sich auch perfekt an Ihren K\u00f6rper an.<\/p>\n<p>Um unseren Bikini Arya zu bestellen, senden Sie uns bitte Ihre pers\u00f6nlichen Ma\u00dfe. Wir werden best\u00e4tigen, ob Sie die richtige Gr\u00f6\u00dfe entsprechend Ihrer k\u00f6rperlichen Verfassung gew\u00e4hlt haben. Bitte f\u00fcllen Sie das Feld \u201eIhre Ma\u00dfe\u201c aus.<\/p>","protected":false},"excerpt":{"rendered":"<p>This soft-to-touch finish creates a product comfortable for wearing, very snugly and shiny thanks to its short fibre piles. We especially work with the highest quality velvet to create the most luxurious look. This is the perfect posing purple bikini that you have been looking for. Do not forget we create posing purple competition bikinis [&hellip;]<\/p>\n","protected":false},"featured_media":446,"comment_status":"open","ping_status":"closed","template":"","meta":{"_acf_changed":false},"product_brand":[],"product_cat":[26,25],"product_tag":[],"class_list":{"0":"post-597","1":"product","2":"type-product","3":"status-publish","4":"has-post-thumbnail","6":"product_cat-bikini-fitness","7":"product_cat-competition-bikini","8":"tm-has-options","10":"first","11":"instock","12":"shipping-taxable","13":"purchasable","14":"product-type-simple"},"acf":[],"jetpack_sharing_enabled":true,"_links":{"self":[{"href":"https:\/\/www.aryabikini.com\/de\/wp-json\/wp\/v2\/product\/597","targetHints":{"allow":["GET"]}}],"collection":[{"href":"https:\/\/www.aryabikini.com\/de\/wp-json\/wp\/v2\/product"}],"about":[{"href":"https:\/\/www.aryabikini.com\/de\/wp-json\/wp\/v2\/types\/product"}],"replies":[{"embeddable":true,"href":"https:\/\/www.aryabikini.com\/de\/wp-json\/wp\/v2\/comments?post=597"}],"wp:featuredmedia":[{"embeddable":true,"href":"https:\/\/www.aryabikini.com\/de\/wp-json\/wp\/v2\/media\/446"}],"wp:attachment":[{"href":"https:\/\/www.aryabikini.com\/de\/wp-json\/wp\/v2\/media?parent=597"}],"wp:term":[{"taxonomy":"product_brand","embeddable":true,"href":"https:\/\/www.aryabikini.com\/de\/wp-json\/wp\/v2\/product_brand?post=597"},{"taxonomy":"product_cat","embeddable":true,"href":"https:\/\/www.aryabikini.com\/de\/wp-json\/wp\/v2\/product_cat?post=597"},{"taxonomy":"product_tag","embeddable":true,"href":"https:\/\/www.aryabikini.com\/de\/wp-json\/wp\/v2\/product_tag?post=597"}],"curies":[{"name":"wp","href":"https:\/\/api.w.org\/{rel}","templated":true}]}}