{"id":450,"date":"2022-08-15T14:32:50","date_gmt":"2022-08-15T12:32:50","guid":{"rendered":"https:\/\/www.aryabikini.com\/?post_type=product&#038;p=450"},"modified":"2024-08-29T18:03:55","modified_gmt":"2024-08-29T16:03:55","slug":"competition-bikini-neon-emerald-bikini-welness-fitness","status":"publish","type":"product","link":"https:\/\/www.aryabikini.com\/de\/produkt\/wettbewerb-bikini-neon-emerald-bikini-wellness-fitness\/","title":{"rendered":"Wettkampf-Bikini - Neon Emerald - Bikini\/Wellness Fitness"},"content":{"rendered":"<p>Durch diese Soft-Touch-Ausr\u00fcstung entsteht ein angenehm zu tragendes, durch den kurzen Faserflor sehr anschmiegsames und gl\u00e4nzendes Produkt. Wir arbeiten haupts\u00e4chlich mit Samt h\u00f6chster Qualit\u00e4t, um den luxuri\u00f6sesten Look zu kreieren. Dies ist der perfekte Premium-Wettkampfbikini, nach dem Sie gesucht haben. Vergessen Sie nicht, dass wir Wettkampfbikinis f\u00fcr fast jede IFBB-Kategorie herstellen. Abschlie\u00dfend m\u00f6chten wir betonen, dass neben Ihrer Zufriedenheit auch die Qualit\u00e4t unsere h\u00f6chste Priorit\u00e4t ist.<\/p>\n<p>Wir bearbeiten jeden Kristall und Stein sorgf\u00e4ltig, bevor wir ihn am Bikini anbringen. Jeder Kristall wird von Hand an Ihren einzigartigen Bikinis befestigt. Wir arbeiten mit Kristallen in allen Farben. Unsere Strasssteine haben eine runde Form, denn nach unserer pers\u00f6nlichen Erfahrung ist diese Form die beste Wahl f\u00fcr jeden Wettkampf-Bikini. Wir tun unser Bestes, um alle unsere Kunden mit perfekten gr\u00fcnen Posing-Bikinis zu versorgen. <span class=\"Apple-converted-space\">Wenn Sie unsere gesamte Kollektion sehen m\u00f6chten, klicken Sie einfach auf <a href=\"https:\/\/www.aryabikini.com\/de\/product-category\/competition-bikini\/\">hier<\/a>.<\/span> Unsere Kollektion sieht nicht nur gut aus, sondern passt sich auch perfekt an Ihren K\u00f6rper an.<\/p>\n<p>Um unseren Bikini Arya zu bestellen, senden Sie uns bitte Ihre pers\u00f6nlichen Ma\u00dfe. Wir werden best\u00e4tigen, ob Sie die richtige Gr\u00f6\u00dfe entsprechend Ihrer k\u00f6rperlichen Verfassung gew\u00e4hlt haben. Bitte f\u00fcllen Sie das Feld \u201eIhre Ma\u00dfe\u201c aus.<\/p>","protected":false},"excerpt":{"rendered":"<p>This soft-to-touch finish creates a product comfortable for wearing, very snugly and shiny thanks to its short fibre piles. We especially work with the highest quality velvet to create the most luxurious look. This is the perfect premium competition bikini that you have been looking for. Do not forget we create competition bikinis for almost [&hellip;]<\/p>\n","protected":false},"featured_media":443,"comment_status":"open","ping_status":"closed","template":"","meta":{"_acf_changed":false},"product_brand":[],"product_cat":[26,25],"product_tag":[],"class_list":{"0":"post-450","1":"product","2":"type-product","3":"status-publish","4":"has-post-thumbnail","6":"product_cat-bikini-fitness","7":"product_cat-competition-bikini","8":"tm-has-options","10":"first","11":"instock","12":"shipping-taxable","13":"purchasable","14":"product-type-simple"},"acf":[],"jetpack_sharing_enabled":true,"_links":{"self":[{"href":"https:\/\/www.aryabikini.com\/de\/wp-json\/wp\/v2\/product\/450","targetHints":{"allow":["GET"]}}],"collection":[{"href":"https:\/\/www.aryabikini.com\/de\/wp-json\/wp\/v2\/product"}],"about":[{"href":"https:\/\/www.aryabikini.com\/de\/wp-json\/wp\/v2\/types\/product"}],"replies":[{"embeddable":true,"href":"https:\/\/www.aryabikini.com\/de\/wp-json\/wp\/v2\/comments?post=450"}],"wp:featuredmedia":[{"embeddable":true,"href":"https:\/\/www.aryabikini.com\/de\/wp-json\/wp\/v2\/media\/443"}],"wp:attachment":[{"href":"https:\/\/www.aryabikini.com\/de\/wp-json\/wp\/v2\/media?parent=450"}],"wp:term":[{"taxonomy":"product_brand","embeddable":true,"href":"https:\/\/www.aryabikini.com\/de\/wp-json\/wp\/v2\/product_brand?post=450"},{"taxonomy":"product_cat","embeddable":true,"href":"https:\/\/www.aryabikini.com\/de\/wp-json\/wp\/v2\/product_cat?post=450"},{"taxonomy":"product_tag","embeddable":true,"href":"https:\/\/www.aryabikini.com\/de\/wp-json\/wp\/v2\/product_tag?post=450"}],"curies":[{"name":"wp","href":"https:\/\/api.w.org\/{rel}","templated":true}]}}