{"id":2754,"date":"2024-03-16T20:39:03","date_gmt":"2024-03-16T19:39:03","guid":{"rendered":"https:\/\/www.aryabikini.com\/?post_type=product&#038;p=2754"},"modified":"2026-02-13T17:02:15","modified_gmt":"2026-02-13T16:02:15","slug":"custom-competition-earrings","status":"publish","type":"product","link":"https:\/\/www.aryabikini.com\/de\/produkt\/ohrringe-fur-den-wettbewerb\/","title":{"rendered":"Individuelle Ohrringe f\u00fcr den Wettbewerb"},"content":{"rendered":"<p>Wir glauben fest daran, dass dieser oder andere Diamantohrringe aus unserem\u00a0<a href=\"https:\/\/www.aryabikini.com\/de\/product-category\/arya-accessories\/competition-jewerly\/\">Arya-Schmuckkollektion<\/a>\u00a0sind die richtigen. Wenn Ihnen diese Ohrringe gefallen, vergessen Sie nicht, sich unsere Arya-Boxen anzusehen. Dort findest du alles Wichtige f\u00fcr deinen zuk\u00fcnftigen Bikini-Fitness-Wettbewerb, aber zum besten Preis.<\/p>\n<p>Wer w\u00fcrde nicht gerne B\u00fchnenohrringe tragen? Jetzt k\u00f6nnen Sie Ihre nach Ihren pers\u00f6nlichen Vorlieben und Ihrem Stil haben. Wir hoffen, dass Sie hier Ihr Lieblingsst\u00fcck finden werden.<\/p>\n<p>Unser Wettbewerbsschmuck und insbesondere unsere B\u00fchnenohrringe sind Ihr n\u00e4chstes Lieblingsaccessoire. Nehmen Sie diesen extra Glam mit und vergessen Sie nicht zu gewinnen. Sie bilden ein passendes Paar mit unseren Bikini-Wettkampf-Abs\u00e4tzen. Schlie\u00dflich geben unsere Wettkampf-Ohrringe deinem Bikini-B\u00fchnen-Look den perfekten letzten Schliff.<\/p>","protected":false},"excerpt":{"rendered":"<div id=\"-product-excerpt-15-79\" class=\"oxy-product-excerpt oxy-woo-element\">\n<div class=\"woocommerce-product-details__short-description\">\n<p>Erstelle die besten personalisierten Wettbewerbsohrringe aller Zeiten. Bitte beschreiben Sie unten Ihre Idee und laden Sie gegebenenfalls ein Foto hoch.<\/p>\n<\/div>\n<\/div>","protected":false},"featured_media":2757,"comment_status":"open","ping_status":"closed","template":"","meta":{"_acf_changed":false},"product_brand":[],"product_cat":[40,32],"product_tag":[],"class_list":{"0":"post-2754","1":"product","2":"type-product","3":"status-publish","4":"has-post-thumbnail","6":"product_cat-competition-jewerly","7":"product_cat-arya-accessories","8":"tm-has-options","10":"first","11":"instock","12":"shipping-taxable","13":"purchasable","14":"product-type-simple"},"acf":[],"jetpack_sharing_enabled":true,"_links":{"self":[{"href":"https:\/\/www.aryabikini.com\/de\/wp-json\/wp\/v2\/product\/2754","targetHints":{"allow":["GET"]}}],"collection":[{"href":"https:\/\/www.aryabikini.com\/de\/wp-json\/wp\/v2\/product"}],"about":[{"href":"https:\/\/www.aryabikini.com\/de\/wp-json\/wp\/v2\/types\/product"}],"replies":[{"embeddable":true,"href":"https:\/\/www.aryabikini.com\/de\/wp-json\/wp\/v2\/comments?post=2754"}],"wp:featuredmedia":[{"embeddable":true,"href":"https:\/\/www.aryabikini.com\/de\/wp-json\/wp\/v2\/media\/2757"}],"wp:attachment":[{"href":"https:\/\/www.aryabikini.com\/de\/wp-json\/wp\/v2\/media?parent=2754"}],"wp:term":[{"taxonomy":"product_brand","embeddable":true,"href":"https:\/\/www.aryabikini.com\/de\/wp-json\/wp\/v2\/product_brand?post=2754"},{"taxonomy":"product_cat","embeddable":true,"href":"https:\/\/www.aryabikini.com\/de\/wp-json\/wp\/v2\/product_cat?post=2754"},{"taxonomy":"product_tag","embeddable":true,"href":"https:\/\/www.aryabikini.com\/de\/wp-json\/wp\/v2\/product_tag?post=2754"}],"curies":[{"name":"wp","href":"https:\/\/api.w.org\/{rel}","templated":true}]}}