{"id":257,"date":"2022-08-08T17:32:32","date_gmt":"2022-08-08T15:32:32","guid":{"rendered":"https:\/\/www.aryabikini.com\/?post_type=product&#038;p=257"},"modified":"2024-08-26T20:22:15","modified_gmt":"2024-08-26T18:22:15","slug":"false-lashes","status":"publish","type":"product","link":"https:\/\/www.aryabikini.com\/de\/produkt\/falsche-wimpern\/","title":{"rendered":"K\u00fcnstliche Wimpern"},"content":{"rendered":"<p>K\u00fcnstliche Wimpern schaffen das ultimative Meisterwerk. An einem Tag wie diesem, an dem Sie versuchen, auf der B\u00fchne Ihr Bestes zu geben, sind Wimpern ein Muss. Strahlen Sie Anziehungskraft aus und lassen Sie Ihren Look Geschichte schreiben. Wir sagen gerne, dass sich Welten ver\u00e4ndern, wenn sich Blicke treffen, also versuchen Sie, Ihre Augen unvergesslich zu machen. Wir w\u00e4hlen diese k\u00fcnstlichen Wimpern speziell f\u00fcr Sie aus, weil wir sie so perfekt finden, wie sie nur sein k\u00f6nnen.<\/p>\n<p>Es gibt viele M\u00f6glichkeiten, wenn es um k\u00fcnstliche Wimpern geht, aber wir wissen, was Sie brauchen. Jedes Arya-Produkt wurde sorgf\u00e4ltig f\u00fcr die B\u00fchne gefertigt. Wir w\u00e4hlen unsere Produkte basierend auf unserer eigenen langj\u00e4hrigen Erfahrung aus Bikini-Wettbewerben aus. Diese k\u00fcnstlichen Wimpern sind einfach anzubringen, extrem leicht und komfortabel.<\/p>\n<p>Sie k\u00f6nnen sie den ganzen Tag unter allen Bedingungen tragen. Sie m\u00fcssen besonders auf der B\u00fchne sein, und wir wissen, was Sie in einer Sekunde von einem guten zu einem absolut fantastischen Aussehen bringt - unsere k\u00fcnstlichen Wimpern. Das Hinzuf\u00fcgen von Drama und Volumen zu Ihrem Look ist eine Sache von Sekunden. Augen sind das erste, worauf wir schauen, wenn wir jemanden treffen \u2013 mit solchen Wimpern sehen Sie immer frisch, jugendlich und v\u00f6llig unerfahren aus.<\/p>\n<p class=\"translation-block\">Seien Sie vorbereitet und sehen Sie sich unser Sonderangebot an Arya-Boxen an. Dort finden Sie alles, was Sie zur Vorbereitung auf die B\u00fchne brauchen, aber zu einem besseren Preis. In diesen Boxen finden Sie auch unsere k\u00fcnstlichen Wimpern.<\/p>\n<p>Halten Sie den Fotoapparat bereit und nehmen Sie Arya Wimpern mit \u2013 wir versprechen Ihnen, dass sie Ihnen helfen werden, auf jedem Foto von jedem Seitenprofil einfach umwerfend auszusehen.<\/p>","protected":false},"excerpt":{"rendered":"<p>Diese k\u00fcnstlichen Wimpern eignen sich f\u00fcr Wettkampflooks, da sie markanter, l\u00e4nger und sch\u00f6ner geschwungen sind als normale k\u00fcnstliche Wimpern. Sie sind das perfekte Finish f\u00fcr Ihr Make-up. Ihr Look wird unwiderstehlich sinnlich sein.<\/p>","protected":false},"featured_media":951,"comment_status":"open","ping_status":"closed","template":"","meta":{"_acf_changed":false},"product_brand":[],"product_cat":[47,101,24],"product_tag":[],"class_list":{"0":"post-257","1":"product","2":"type-product","3":"status-publish","4":"has-post-thumbnail","6":"product_cat-fake-lashes","7":"product_cat-bestsellers","8":"product_cat-recommended-products","9":"tm-no-options","11":"first","12":"instock","13":"sale","14":"shipping-taxable","15":"purchasable","16":"product-type-simple"},"acf":[],"jetpack_sharing_enabled":true,"_links":{"self":[{"href":"https:\/\/www.aryabikini.com\/de\/wp-json\/wp\/v2\/product\/257","targetHints":{"allow":["GET"]}}],"collection":[{"href":"https:\/\/www.aryabikini.com\/de\/wp-json\/wp\/v2\/product"}],"about":[{"href":"https:\/\/www.aryabikini.com\/de\/wp-json\/wp\/v2\/types\/product"}],"replies":[{"embeddable":true,"href":"https:\/\/www.aryabikini.com\/de\/wp-json\/wp\/v2\/comments?post=257"}],"wp:featuredmedia":[{"embeddable":true,"href":"https:\/\/www.aryabikini.com\/de\/wp-json\/wp\/v2\/media\/951"}],"wp:attachment":[{"href":"https:\/\/www.aryabikini.com\/de\/wp-json\/wp\/v2\/media?parent=257"}],"wp:term":[{"taxonomy":"product_brand","embeddable":true,"href":"https:\/\/www.aryabikini.com\/de\/wp-json\/wp\/v2\/product_brand?post=257"},{"taxonomy":"product_cat","embeddable":true,"href":"https:\/\/www.aryabikini.com\/de\/wp-json\/wp\/v2\/product_cat?post=257"},{"taxonomy":"product_tag","embeddable":true,"href":"https:\/\/www.aryabikini.com\/de\/wp-json\/wp\/v2\/product_tag?post=257"}],"curies":[{"name":"wp","href":"https:\/\/api.w.org\/{rel}","templated":true}]}}