{"id":245,"date":"2022-08-08T14:24:02","date_gmt":"2022-08-08T12:24:02","guid":{"rendered":"https:\/\/www.aryabikini.com\/?post_type=product&#038;p=245"},"modified":"2024-08-26T20:55:54","modified_gmt":"2024-08-26T18:55:54","slug":"waist-trimmer","status":"publish","type":"product","link":"https:\/\/www.aryabikini.com\/de\/produkt\/taillenschneider\/","title":{"rendered":"Fitness G\u00fcrtel - Arya"},"content":{"rendered":"<p>Z\u00f6gern Sie nicht und bestellen Sie jetzt. Ein Fitnessg\u00fcrtel ist ein wirklich guter Einstieg in die Nutzung von Fitnessger\u00e4ten.<\/p>\n<p>Maximieren Sie Ihr Training mit einem hochwirksamen G\u00fcrtelspanner. Arya Fitnessg\u00fcrtel wurde aus hochwertigen Materialien entwickelt, um Haltbarkeit und Unterst\u00fctzung f\u00fcr die kommenden Jahre zu bieten. Aber das ist nicht der einzige Vorteil.<\/p>\n<p>Seien Sie spielerisch und verwenden Sie diesen Taillentrainer auf die kreativste und gesundheitsf\u00f6rderndste Weise. Probieren Sie verschiedene Arten von \u00dcbungen aus und lassen Sie uns wissen, welche Sie am meisten lieben. Sie k\u00f6nnen diesen Fitnessg\u00fcrtel \u00fcberall hin mitnehmen. Es wird helfen, jede \u00dcbung viel effektiver zu machen.<\/p>\n<p class=\"translation-block\">Wenn Ihnen dieses Produkt gef\u00e4llt, vergessen Sie nicht, sich die Arya-Fitnesskollektion anzusehen. Wir empfehlen Ihnen besonders, sich diese Premium-Kristallwasserflasche anzusehen.<\/p>","protected":false},"excerpt":{"rendered":"<p>Der Fitnessg\u00fcrtel ist unser Fitness-Tool, das Sie um Ihre Taille tragen sollten, damit Ihre Taille definierter aussieht. Es kann in verschiedenen \u00dcbungen und Trainings eingesetzt werden. Unser Fitnessg\u00fcrtel besteht aus hochwertigem, strapazierf\u00e4higem Material.<\/p>","protected":false},"featured_media":1576,"comment_status":"open","ping_status":"closed","template":"","meta":{"_acf_changed":false},"product_brand":[],"product_cat":[32,101,24,38],"product_tag":[],"class_list":{"0":"post-245","1":"product","2":"type-product","3":"status-publish","4":"has-post-thumbnail","6":"product_cat-arya-accessories","7":"product_cat-bestsellers","8":"product_cat-recommended-products","9":"product_cat-gym-belt","10":"tm-no-options","12":"first","13":"instock","14":"sale","15":"shipping-taxable","16":"purchasable","17":"product-type-variable","18":"has-default-attributes"},"acf":[],"jetpack_sharing_enabled":true,"_links":{"self":[{"href":"https:\/\/www.aryabikini.com\/de\/wp-json\/wp\/v2\/product\/245","targetHints":{"allow":["GET"]}}],"collection":[{"href":"https:\/\/www.aryabikini.com\/de\/wp-json\/wp\/v2\/product"}],"about":[{"href":"https:\/\/www.aryabikini.com\/de\/wp-json\/wp\/v2\/types\/product"}],"replies":[{"embeddable":true,"href":"https:\/\/www.aryabikini.com\/de\/wp-json\/wp\/v2\/comments?post=245"}],"wp:featuredmedia":[{"embeddable":true,"href":"https:\/\/www.aryabikini.com\/de\/wp-json\/wp\/v2\/media\/1576"}],"wp:attachment":[{"href":"https:\/\/www.aryabikini.com\/de\/wp-json\/wp\/v2\/media?parent=245"}],"wp:term":[{"taxonomy":"product_brand","embeddable":true,"href":"https:\/\/www.aryabikini.com\/de\/wp-json\/wp\/v2\/product_brand?post=245"},{"taxonomy":"product_cat","embeddable":true,"href":"https:\/\/www.aryabikini.com\/de\/wp-json\/wp\/v2\/product_cat?post=245"},{"taxonomy":"product_tag","embeddable":true,"href":"https:\/\/www.aryabikini.com\/de\/wp-json\/wp\/v2\/product_tag?post=245"}],"curies":[{"name":"wp","href":"https:\/\/api.w.org\/{rel}","templated":true}]}}