{"id":237,"date":"2022-08-07T21:13:17","date_gmt":"2022-08-07T19:13:17","guid":{"rendered":"https:\/\/www.aryabikini.com\/?post_type=product&#038;p=237"},"modified":"2024-08-26T20:56:04","modified_gmt":"2024-08-26T18:56:04","slug":"competition-robe-merlot-wine-arya","status":"publish","type":"product","link":"https:\/\/www.aryabikini.com\/de\/produkt\/wettbewerb-robe-merlot-wein-arya\/","title":{"rendered":"Wettbewerb Luxus-Bademantel - Merlotwein"},"content":{"rendered":"<p>Wir bieten eine breite Palette von <a href=\"https:\/\/www.aryabikini.com\/de\/product-category\/arya-accessories\/competition-robe\/\">Wettkampf-Bikini-M\u00e4ntel<\/a> denn wir m\u00f6chten sicherstellen, dass Sie bei Arya Ihren bevorzugten Stil und Ihre bevorzugte Farbe finden. Diese Robe ist definitiv etwas, das Sie auf Ihrem Weg zum Erfolg brauchen werden.<\/p>\n<p>Hautfreundliches Material, das angenehm zu tragen ist ? Das ist unsere Backstage-Robe aus Satin. \u00c4u\u00dferst praktisch und n\u00fctzlich - Roben wurden geschaffen, um Ihnen zu helfen, wohin Sie auch gehen. Wir empfehlen Ihnen, Ihre Arya Robe vor und nach dem Auftragen von Fake-Tan mitzunehmen. Es ist gut, etwas Leichtes dabei zu haben, bis die Br\u00e4une getrocknet ist. Sie k\u00f6nnen ihn auch beim Schminken oder Frisieren tragen - er ist ein multifunktionaler Helfer. Bei Arya k\u00f6nnen Sie Sets aus Roben und Sommerbikinis zusammenstellen, die zueinander passen. Eine Backstage-Robe aus Satin ist Ihr n\u00e4chstes Must-have. Roben sind dank ihres Glanzes und ihrer Funken ein tolles St\u00fcck. Die Merlot Wine-Wettkampfrobe wird mit der Steinchen-Stickerei zu einem echten Hingucker.<\/p>\n<p>Was kann noch hinzugef\u00fcgt werden? Bikini-Wettkampfroben sind einfach perfekt. Und mit diesem Stickservice sind sie besser als je zuvor.<\/p>","protected":false},"excerpt":{"rendered":"<p class=\"p1\">Die Satin-Robe Arya ist der letzte Teil Ihres gesamten Bikini-Fitness-Outfits. Mischen Sie es mit unserem Arya-Bikini, um einzigartige Kombinationen und Stile zu kreieren. Sie werden es nicht bereuen, dieses Kleid gekauft zu haben, auch wenn Sie es woanders als f\u00fcr einen Wettbewerb tragen m\u00f6chten.<\/p>","protected":false},"featured_media":1428,"comment_status":"open","ping_status":"closed","template":"","meta":{"_acf_changed":false},"product_brand":[],"product_cat":[41,32],"product_tag":[],"class_list":{"0":"post-237","1":"product","2":"type-product","3":"status-publish","4":"has-post-thumbnail","6":"product_cat-competition-robe","7":"product_cat-arya-accessories","8":"tm-has-options","10":"first","11":"instock","12":"shipping-taxable","13":"purchasable","14":"product-type-variable","15":"has-default-attributes"},"acf":[],"jetpack_sharing_enabled":true,"_links":{"self":[{"href":"https:\/\/www.aryabikini.com\/de\/wp-json\/wp\/v2\/product\/237","targetHints":{"allow":["GET"]}}],"collection":[{"href":"https:\/\/www.aryabikini.com\/de\/wp-json\/wp\/v2\/product"}],"about":[{"href":"https:\/\/www.aryabikini.com\/de\/wp-json\/wp\/v2\/types\/product"}],"replies":[{"embeddable":true,"href":"https:\/\/www.aryabikini.com\/de\/wp-json\/wp\/v2\/comments?post=237"}],"wp:featuredmedia":[{"embeddable":true,"href":"https:\/\/www.aryabikini.com\/de\/wp-json\/wp\/v2\/media\/1428"}],"wp:attachment":[{"href":"https:\/\/www.aryabikini.com\/de\/wp-json\/wp\/v2\/media?parent=237"}],"wp:term":[{"taxonomy":"product_brand","embeddable":true,"href":"https:\/\/www.aryabikini.com\/de\/wp-json\/wp\/v2\/product_brand?post=237"},{"taxonomy":"product_cat","embeddable":true,"href":"https:\/\/www.aryabikini.com\/de\/wp-json\/wp\/v2\/product_cat?post=237"},{"taxonomy":"product_tag","embeddable":true,"href":"https:\/\/www.aryabikini.com\/de\/wp-json\/wp\/v2\/product_tag?post=237"}],"curies":[{"name":"wp","href":"https:\/\/api.w.org\/{rel}","templated":true}]}}