{"id":1847,"date":"2022-09-19T18:14:06","date_gmt":"2022-09-19T16:14:06","guid":{"rendered":"https:\/\/www.aryabikini.com\/?post_type=product&#038;p=1847"},"modified":"2024-08-29T17:58:25","modified_gmt":"2024-08-29T15:58:25","slug":"posing-heels-jasmine","status":"publish","type":"product","link":"https:\/\/www.aryabikini.com\/de\/produkt\/posing-heels-jasmine\/","title":{"rendered":"Posierende Fersen - Jasmine"},"content":{"rendered":"<p>Bikini-Wettkampf-Heels f\u00fcr Bikini-Fitness-Wettk\u00e4mpfe, die gemacht wurden, um Ihre Pr\u00e4sentation zum Vergn\u00fcgen zu machen.<\/p>\n<p class=\"translation-block\">W\u00e4hlen Sie aus einer gro\u00dfen Auswahl an B\u00fchnenabs\u00e4tzen, die Ihren \u00e4sthetischen Auftritt und Ihre Pose erg\u00e4nzen. Diese Wettkampf-Bikini-Heels sind eines unserer Lieblingsst\u00fccke aus der gesamten Arya Bikini Fitness-Kollektion. Erstens sehen sie einfach wundersch\u00f6n aus und sind mit Kristallen geschm\u00fcckt, die Ihrem Stil entsprechen m\u00fcssen. Zweitens sind sie dank der kleinen Samtfl\u00e4che der Innensohle angenehm zu tragen. Nicht zuletzt sind sie elegant und luxuri\u00f6s, und Sie k\u00f6nnen sie problemlos mit jedem Arya-Accessoire kombinieren.<\/p>\n<p>Gehen Sie mit Anmut auf die B\u00fchne! Unsere Wettkampf-Bikini-Heels sehen mehr aus als perfekt zu gehen, zu posieren, zu stehen und einfach alles zu tun, was von Ihnen verlangt wird. Durchsichtige Vinyl-Abs\u00e4tze sind ein Muss f\u00fcr alle Wettkampfsaisons. Vervollst\u00e4ndigen Sie Ihren Look von Kopf bis Fu\u00df. Cinderella Heels sind perfekt in Kombination mit unseren Bikini Fitness Bikinis. Diese Kombinationen sollten zusammen sein. Wie gesagt, Abs\u00e4tze sehen beim Gehen wundersch\u00f6n aus. Sie sind elegant und hell zugleich. Damit ziehen Sie \u00fcberall die Blicke auf sich \u2013 wie Cinderella selbst.<\/p>\n<p>Ein letzter wichtiger Haftungsausschluss: Bitte seien Sie freundlich und lesen Sie die Wettbewerbsregeln bez\u00fcglich Ihrer Kategorie und Bikini-Heels, bevor Sie Posing-Heels bestellen. Denken Sie daran, dass die Regeln zwischen verschiedenen Verb\u00e4nden und m\u00f6glicherweise Kategorien variieren. Es ist wichtig, alles vor der Bestellung zu \u00fcberpr\u00fcfen. Bevor Sie Ihre gesamte Bestellung abschlie\u00dfen, vergewissern Sie sich bitte, dass Ihre die richtige Gr\u00f6\u00dfe, den richtigen Stil und vor allem die Absatzh\u00f6he hat. \u00dcberpr\u00fcfen Sie unsere Gr\u00f6\u00dfentabelle f\u00fcr die Gr\u00f6\u00dfenumrechnung.<\/p>","protected":false},"excerpt":{"rendered":"<p>Arya-Heels werden f\u00fcr jeden Fitness- oder Bikini-Fitness-Wettkampf empfohlen. Diese Abs\u00e4tze erf\u00fcllen alle wichtigen Kriterien und sind nach den Regeln von Fitness-Wettk\u00e4mpfen konzipiert.<\/p>","protected":false},"featured_media":1827,"comment_status":"open","ping_status":"closed","template":"","meta":{"_acf_changed":false},"product_brand":[],"product_cat":[39,101],"product_tag":[],"class_list":{"0":"post-1847","1":"product","2":"type-product","3":"status-publish","4":"has-post-thumbnail","6":"product_cat-posing-heels","7":"product_cat-bestsellers","8":"tm-no-options","10":"first","11":"instock","12":"shipping-taxable","13":"purchasable","14":"product-type-variable"},"acf":[],"jetpack_sharing_enabled":true,"_links":{"self":[{"href":"https:\/\/www.aryabikini.com\/de\/wp-json\/wp\/v2\/product\/1847","targetHints":{"allow":["GET"]}}],"collection":[{"href":"https:\/\/www.aryabikini.com\/de\/wp-json\/wp\/v2\/product"}],"about":[{"href":"https:\/\/www.aryabikini.com\/de\/wp-json\/wp\/v2\/types\/product"}],"replies":[{"embeddable":true,"href":"https:\/\/www.aryabikini.com\/de\/wp-json\/wp\/v2\/comments?post=1847"}],"wp:featuredmedia":[{"embeddable":true,"href":"https:\/\/www.aryabikini.com\/de\/wp-json\/wp\/v2\/media\/1827"}],"wp:attachment":[{"href":"https:\/\/www.aryabikini.com\/de\/wp-json\/wp\/v2\/media?parent=1847"}],"wp:term":[{"taxonomy":"product_brand","embeddable":true,"href":"https:\/\/www.aryabikini.com\/de\/wp-json\/wp\/v2\/product_brand?post=1847"},{"taxonomy":"product_cat","embeddable":true,"href":"https:\/\/www.aryabikini.com\/de\/wp-json\/wp\/v2\/product_cat?post=1847"},{"taxonomy":"product_tag","embeddable":true,"href":"https:\/\/www.aryabikini.com\/de\/wp-json\/wp\/v2\/product_tag?post=1847"}],"curies":[{"name":"wp","href":"https:\/\/api.w.org\/{rel}","templated":true}]}}