{"id":1816,"date":"2022-09-14T06:44:29","date_gmt":"2022-09-14T04:44:29","guid":{"rendered":"https:\/\/www.aryabikini.com\/?post_type=product&#038;p=1816"},"modified":"2024-08-29T17:58:57","modified_gmt":"2024-08-29T15:58:57","slug":"luxury-box","status":"publish","type":"product","link":"https:\/\/www.aryabikini.com\/de\/produkt\/luxus-box\/","title":{"rendered":"Luxus-Box"},"content":{"rendered":"<p>Bei der Vorbereitung auf eine Bikini-Fitnessshow ben\u00f6tigen Sie eine Reihe spezifischer Accessoires, um erfolgreich zu sein. In dieser Arya-Box finden Sie alles, was Sie brauchen. Von den Essentials, ohne die Sie nicht mithalten k\u00f6nnen, bis hin zu den kleinsten Details wie unseren majest\u00e4tischen Accessoires und Wimpern.<\/p>\n<p>Einer der Vorteile von Arya Fitnessboxen ist die freie Wahl. Es spielt keine Rolle, in welcher Kategorie Sie teilnehmen, denn wir haben eine L\u00f6sung f\u00fcr Sie. W\u00e4hlen Sie einfach eine Kategorie und haben Sie Spa\u00df. Sie k\u00f6nnen kreativ sein und die Box mit Produkten f\u00fcllen, die von Kopf bis Fu\u00df zusammenpassen, oder Sie k\u00f6nnen verspielter sein und verschiedene Farbvariationen w\u00e4hlen.<\/p>\n<p class=\"translation-block\">Wenn Sie weitere Informationen \u00fcber Fitnessbikinis sehen m\u00f6chten, klicken Sie hier, um mehr zu erfahren. Die Arya Fitnessbox ist das g\u00fcnstigste Produkt.<\/p>","protected":false},"excerpt":{"rendered":"<p>Erstellen Sie die beste individuelle Fitnessbox aller Zeiten. W\u00e4hlen Sie unten aus einer Vielzahl von Optionen und erhalten Sie die besten Artikel zum besten Preis.<\/p>","protected":false},"featured_media":1842,"comment_status":"open","ping_status":"closed","template":"","meta":{"_acf_changed":false},"product_brand":[],"product_cat":[31,101,44],"product_tag":[],"class_list":{"0":"post-1816","1":"product","2":"type-product","3":"status-publish","4":"has-post-thumbnail","6":"product_cat-arya-box","7":"product_cat-bestsellers","8":"product_cat-luxury-box","9":"tm-has-options","11":"first","12":"instock","13":"shipping-taxable","14":"purchasable","15":"product-type-simple"},"acf":[],"jetpack_sharing_enabled":true,"_links":{"self":[{"href":"https:\/\/www.aryabikini.com\/de\/wp-json\/wp\/v2\/product\/1816","targetHints":{"allow":["GET"]}}],"collection":[{"href":"https:\/\/www.aryabikini.com\/de\/wp-json\/wp\/v2\/product"}],"about":[{"href":"https:\/\/www.aryabikini.com\/de\/wp-json\/wp\/v2\/types\/product"}],"replies":[{"embeddable":true,"href":"https:\/\/www.aryabikini.com\/de\/wp-json\/wp\/v2\/comments?post=1816"}],"wp:featuredmedia":[{"embeddable":true,"href":"https:\/\/www.aryabikini.com\/de\/wp-json\/wp\/v2\/media\/1842"}],"wp:attachment":[{"href":"https:\/\/www.aryabikini.com\/de\/wp-json\/wp\/v2\/media?parent=1816"}],"wp:term":[{"taxonomy":"product_brand","embeddable":true,"href":"https:\/\/www.aryabikini.com\/de\/wp-json\/wp\/v2\/product_brand?post=1816"},{"taxonomy":"product_cat","embeddable":true,"href":"https:\/\/www.aryabikini.com\/de\/wp-json\/wp\/v2\/product_cat?post=1816"},{"taxonomy":"product_tag","embeddable":true,"href":"https:\/\/www.aryabikini.com\/de\/wp-json\/wp\/v2\/product_tag?post=1816"}],"curies":[{"name":"wp","href":"https:\/\/api.w.org\/{rel}","templated":true}]}}