{"id":1696,"date":"2022-09-12T14:03:33","date_gmt":"2022-09-12T12:03:33","guid":{"rendered":"https:\/\/www.aryabikini.com\/?post_type=product&#038;p=1696"},"modified":"2024-08-29T17:59:31","modified_gmt":"2024-08-29T15:59:31","slug":"competition-bikini-raspberry-lemonade-fitmodel","status":"publish","type":"product","link":"https:\/\/www.aryabikini.com\/de\/produkt\/wettbewerb-bikini-himbeer-limonade-fitmodel\/","title":{"rendered":"Wettkampf-Bikini - Himbeerlimonade - FitModel"},"content":{"rendered":"<p class=\"translation-block\">Der FitModel-Bikini ist einer unserer wundersch\u00f6nen einteiligen Bikinis, die wir f\u00fcr IFBB-Wettk\u00e4mpfe in der Kategorie Fit-Model herstellen. Es ist handgefertigt aus hochwertigem, flexiblem Samt mit Pl\u00fcsch als sch\u00f6nem Finish. Durch diese Soft-Touch-Ausr\u00fcstung entsteht ein angenehm zu tragendes, sehr anschmiegsames und durch den kurzen Faserflor dennoch gl\u00e4nzendes Produkt. Wir arbeiten haupts\u00e4chlich mit Samt von h\u00f6chster Qualit\u00e4t, was einen luxuri\u00f6sen Look erzeugt. Dies ist der perfekte FitModel-Bikini, nach dem Sie gesucht haben. Vergessen Sie nicht, dass wir Bikinis f\u00fcr Wettkampfposen f\u00fcr fast jede IFBB-Kategorie herstellen. Abschlie\u00dfend m\u00f6chten wir betonen, dass Qualit\u00e4t unsere Priorit\u00e4t ist.<\/p>\n<p class=\"p1\">Bikini-Material: 95 % Polyester, 5 % Elasthan<\/p>\n<p class=\"p1\">Kristallmaterial: (Kristall, lose Steine), Form: rund, Technik: Hot-fix<\/p>\n<p class=\"p1\">Wir befestigen alle Kristalle und Steine \u200b\u200bmit professionellem Textilkleber an FitModel Bikinis.<\/p>\n<p class=\"p1 translation-block\">Wir pr\u00fcfen jeden Kristall und Stein sorgf\u00e4ltig, bevor wir ihn am Bikini anbringen. Auch Wettkampfbikinis werden im Herzen Europas in sorgf\u00e4ltiger Handarbeit gefertigt. Wir befestigen jeden Kristall von Hand an Ihrem einzigartigen Bikini. Wir arbeiten mit Kristallen in allen Farben. Unsere Steine \u200b\u200bhaben eine runde Form, da diese Form unserer pers\u00f6nlichen Erfahrung nach der besten Wahl f\u00fcr jeden Wettkampfbikini ist. Wir bem\u00fchen uns, allen unseren Kunden Bikinis mit perfekter Pose zur Verf\u00fcgung zu stellen. Der Arya Competition FitModel-Bikini ist einer von einer Million. Um unsere gesamte erstaunliche Sammlung zu sehen, klicken Sie hier. Unsere Kollektion ist nicht nur sch\u00f6n, sondern passt auch perfekt zu Ihrem K\u00f6rper.<\/p>\n<p class=\"p1\"><span class=\"Apple-converted-space\">Wenn Sie unseren Bikini Arya bestellen m\u00f6chten, senden Sie uns bitte auch Ihre pers\u00f6nlichen Ma\u00dfe. Wir k\u00f6nnen pr\u00fcfen, ob Sie die richtige Gr\u00f6\u00dfe entsprechend Ihrer k\u00f6rperlichen Verfassung w\u00e4hlen. Bitte f\u00fcllen Sie das Feld \u201eIhre Ma\u00dfe\u201c aus.<\/span><\/p>","protected":false},"excerpt":{"rendered":"<p>FitModel bikini is one of our beautiful one-piece bikinis which we make for IFBB competitions in the Fit-Model category. It is hand made from highest quality stretchy velvet with plush like final touch. This soft-to-touch finish create product that is comfortable for wearing, very snugly and still shiny thanks to its short fibre piles. We [&hellip;]<\/p>\n","protected":false},"featured_media":1745,"comment_status":"open","ping_status":"closed","template":"","meta":{"_acf_changed":false},"product_brand":[],"product_cat":[25,28],"product_tag":[],"class_list":{"0":"post-1696","1":"product","2":"type-product","3":"status-publish","4":"has-post-thumbnail","6":"product_cat-competition-bikini","7":"product_cat-fitmodel","8":"tm-has-options","10":"first","11":"instock","12":"shipping-taxable","13":"purchasable","14":"product-type-simple"},"acf":[],"jetpack_sharing_enabled":true,"_links":{"self":[{"href":"https:\/\/www.aryabikini.com\/de\/wp-json\/wp\/v2\/product\/1696","targetHints":{"allow":["GET"]}}],"collection":[{"href":"https:\/\/www.aryabikini.com\/de\/wp-json\/wp\/v2\/product"}],"about":[{"href":"https:\/\/www.aryabikini.com\/de\/wp-json\/wp\/v2\/types\/product"}],"replies":[{"embeddable":true,"href":"https:\/\/www.aryabikini.com\/de\/wp-json\/wp\/v2\/comments?post=1696"}],"wp:featuredmedia":[{"embeddable":true,"href":"https:\/\/www.aryabikini.com\/de\/wp-json\/wp\/v2\/media\/1745"}],"wp:attachment":[{"href":"https:\/\/www.aryabikini.com\/de\/wp-json\/wp\/v2\/media?parent=1696"}],"wp:term":[{"taxonomy":"product_brand","embeddable":true,"href":"https:\/\/www.aryabikini.com\/de\/wp-json\/wp\/v2\/product_brand?post=1696"},{"taxonomy":"product_cat","embeddable":true,"href":"https:\/\/www.aryabikini.com\/de\/wp-json\/wp\/v2\/product_cat?post=1696"},{"taxonomy":"product_tag","embeddable":true,"href":"https:\/\/www.aryabikini.com\/de\/wp-json\/wp\/v2\/product_tag?post=1696"}],"curies":[{"name":"wp","href":"https:\/\/api.w.org\/{rel}","templated":true}]}}