{"id":1692,"date":"2022-09-12T11:46:17","date_gmt":"2022-09-12T09:46:17","guid":{"rendered":"https:\/\/www.aryabikini.com\/?post_type=product&#038;p=1692"},"modified":"2024-08-29T17:59:47","modified_gmt":"2024-08-29T15:59:47","slug":"classic-box","status":"publish","type":"product","link":"https:\/\/www.aryabikini.com\/de\/produkt\/classic-box\/","title":{"rendered":"Klassische Box"},"content":{"rendered":"<p>Wenn Sie sich auf eine Bikini-Fitness-Show vorbereiten, ben\u00f6tigen Sie eine Reihe von spezifischen <span class=\"jsx-3852835299 diff-chunk diff-chunk-inserted diff-chunk-modified active\">Zubeh\u00f6r<\/span> um erfolgreich zu sein. In dieser Box finden Sie fast alles davon. Von der Grundausstattung, ohne die Sie nicht teilnehmen k\u00f6nnen, bis hin zu den kleinsten Details wie unseren majest\u00e4tischen Accessoires und Wimpern.<\/p>\n<p>Einer der Vorteile von Arya Fitnessboxen ist die freie Wahl. Es spielt keine Rolle, in welcher Kategorie Sie teilnehmen, denn wir haben eine L\u00f6sung f\u00fcr Sie. W\u00e4hlen Sie einfach eine Kategorie und haben Sie Spa\u00df. Sie k\u00f6nnen kreativ sein und die Box mit Produkten f\u00fcllen, die von Kopf bis Fu\u00df zusammenpassen, oder Sie k\u00f6nnen verspielter sein und verschiedene Farbvariationen w\u00e4hlen.<\/p>\n<p class=\"translation-block\">Wenn Sie weitere Informationen \u00fcber Fitnessbikinis sehen m\u00f6chten, klicken Sie hier, um mehr zu erfahren. Die Arya Fitnessbox ist das g\u00fcnstigste Produkt.<\/p>","protected":false},"excerpt":{"rendered":"<p>Erstellen Sie die beste individuelle Fitnessbox aller Zeiten. W\u00e4hlen Sie unten aus einer Vielzahl von Optionen und erhalten Sie die besten Artikel zum besten Preis.<\/p>","protected":false},"featured_media":1838,"comment_status":"open","ping_status":"closed","template":"","meta":{"_acf_changed":false},"product_brand":[],"product_cat":[31,43],"product_tag":[],"class_list":{"0":"post-1692","1":"product","2":"type-product","3":"status-publish","4":"has-post-thumbnail","6":"product_cat-arya-box","7":"product_cat-classic-box","8":"tm-has-options","10":"first","11":"instock","12":"shipping-taxable","13":"purchasable","14":"product-type-simple"},"acf":[],"jetpack_sharing_enabled":true,"_links":{"self":[{"href":"https:\/\/www.aryabikini.com\/de\/wp-json\/wp\/v2\/product\/1692","targetHints":{"allow":["GET"]}}],"collection":[{"href":"https:\/\/www.aryabikini.com\/de\/wp-json\/wp\/v2\/product"}],"about":[{"href":"https:\/\/www.aryabikini.com\/de\/wp-json\/wp\/v2\/types\/product"}],"replies":[{"embeddable":true,"href":"https:\/\/www.aryabikini.com\/de\/wp-json\/wp\/v2\/comments?post=1692"}],"wp:featuredmedia":[{"embeddable":true,"href":"https:\/\/www.aryabikini.com\/de\/wp-json\/wp\/v2\/media\/1838"}],"wp:attachment":[{"href":"https:\/\/www.aryabikini.com\/de\/wp-json\/wp\/v2\/media?parent=1692"}],"wp:term":[{"taxonomy":"product_brand","embeddable":true,"href":"https:\/\/www.aryabikini.com\/de\/wp-json\/wp\/v2\/product_brand?post=1692"},{"taxonomy":"product_cat","embeddable":true,"href":"https:\/\/www.aryabikini.com\/de\/wp-json\/wp\/v2\/product_cat?post=1692"},{"taxonomy":"product_tag","embeddable":true,"href":"https:\/\/www.aryabikini.com\/de\/wp-json\/wp\/v2\/product_tag?post=1692"}],"curies":[{"name":"wp","href":"https:\/\/api.w.org\/{rel}","templated":true}]}}